{"id":41181,"date":"2023-02-06T09:55:27","date_gmt":"2023-02-06T02:55:27","guid":{"rendered":"https:\/\/mouldking.store\/shop\/pantasy-86230-old-computer-with-3000-pieces\/"},"modified":"2023-02-06T09:55:27","modified_gmt":"2023-02-06T02:55:27","slug":"pantasy-86230-old-computer-with-3000-pieces","status":"publish","type":"product","link":"https:\/\/mouldking.store\/hu\/shop\/pantasy-86230-old-computer-with-3000-pieces\/","title":{"rendered":"Pantasy 86230 r\u00e9gi sz\u00e1m\u00edt\u00f3g\u00e9p 3000 darabbal"},"content":{"rendered":"<div>\u2705 PANTASY 86230 r\u00e9gi sz\u00e1m\u00edt\u00f3g\u00e9p<br \/>&nbsp;<br \/>\u2705Az Old Computer filmes \u00e9s telev\u00edzi\u00f3s j\u00e1t\u00e9ksorozatok \u00e9p\u00edt\u0151k\u00f6ve. A t\u00e9glaalap\u00fa j\u00e1t\u00e9kok korszak\u00e1hoz tartozik, amely az 1970-es \u00e9vekt\u0151l az 1990-es \u00e9vek elej\u00e9ig tart.<br \/>&nbsp;<br \/>\ud83d\udeab FONTOS!&nbsp;<br \/>&nbsp;<br \/>Term\u00e9k neve: R\u00e9gi sz\u00e1m\u00edt\u00f3g\u00e9p<br \/>&nbsp;<br \/>Kateg\u00f3ria: Alkot\u00f3&nbsp;<br \/>&nbsp;<br \/>A k\u00e9szlet tartalma: PANTASY 86230<br \/>&nbsp;<br \/>3000db j\u00f3 min\u0151s\u00e9g\u0171 t\u00e9gla&nbsp;<br \/>&nbsp;<br \/>M\u00e9rete: 18,9 \u00d7 20 \u00d7 24 cm<br \/>&nbsp;<br \/>K\u00e9zi utas\u00edt\u00e1sok&nbsp;<br \/>&nbsp;<br \/>\ud83d\udcccA f\u0151szerepl\u0151 term\u00e9szete&nbsp;<br \/>&nbsp;<br \/>Bemutatjuk b\u00fcszke \u201eOld Computer\u201d nev\u0171 kollekci\u00f3nkat, amit nem szabad kihagyni.&nbsp;<br \/>&nbsp;<br \/>Az Old Computer a filmes \u00e9s telev\u00edzi\u00f3s j\u00e1t\u00e9ksorozat \u00e9p\u00edt\u0151elem-k\u00e9szlet\u00e9nek egyik eleme, amely az \u00f6nz\u00e1r\u00f3 t\u00e9gl\u00e1k kateg\u00f3ri\u00e1j\u00e1ba tartozik. El\u0151sz\u00f6r 2023-ban adt\u00e1k ki. Az Old Computer egy 3 C tan\u00fas\u00edtv\u00e1nnyal rendelkez\u0151 term\u00e9k, amelynek alapanyaga a m\u0171anyag, a m\u0171anyag pedig az ABS.<\/div>","protected":false},"excerpt":{"rendered":"<p>M\u00e1rka: Pantasy<br \/>\nNem: Uniszex<br \/>\nKoroszt\u00e1ly: &gt; 6 \u00e9v<br \/>\nModellsz\u00e1m: 86230<br \/>\nBesorol\u00e1s: \u00d6sszeszerel\u00e9s<br \/>\nM\u0171anyag blokk forma: \u00f6nz\u00e1r\u00f3 t\u00e9gla<br \/>\nAnyaga: M\u0171anyag<br \/>\nM\u0171anyag t\u00edpus: ABS<br \/>\nT\u00e9gla T\u00e9gla: 3000+<br \/>\nA darabok v\u00e1ltozhatnak<\/p>","protected":false},"featured_media":41179,"comment_status":"open","ping_status":"closed","template":"","meta":{"_acf_changed":false},"product_cat":[1365,371],"product_tag":[11224,11072,8452],"class_list":["product","first","instock","shipping-taxable","purchasable","product-type-simple"],"acf":[],"_links":{"self":[{"href":"https:\/\/mouldking.store\/hu\/wp-json\/wp\/v2\/product\/41181","targetHints":{"allow":["GET"]}}],"collection":[{"href":"https:\/\/mouldking.store\/hu\/wp-json\/wp\/v2\/product"}],"about":[{"href":"https:\/\/mouldking.store\/hu\/wp-json\/wp\/v2\/types\/product"}],"replies":[{"embeddable":true,"href":"https:\/\/mouldking.store\/hu\/wp-json\/wp\/v2\/comments?post=41181"}],"wp:featuredmedia":[{"embeddable":true,"href":"https:\/\/mouldking.store\/hu\/wp-json\/wp\/v2\/media\/41179"}],"wp:attachment":[{"href":"https:\/\/mouldking.store\/hu\/wp-json\/wp\/v2\/media?parent=41181"}],"wp:term":[{"taxonomy":"product_cat","embeddable":true,"href":"https:\/\/mouldking.store\/hu\/wp-json\/wp\/v2\/product_cat?post=41181"},{"taxonomy":"product_tag","embeddable":true,"href":"https:\/\/mouldking.store\/hu\/wp-json\/wp\/v2\/product_tag?post=41181"}],"curies":[{"name":"wp","href":"https:\/\/api.w.org\/{rel}","templated":true}]}}