{"id":41190,"date":"2023-02-06T10:14:00","date_gmt":"2023-02-06T03:14:00","guid":{"rendered":"https:\/\/mouldking.store\/shop\/loz-1051-dream-castle-with-5427-pieces\/"},"modified":"2023-02-06T10:14:00","modified_gmt":"2023-02-06T03:14:00","slug":"loz-1051-dream-castle-with-5427-pieces","status":"publish","type":"product","link":"https:\/\/mouldking.store\/hu\/shop\/loz-1051-dream-castle-with-5427-pieces\/","title":{"rendered":"LOZ 1051 \u00c1lomv\u00e1r 5427 darabbal"},"content":{"rendered":"<div>\u2705 LOZ 1051 \u00c1lomv\u00e1r<br \/>&nbsp;<br \/>\u2705Az \u00c1lomv\u00e1r a vil\u00e1g egyik legegyedibb \u00e9p\u00edt\u0151elem-k\u00e9szlete. 5427 darabb\u00f3l \u00e1ll, k\u00fcl\u00f6nb\u00f6z\u0151 form\u00e1kkal, sz\u00ednekkel \u00e9s funkci\u00f3kkal. A k\u00e9szlet kombin\u00e1l\u00e1s\u00e1val k\u00fcl\u00f6nf\u00e9le \u00f6tletes jeleneteket hozhat l\u00e9tre, bele\u00e9rtve a h\u00e1zat, a vid\u00e1mparkot vagy a mes\u00e9ket.<br \/>&nbsp;<br \/>\ud83d\udeab FONTOS!&nbsp;<\/p>\n<p>Term\u00e9k neve: \u00c1lomv\u00e1r<\/p>\n<p>Kateg\u00f3ria: Alkot\u00f3&nbsp;<br \/>&nbsp;<br \/>A k\u00e9szlet tartalma: LOZ 1051<br \/>&nbsp;<br \/>5427 db J\u00f3 min\u0151s\u00e9g\u0171 t\u00e9gla&nbsp;<br \/>&nbsp;<br \/>M\u00e9rete: 41,5 \u00d7 23,5 \u00d7 56 cm&nbsp;<br \/>&nbsp;<br \/>K\u00e9zi utas\u00edt\u00e1sok&nbsp;<br \/>&nbsp;<br \/>\ud83d\udcccA f\u0151szerepl\u0151 term\u00e9szete&nbsp;<br \/>&nbsp;<br \/>Bemutatjuk b\u00fcszke kollekci\u00f3nkat, az \u201e\u00c1lomv\u00e1r\u201d-t, amit \u00e9rdemes kihagyni.&nbsp;<br \/>&nbsp;<br \/>Az \u00c1lomkast\u00e9ly egy olyan j\u00e1t\u00e9k, amely a sz\u00fcl\u0151knek \u00e9s a gyerekeknek sz\u00f3l, egy hely, ahol tal\u00e1lkozhatnak, \u00e9s megalkothatj\u00e1k saj\u00e1t t\u00f6rt\u00e9net\u00fcket. A gyermek sz\u00e1m\u00e1ra ez egy var\u00e1zslatos sz\u00f3rakoz\u00e1si vil\u00e1g, \u00e1llatfigur\u00e1kkal \u00e9s kieg\u00e9sz\u00edt\u0151kkel. Kiv\u00e1l\u00f3 lehet\u0151s\u00e9g a sz\u00fcl\u0151-gyerek interakci\u00f3ra is, \u00f3r\u00e1kon \u00e1t lek\u00f6ti a gyermek figyelm\u00e9t.<\/div>","protected":false},"excerpt":{"rendered":"<p>M\u00e1rka: LOZ<br \/>\nNem: Uniszex<br \/>\nKoroszt\u00e1ly: &gt; 6 \u00e9v<br \/>\nModellsz\u00e1m: 1051<br \/>\nBesorol\u00e1s: \u00d6sszeszerel\u00e9s<br \/>\nM\u0171anyag blokk forma: \u00f6nz\u00e1r\u00f3 t\u00e9gla<br \/>\nAnyaga: M\u0171anyag<br \/>\nM\u0171anyag t\u00edpus: ABS<br \/>\nT\u00e9gla T\u00e9gla: 5427 +<br \/>\nNincs doboz<\/p>","protected":false},"featured_media":41183,"comment_status":"open","ping_status":"closed","template":"","meta":{"_acf_changed":false},"product_cat":[1365,1395,371,390],"product_tag":[787,11072,8452,2722,392],"class_list":["product","first","instock","shipping-taxable","purchasable","product-type-simple"],"acf":[],"_links":{"self":[{"href":"https:\/\/mouldking.store\/hu\/wp-json\/wp\/v2\/product\/41190","targetHints":{"allow":["GET"]}}],"collection":[{"href":"https:\/\/mouldking.store\/hu\/wp-json\/wp\/v2\/product"}],"about":[{"href":"https:\/\/mouldking.store\/hu\/wp-json\/wp\/v2\/types\/product"}],"replies":[{"embeddable":true,"href":"https:\/\/mouldking.store\/hu\/wp-json\/wp\/v2\/comments?post=41190"}],"wp:featuredmedia":[{"embeddable":true,"href":"https:\/\/mouldking.store\/hu\/wp-json\/wp\/v2\/media\/41183"}],"wp:attachment":[{"href":"https:\/\/mouldking.store\/hu\/wp-json\/wp\/v2\/media?parent=41190"}],"wp:term":[{"taxonomy":"product_cat","embeddable":true,"href":"https:\/\/mouldking.store\/hu\/wp-json\/wp\/v2\/product_cat?post=41190"},{"taxonomy":"product_tag","embeddable":true,"href":"https:\/\/mouldking.store\/hu\/wp-json\/wp\/v2\/product_tag?post=41190"}],"curies":[{"name":"wp","href":"https:\/\/api.w.org\/{rel}","templated":true}]}}