{"id":41205,"date":"2023-02-06T11:11:19","date_gmt":"2023-02-06T04:11:19","guid":{"rendered":"https:\/\/mouldking.store\/shop\/moc-factory-89487-ireland-st-patricks-cathedral-medieval-castle-with-59878-pieces\/"},"modified":"2025-12-16T22:25:22","modified_gmt":"2025-12-16T15:25:22","slug":"moc-factory-89487-ireland-st-patricks-cathedral-medieval-castle-with-59878-pieces","status":"publish","type":"product","link":"https:\/\/mouldking.store\/hu\/shop\/moc-factory-89487-ireland-st-patricks-cathedral-medieval-castle-with-59878-pieces\/","title":{"rendered":"MOC Factory 89487 \u00cdrorsz\u00e1g St. Patrick&#039;s Cathedral K\u00f6z\u00e9pkori kast\u00e9ly 59878 darabbal"},"content":{"rendered":"<div>\u2705 MOC-89487 \u00cdrorsz\u00e1g Szent Patrik sz\u00e9kesegyh\u00e1z k\u00f6z\u00e9pkori v\u00e1ra<\/p>\n<p>\u2705 Az \u00edrorsz\u00e1gi Szent Patrik katedr\u00e1lis egy k\u00f6z\u00e9pkori templom az \u00edrorsz\u00e1gi Dublinban. Ez a legnagyobb templom \u00cdrorsz\u00e1gban, \u00e9s az 1300-as \u00e9vekben \u00e9p\u00fclt egy kor\u00e1bbi templom hely\u00e9n, amelyet \u00fagy v\u00e9ltek, hogy Szent Patrik, \u00cdrorsz\u00e1g v\u00e9d\u0151szentje alap\u00edtott. A katedr\u00e1lisnak hossz\u00fa \u00e9s gazdag t\u00f6rt\u00e9nete van, bele\u00e9rtve azt az id\u0151szakot is, amikor az \u00cdr Egyh\u00e1z sz\u00e9khelyek\u00e9nt szolg\u00e1lt. A k\u00f6z\u00e9pkorban a katedr\u00e1list v\u00e9delmi \u00e9p\u00edtm\u00e9nyk\u00e9nt er\u0151s\u00edtett\u00e9k meg, \u00e9s kast\u00e9lyk\u00e9nt szolg\u00e1lt. A Szent Patrik-sz\u00e9kesegyh\u00e1z a k\u00f6z\u00e9pkori \u00e9p\u00edt\u00e9szet fontos p\u00e9ld\u00e1ja, \u00e9s az \u00e9vsz\u00e1zadok sor\u00e1n alaposan fel\u00faj\u00edtott\u00e1k. Ma n\u00e9pszer\u0171 turisztikai c\u00e9lpont \u00e9s jelent\u0151s kultur\u00e1lis \u00e9s t\u00f6rt\u00e9nelmi m\u00e9rf\u00f6ldk\u0151 az \u00edrorsz\u00e1gi Dublinban.<\/p>\n<p>\ud83d\udeab FONTOS!<\/p>\n<p>Term\u00e9k neve: \u00cdrorsz\u00e1g Szent Patrik sz\u00e9kesegyh\u00e1z k\u00f6z\u00e9pkori v\u00e1ra<\/p>\n<p>Kateg\u00f3ria: Modul\u00e1ris \u00e9p\u00fclet<\/p>\n<p>A k\u00e9szlet tartalma: MOC-89487<\/p>\n<p>59878 db J\u00f3 min\u0151s\u00e9g\u0171 t\u00e9gla<\/p>\n<p>S\u00faly: 50 kg<\/p>\n<p>PDF \u00datmutat\u00f3<\/p>\n<p>\ud83d\udcccA f\u0151szerepl\u0151 term\u00e9szete<\/p>\n<p>Bemutatjuk b\u00fcszke kollekci\u00f3nkat, az &quot;\u00cdrorsz\u00e1gi Szent Patrik sz\u00e9kesegyh\u00e1z k\u00f6z\u00e9pkori kast\u00e9ly\u00e1t&quot;, amelyet nem szabad kihagyni.<\/p>\n<p>A term\u00e9ket \u00fagy tervezt\u00e9k, hogy a lehet\u0151 legval\u00f3s\u00e1gh\u0171bb legyen, \u00e9s az \u00e9p\u00edt\u00e9si \u00e9lm\u00e9nyt \u00fagy m\u00f3dos\u00edtott\u00e1k, hogy t\u00f6k\u00e9letes legyen j\u00e1t\u00e9knak, \u00e9s k\u00f6nnyen helyre\u00e1ll\u00edthat\u00f3 legyen. A sz\u00edns\u00e9ma egyedi \u00e9s leny\u0171g\u00f6z\u0151 megjelen\u00edt\u00e9st biztos\u00edt, de sz\u00f3rakoztat\u00f3v\u00e1 teszi az \u00e9p\u00edt\u00e9st.<\/p><\/div>","protected":false},"excerpt":{"rendered":"<p>M\u00e1rka: MOC Factory<br \/>\nNem: Uniszex<br \/>\nKoroszt\u00e1ly: &gt; 12 \u00e9ves<br \/>\nModellsz\u00e1m: 89487<br \/>\nBesorol\u00e1s: \u00d6sszeszerel\u00e9s<br \/>\nM\u0171anyag blokk forma: \u00f6nz\u00e1r\u00f3 t\u00e9gla<br \/>\nAnyaga: M\u0171anyag<br \/>\nM\u0171anyag t\u00edpus: ABS<br \/>\nT\u00e9gla T\u00e9gla: 59878 +<br \/>\nRendel\u00e9si id\u0151: 4-8 h\u00e9t<\/p>","protected":false},"featured_media":41200,"comment_status":"open","ping_status":"closed","template":"","meta":{"_acf_changed":false},"product_cat":[1395,390],"product_tag":[727,787,4883,11225,5644,392],"class_list":["product","first","instock","shipping-taxable","purchasable","product-type-simple"],"acf":[],"_links":{"self":[{"href":"https:\/\/mouldking.store\/hu\/wp-json\/wp\/v2\/product\/41205","targetHints":{"allow":["GET"]}}],"collection":[{"href":"https:\/\/mouldking.store\/hu\/wp-json\/wp\/v2\/product"}],"about":[{"href":"https:\/\/mouldking.store\/hu\/wp-json\/wp\/v2\/types\/product"}],"replies":[{"embeddable":true,"href":"https:\/\/mouldking.store\/hu\/wp-json\/wp\/v2\/comments?post=41205"}],"wp:featuredmedia":[{"embeddable":true,"href":"https:\/\/mouldking.store\/hu\/wp-json\/wp\/v2\/media\/41200"}],"wp:attachment":[{"href":"https:\/\/mouldking.store\/hu\/wp-json\/wp\/v2\/media?parent=41205"}],"wp:term":[{"taxonomy":"product_cat","embeddable":true,"href":"https:\/\/mouldking.store\/hu\/wp-json\/wp\/v2\/product_cat?post=41205"},{"taxonomy":"product_tag","embeddable":true,"href":"https:\/\/mouldking.store\/hu\/wp-json\/wp\/v2\/product_tag?post=41205"}],"curies":[{"name":"wp","href":"https:\/\/api.w.org\/{rel}","templated":true}]}}