{"id":41217,"date":"2023-02-06T11:28:16","date_gmt":"2023-02-06T04:28:16","guid":{"rendered":"https:\/\/mouldking.store\/shop\/moc-factory-39493-btr-82a-apc-model-with-798-pieces\/"},"modified":"2025-12-16T22:25:22","modified_gmt":"2025-12-16T15:25:22","slug":"moc-factory-39493-btr-82a-apc-model-with-798-pieces","status":"publish","type":"product","link":"https:\/\/mouldking.store\/hu\/shop\/moc-factory-39493-btr-82a-apc-model-with-798-pieces\/","title":{"rendered":"MOC Factory 39493 BTR-82A | APC Model with 798 Pieces"},"content":{"rendered":"<div>\u2705 MOC-39493 BTR-82A | APC Model<\/p>\n<p>\u2705The BTR-82A is an Armoured Personnel Carrier (APC) model developed by the Russian company Kurganmashzavod. It is a modernized version of the BTR-80 APC, which is a widely used vehicle in the Russian military. The BTR-82A is equipped with a number of advanced features, including a new generation of armor, a more powerful engine, and improved fire control and communications systems. The vehicle is designed to transport infantry soldiers and their equipment to the battlefield, provide fire support, and carry out other mission-specific tasks.<\/p>\n<p>\ud83d\udeab FONTOS!<\/p>\n<p>Product Name: BTR-82A | APC Model<\/p>\n<p>Kateg\u00f3ria: Katonai<\/p>\n<p>This Kit Contains: MOC-39493<\/p>\n<p>798 pcs Good Quality Bricks<\/p>\n<p>S\u00faly: 800g<\/p>\n<p>PDF \u00datmutat\u00f3<\/p>\n<p>\ud83d\udcccA f\u0151szerepl\u0151 term\u00e9szete<\/p>\n<p>Introducing our proud collection named \u201cBTR-82A | APC Model\u201d you should not miss.<\/p>\n<p>A new and improved MOC 41968 Leopard 2 A7 MBT model that is a must-have for all military enthusiasts. Our modified version of the original design has realistic interior parts which are combined with unique design and color matching to create a superior product that can be used as an ornamental collectible.<\/p><\/div>","protected":false},"excerpt":{"rendered":"<p>M\u00e1rka: MOC Factory<br \/>\nNem: Uniszex<br \/>\nKoroszt\u00e1ly: &gt; 12 \u00e9ves<br \/>\nModel Number: 39493<br \/>\nBesorol\u00e1s: \u00d6sszeszerel\u00e9s<br \/>\nM\u0171anyag blokk forma: \u00f6nz\u00e1r\u00f3 t\u00e9gla<br \/>\nAnyaga: M\u0171anyag<br \/>\nM\u0171anyag t\u00edpus: ABS<br \/>\nBricks Blocks: 798 +<br \/>\nRendel\u00e9si id\u0151: 4-8 h\u00e9t<\/p>","protected":false},"featured_media":41212,"comment_status":"open","ping_status":"closed","template":"","meta":{"_acf_changed":false},"product_cat":[1350,1357,372,364],"product_tag":[11228,11227,374,485,389],"class_list":["product","first","instock","shipping-taxable","purchasable","product-type-simple"],"acf":[],"_links":{"self":[{"href":"https:\/\/mouldking.store\/hu\/wp-json\/wp\/v2\/product\/41217","targetHints":{"allow":["GET"]}}],"collection":[{"href":"https:\/\/mouldking.store\/hu\/wp-json\/wp\/v2\/product"}],"about":[{"href":"https:\/\/mouldking.store\/hu\/wp-json\/wp\/v2\/types\/product"}],"replies":[{"embeddable":true,"href":"https:\/\/mouldking.store\/hu\/wp-json\/wp\/v2\/comments?post=41217"}],"wp:featuredmedia":[{"embeddable":true,"href":"https:\/\/mouldking.store\/hu\/wp-json\/wp\/v2\/media\/41212"}],"wp:attachment":[{"href":"https:\/\/mouldking.store\/hu\/wp-json\/wp\/v2\/media?parent=41217"}],"wp:term":[{"taxonomy":"product_cat","embeddable":true,"href":"https:\/\/mouldking.store\/hu\/wp-json\/wp\/v2\/product_cat?post=41217"},{"taxonomy":"product_tag","embeddable":true,"href":"https:\/\/mouldking.store\/hu\/wp-json\/wp\/v2\/product_tag?post=41217"}],"curies":[{"name":"wp","href":"https:\/\/api.w.org\/{rel}","templated":true}]}}