{"id":41238,"date":"2023-02-06T12:04:08","date_gmt":"2023-02-06T05:04:08","guid":{"rendered":"https:\/\/mouldking.store\/shop\/moc-factory-89486-office-diorama-space-station-with-1969-pieces\/"},"modified":"2025-12-16T22:25:21","modified_gmt":"2025-12-16T15:25:21","slug":"moc-factory-89486-office-diorama-space-station-with-1969-pieces","status":"publish","type":"product","link":"https:\/\/mouldking.store\/hu\/shop\/moc-factory-89486-office-diorama-space-station-with-1969-pieces\/","title":{"rendered":"MOC Factory 89486 Office Diorama \u0170r\u00e1llom\u00e1s 1969 darabokkal"},"content":{"rendered":"<div>\u2705 MOC-89486 Office Diorama Space Station<\/p>\n<p>\u2705 Office Diorama Space Station is a great way to let kids live out their star wars fantasies. This kit contains over 1900 pieces so you can create an office diorama that is as detailed as the real thing.<\/p>\n<p>\ud83d\udeab FONTOS!<\/p>\n<p>Product Name: Office Diorama Space Station<\/p>\n<p>Kateg\u00f3ria: Star Wars<\/p>\n<p>This Kit Contains: MOC-89486<\/p>\n<p>1969 pcs Good Quality Bricks<\/p>\n<p>Size: 49.0cm x 24.5cm x 14.9cm<\/p>\n<p>PDF \u00datmutat\u00f3<\/p>\n<p>\ud83d\udcccA f\u0151szerepl\u0151 term\u00e9szete<\/p>\n<p>Introducing our proud collection named \u201cOffice Diorama Space Station\u201d you should not miss.<\/p>\n<p>An Office Diorama Space Station is a small-scale model of a space station that is designed for display in an office setting. It typically features a detailed replica of a space station, complete with astronauts, equipment, and other features that are representative of a real-life space station.<\/p><\/div>","protected":false},"excerpt":{"rendered":"<p>M\u00e1rka: MOC Factory<br \/>\nNem: Uniszex<br \/>\nKoroszt\u00e1ly: &gt; 12 \u00e9ves<br \/>\nModel Number: 89486<br \/>\nBesorol\u00e1s: \u00d6sszeszerel\u00e9s<br \/>\nM\u0171anyag blokk forma: \u00f6nz\u00e1r\u00f3 t\u00e9gla<br \/>\nAnyaga: M\u0171anyag<br \/>\nM\u0171anyag t\u00edpus: ABS<br \/>\nBricks Blocks: 1969 +<br \/>\nRendel\u00e9si id\u0151: 4-8 h\u00e9t<\/p>","protected":false},"featured_media":41236,"comment_status":"open","ping_status":"closed","template":"","meta":{"_acf_changed":false},"product_cat":[581,6016,415,1408],"product_tag":[434,10602,10659,2276,436,2309,11079],"class_list":["product","first","instock","shipping-taxable","purchasable","product-type-simple"],"acf":[],"_links":{"self":[{"href":"https:\/\/mouldking.store\/hu\/wp-json\/wp\/v2\/product\/41238","targetHints":{"allow":["GET"]}}],"collection":[{"href":"https:\/\/mouldking.store\/hu\/wp-json\/wp\/v2\/product"}],"about":[{"href":"https:\/\/mouldking.store\/hu\/wp-json\/wp\/v2\/types\/product"}],"replies":[{"embeddable":true,"href":"https:\/\/mouldking.store\/hu\/wp-json\/wp\/v2\/comments?post=41238"}],"wp:featuredmedia":[{"embeddable":true,"href":"https:\/\/mouldking.store\/hu\/wp-json\/wp\/v2\/media\/41236"}],"wp:attachment":[{"href":"https:\/\/mouldking.store\/hu\/wp-json\/wp\/v2\/media?parent=41238"}],"wp:term":[{"taxonomy":"product_cat","embeddable":true,"href":"https:\/\/mouldking.store\/hu\/wp-json\/wp\/v2\/product_cat?post=41238"},{"taxonomy":"product_tag","embeddable":true,"href":"https:\/\/mouldking.store\/hu\/wp-json\/wp\/v2\/product_tag?post=41238"}],"curies":[{"name":"wp","href":"https:\/\/api.w.org\/{rel}","templated":true}]}}