{"id":41241,"date":"2023-02-06T12:16:01","date_gmt":"2023-02-06T05:16:01","guid":{"rendered":"https:\/\/mouldking.store\/shop\/moc-factory-89485-diorama-duel-with-912-pieces\/"},"modified":"2025-12-16T22:25:21","modified_gmt":"2025-12-16T15:25:21","slug":"moc-factory-89485-diorama-duel-with-912-pieces","status":"publish","type":"product","link":"https:\/\/mouldking.store\/hu\/shop\/moc-factory-89485-diorama-duel-with-912-pieces\/","title":{"rendered":"MOC Factory 89485 Diorama P\u00e1rbaj 912 darabbal"},"content":{"rendered":"<div>\u2705 MOC-89485 Diorama Duel&nbsp;<\/p>\n<p>\u2705Diorama Duel is a new building block toy for star wars lovers! Diorama Duel is not only a building block toy, but also a game. The game can be played in many ways, such as self-created battles and competitions with friends.<\/p>\n<p>\ud83d\udeab FONTOS!<\/p>\n<p>Product Name: Diorama Duel&nbsp;<\/p>\n<p>Kateg\u00f3ria: Star Wars<\/p>\n<p>This Kit Contains: MOC-89485<\/p>\n<p>912 pcs Good Quality Bricks<\/p>\n<p>Size: 19 cm\/length 20 cm\/height 10 cm<\/p>\n<p>PDF \u00datmutat\u00f3<\/p>\n<p>\ud83d\udcccA f\u0151szerepl\u0151 term\u00e9szete<\/p>\n<p>Introducing our proud collection named \u201cDiorama Duel \u201d you should not miss.<\/p>\n<p>Diorama Duel is the most innovative brick-based toy for youngsters that we have seen in a long time. This building set will allow our children to create and display their own scenes, using the bricks included to build whatever they imagine.<\/p><\/div>","protected":false},"excerpt":{"rendered":"<p>M\u00e1rka: MOC Factory<br \/>\nNem: Uniszex<br \/>\nKoroszt\u00e1ly: &gt; 12 \u00e9ves<br \/>\nModel Number: 89485<br \/>\nBesorol\u00e1s: \u00d6sszeszerel\u00e9s<br \/>\nM\u0171anyag blokk forma: \u00f6nz\u00e1r\u00f3 t\u00e9gla<br \/>\nAnyaga: M\u0171anyag<br \/>\nM\u0171anyag t\u00edpus: ABS<br \/>\nBricks Blocks: 912 +<br \/>\nRendel\u00e9si id\u0151: 4-8 h\u00e9t<\/p>","protected":false},"author":83,"featured_media":41239,"comment_status":"open","ping_status":"closed","template":"","meta":{"_acf_changed":false},"product_cat":[581,415,1408],"product_tag":[8784,10646,434,10659,436,11079],"class_list":["product","first","instock","shipping-taxable","purchasable","product-type-simple"],"acf":[],"_links":{"self":[{"href":"https:\/\/mouldking.store\/hu\/wp-json\/wp\/v2\/product\/41241","targetHints":{"allow":["GET"]}}],"collection":[{"href":"https:\/\/mouldking.store\/hu\/wp-json\/wp\/v2\/product"}],"about":[{"href":"https:\/\/mouldking.store\/hu\/wp-json\/wp\/v2\/types\/product"}],"author":[{"embeddable":true,"href":"https:\/\/mouldking.store\/hu\/wp-json\/wp\/v2\/users\/83"}],"replies":[{"embeddable":true,"href":"https:\/\/mouldking.store\/hu\/wp-json\/wp\/v2\/comments?post=41241"}],"wp:featuredmedia":[{"embeddable":true,"href":"https:\/\/mouldking.store\/hu\/wp-json\/wp\/v2\/media\/41239"}],"wp:attachment":[{"href":"https:\/\/mouldking.store\/hu\/wp-json\/wp\/v2\/media?parent=41241"}],"wp:term":[{"taxonomy":"product_cat","embeddable":true,"href":"https:\/\/mouldking.store\/hu\/wp-json\/wp\/v2\/product_cat?post=41241"},{"taxonomy":"product_tag","embeddable":true,"href":"https:\/\/mouldking.store\/hu\/wp-json\/wp\/v2\/product_tag?post=41241"}],"curies":[{"name":"wp","href":"https:\/\/api.w.org\/{rel}","templated":true}]}}