{"id":41247,"date":"2023-02-06T12:34:42","date_gmt":"2023-02-06T05:34:42","guid":{"rendered":"https:\/\/mouldking.store\/shop\/moc-factory-89484-wide-west-saloon-the-castle-architecture-with-6481-pieces\/"},"modified":"2025-12-16T22:25:21","modified_gmt":"2025-12-16T15:25:21","slug":"moc-factory-89484-wide-west-saloon-the-castle-architecture-with-6481-pieces","status":"publish","type":"product","link":"https:\/\/mouldking.store\/hu\/shop\/moc-factory-89484-wide-west-saloon-the-castle-architecture-with-6481-pieces\/","title":{"rendered":"MOC Factory 89484 Wide West Saloon A kast\u00e9ly \u00e9p\u00edt\u00e9szete 6481 darabbal"},"content":{"rendered":"<div>\u2705 MOC-89484 Wide West Saloon The Castle Architecture<\/p>\n<p>\u2705 Az UCS Wide West Saloon egy modul\u00e1ris kast\u00e9ly\u00e9p\u00edt\u00e9szeti modell. A k\u00e9szlet \u00e9p\u00edt\u0151elemei az \u00f6sszes f\u0151bb t\u00e9glam\u00e1rk\u00e1val kompatibilisek, \u00e9s a t\u00e9glat\u00edpusok k\u00f6z\u00f6tt sz\u00e1mos sz\u00edn tal\u00e1lhat\u00f3, p\u00e9ld\u00e1ul barna, fekete, s\u00f6t\u00e9tk\u00e9k, vil\u00e1gosk\u00e9k \u00e9s narancs. Ezek a blokkok azok sz\u00e1m\u00e1ra fognak m\u0171k\u00f6dni, akik western sz\u00e9ri\u00e1s MOC-ot vagy country falu technol\u00f3giai t\u00e9gl\u00e1kat szeretn\u00e9nek \u00e9p\u00edteni!<\/p>\n<p>\ud83d\udeab FONTOS!<\/p>\n<p>Term\u00e9k neve: Wide West Saloon The Castle Architecture<\/p>\n<p>Kateg\u00f3ria: Modul\u00e1ris \u00e9p\u00fclet<\/p>\n<p>A k\u00e9szlet tartalma: MOC-89484<\/p>\n<p>6481 db J\u00f3 min\u0151s\u00e9g\u0171 t\u00e9gla<\/p>\n<p>PDF \u00datmutat\u00f3<\/p>\n<p>\ud83d\udcccA f\u0151szerepl\u0151 term\u00e9szete<\/p>\n<p>Bemutatjuk a \u201eWide West Saloon The Castle Architecture\u201d elnevez\u00e9s\u0171 b\u00fcszke kollekci\u00f3nkat, amit nem szabad kihagyni.<\/p>\n<p>UCS Wide West Saloon The Castle Architecture Western Series st\u00edlus\u00fa MOC blokkok k\u00e9szlete. Mindegyik tart\u00f3s, kiv\u00e1l\u00f3 min\u0151s\u00e9g\u0171 \u00e9s k\u00f6rnyezetbar\u00e1t ABS anyagb\u00f3l k\u00e9sz\u00fclt. Ugyanakkor k\u00f6nnyen \u00f6sszeszerelhet\u0151k, ami kar\u00e1csonyi (vagy m\u00e1s fesztiv\u00e1l) aj\u00e1nd\u00e9kk\u00e9nt is elk\u00e9sz\u00edthet\u0151 kicsiknek \u00e9s nagyoknak. Ezekkel a blokkokkal l\u00e9trehozhatja saj\u00e1t nyugati st\u00edlus\u00fa v\u00e1ros\u00e1t \u00e9s falvait.<\/p><\/div>","protected":false},"excerpt":{"rendered":"<p>M\u00e1rka: MOC Factory<br \/>\nNem: Uniszex<br \/>\nKoroszt\u00e1ly: &gt; 12 \u00e9ves<br \/>\nModellsz\u00e1m: 89484<br \/>\nBesorol\u00e1s: \u00d6sszeszerel\u00e9s<br \/>\nM\u0171anyag blokk forma: \u00f6nz\u00e1r\u00f3 t\u00e9gla<br \/>\nAnyaga: M\u0171anyag<br \/>\nM\u0171anyag t\u00edpus: ABS<br \/>\nT\u00e9gla T\u00e9gla: 6481 +<br \/>\nRendel\u00e9si id\u0151: 4-8 h\u00e9t<\/p>","protected":false},"featured_media":41242,"comment_status":"open","ping_status":"closed","template":"","meta":{"_acf_changed":false},"product_cat":[1395,390],"product_tag":[787,4883,11099,392,4093,6373,9100],"class_list":["product","first","instock","shipping-taxable","purchasable","product-type-simple"],"acf":[],"_links":{"self":[{"href":"https:\/\/mouldking.store\/hu\/wp-json\/wp\/v2\/product\/41247","targetHints":{"allow":["GET"]}}],"collection":[{"href":"https:\/\/mouldking.store\/hu\/wp-json\/wp\/v2\/product"}],"about":[{"href":"https:\/\/mouldking.store\/hu\/wp-json\/wp\/v2\/types\/product"}],"replies":[{"embeddable":true,"href":"https:\/\/mouldking.store\/hu\/wp-json\/wp\/v2\/comments?post=41247"}],"wp:featuredmedia":[{"embeddable":true,"href":"https:\/\/mouldking.store\/hu\/wp-json\/wp\/v2\/media\/41242"}],"wp:attachment":[{"href":"https:\/\/mouldking.store\/hu\/wp-json\/wp\/v2\/media?parent=41247"}],"wp:term":[{"taxonomy":"product_cat","embeddable":true,"href":"https:\/\/mouldking.store\/hu\/wp-json\/wp\/v2\/product_cat?post=41247"},{"taxonomy":"product_tag","embeddable":true,"href":"https:\/\/mouldking.store\/hu\/wp-json\/wp\/v2\/product_tag?post=41247"}],"curies":[{"name":"wp","href":"https:\/\/api.w.org\/{rel}","templated":true}]}}