{"id":41269,"date":"2023-02-07T10:00:58","date_gmt":"2023-02-07T03:00:58","guid":{"rendered":"https:\/\/mouldking.store\/shop\/sembo-612010-qee-doodle-bear-killer-47-with-88-pieces\/"},"modified":"2023-02-07T10:00:58","modified_gmt":"2023-02-07T03:00:58","slug":"sembo-612010-qee-doodle-bear-killer-47-with-88-pieces","status":"publish","type":"product","link":"https:\/\/mouldking.store\/hu\/shop\/sembo-612010-qee-doodle-bear-killer-47-with-88-pieces\/","title":{"rendered":"SEMBO 612010 Qee Doodle Bear: Killer 47 88 darabbal"},"content":{"rendered":"<div>\u2705 SEMBO 612010 Qee Doodle Bear: Killer 47<\/p>\n<p>\u2705A Qee Doodle Bear: Killer 47 (47-es \u00fcgyn\u00f6k) egy \u00e9p\u00edt\u0151elem-k\u00e9szlet, amely 88 k\u00fcl\u00f6nb\u00f6z\u0151 t\u00edpus\u00fa kock\u00e1t tartalmaz. Rengeteg \u00e9rdekes fegyvert \u00e9s p\u00f3zt tartalmaz a j\u00e1t\u00e9kosok sz\u00e1m\u00e1ra, hogy meg\u00e9p\u00edts\u00e9k saj\u00e1t b\u00e9rgyilkos j\u00e1t\u00e9kukat. 2023-ban jelenik meg.<\/p>\n<p>\ud83d\udeab FONTOS!<\/p>\n<p>Term\u00e9kn\u00e9v: Qee Doodle Bear: Killer 47<\/p>\n<p>Kateg\u00f3ria: Alkot\u00f3<\/p>\n<p>A k\u00e9szlet tartalma: SEMBO 612010<\/p>\n<p>88 db J\u00f3 min\u0151s\u00e9g\u0171 t\u00e9gla<\/p>\n<p>M\u00e9rete: 8,1 \u00d7 6,7 \u00d7 8 cm<\/p>\n<p>K\u00e9zi utas\u00edt\u00e1sok<\/p>\n<p>\ud83d\udcccA f\u0151szerepl\u0151 term\u00e9szete<\/p>\n<p>Bemutatjuk a \u201eQee Doodle Bear: Killer 47\u201d nev\u0171 b\u00fcszke kollekci\u00f3nkat, amelyet nem szabad kihagyni.<\/p>\n<p>A Qee Doodle Bear: Killer 47 egy kreat\u00edv \u00e9p\u00edt\u0151elem k\u00e9szlet Agent 47 form\u00e1j\u00e1val. A k\u00e9szlet 88 szabadon \u00f6sszerakhat\u00f3 \u00e9p\u00edt\u0151elem r\u00e9szecsk\u00e9t tartalmaz, melyeket k\u00fcl\u00f6nf\u00e9le st\u00edlusban \u00f6ssze\u00e1ll\u00edtva elk\u00e9sz\u00edtheted kedvenc Agent 47 figur\u00e1dat.<\/p><\/div>","protected":false},"excerpt":{"rendered":"<p>M\u00e1rka: SEMBO<br \/>\nNem: Uniszex<br \/>\nKoroszt\u00e1ly: &gt; 6 \u00e9v<br \/>\nModellsz\u00e1m: 612010<br \/>\nBesorol\u00e1s: \u00d6sszeszerel\u00e9s<br \/>\nM\u0171anyag blokk forma: \u00f6nz\u00e1r\u00f3 t\u00e9gla<br \/>\nAnyaga: M\u0171anyag<br \/>\nM\u0171anyag t\u00edpus: ABS<br \/>\nT\u00e9gla T\u00e9gla: 88+<br \/>\nEl\u0151\u00e9rt\u00e9kes\u00edt\u00e9s<\/p>","protected":false},"featured_media":41268,"comment_status":"open","ping_status":"closed","template":"","meta":{"_acf_changed":false},"product_cat":[1365,371],"product_tag":[2271,11072,8452,11235],"class_list":["product","first","instock","shipping-taxable","purchasable","product-type-simple"],"acf":[],"_links":{"self":[{"href":"https:\/\/mouldking.store\/hu\/wp-json\/wp\/v2\/product\/41269","targetHints":{"allow":["GET"]}}],"collection":[{"href":"https:\/\/mouldking.store\/hu\/wp-json\/wp\/v2\/product"}],"about":[{"href":"https:\/\/mouldking.store\/hu\/wp-json\/wp\/v2\/types\/product"}],"replies":[{"embeddable":true,"href":"https:\/\/mouldking.store\/hu\/wp-json\/wp\/v2\/comments?post=41269"}],"wp:featuredmedia":[{"embeddable":true,"href":"https:\/\/mouldking.store\/hu\/wp-json\/wp\/v2\/media\/41268"}],"wp:attachment":[{"href":"https:\/\/mouldking.store\/hu\/wp-json\/wp\/v2\/media?parent=41269"}],"wp:term":[{"taxonomy":"product_cat","embeddable":true,"href":"https:\/\/mouldking.store\/hu\/wp-json\/wp\/v2\/product_cat?post=41269"},{"taxonomy":"product_tag","embeddable":true,"href":"https:\/\/mouldking.store\/hu\/wp-json\/wp\/v2\/product_tag?post=41269"}],"curies":[{"name":"wp","href":"https:\/\/api.w.org\/{rel}","templated":true}]}}