{"id":41276,"date":"2023-02-07T11:13:03","date_gmt":"2023-02-07T04:13:03","guid":{"rendered":"https:\/\/mouldking.store\/shop\/moc-factory-34030-graf-zeppelin-with-8067-pieces\/"},"modified":"2025-12-16T22:25:21","modified_gmt":"2025-12-16T15:25:21","slug":"moc-factory-34030-graf-zeppelin-with-8067-pieces","status":"publish","type":"product","link":"https:\/\/mouldking.store\/hu\/shop\/moc-factory-34030-graf-zeppelin-with-8067-pieces\/","title":{"rendered":"MOC Factory 34030 Graf Zeppelin 8067 darabbal"},"content":{"rendered":"<div>\u2705 MOC-34030 Graf Zeppelin<\/p>\n<p>\u2705Graf Zeppelin was a German-built airship, named after the German naval officer Ferdinand von Zeppelin, that operated between 1928 and 1937. It was one of the largest and most famous airships of its time, and was widely used for passenger and commercial transportation, as well as for scientific and military purposes. The Graf Zeppelin was notable for its luxurious interiors, long-range capabilities, and advanced technology, and it remains an important part of aviation history.<\/p>\n<p>\ud83d\udeab FONTOS!<\/p>\n<p>Product Name: Graf Zeppelin<\/p>\n<p>Kateg\u00f3ria: M\u0171szaki<\/p>\n<p>This Kit Contains: MOC-34030<\/p>\n<p>8067pcs Good Quality Bricks<\/p>\n<p>Weight: 7500g<\/p>\n<p>PDF \u00datmutat\u00f3<\/p>\n<p>\ud83d\udcccA f\u0151szerepl\u0151 term\u00e9szete<\/p>\n<p>Introducing our proud collection named \u201cGraf Zeppelin\u201d you should not miss.<\/p>\n<p>The Graf Zeppelins building blocks set is the first choice for all your building block needs. The set includes three different types of pieces- standard, large, and small- for a fun time for any technic lover. The pieces are also color coordinated to help you enjoy yourself even more.<\/p><\/div>","protected":false},"excerpt":{"rendered":"<p>M\u00e1rka: MOC Factory<br \/>\nNem: Uniszex<br \/>\nKoroszt\u00e1ly: &gt; 12 \u00e9ves<br \/>\nModel Number: 34030<br \/>\nBesorol\u00e1s: \u00d6sszeszerel\u00e9s<br \/>\nM\u0171anyag blokk forma: \u00f6nz\u00e1r\u00f3 t\u00e9gla<br \/>\nAnyaga: M\u0171anyag<br \/>\nM\u0171anyag t\u00edpus: ABS<br \/>\nBricks Blocks: 8067 +<br \/>\nRendel\u00e9si id\u0151: 4-8 h\u00e9t<\/p>","protected":false},"featured_media":41270,"comment_status":"open","ping_status":"closed","template":"","meta":{"_acf_changed":false},"product_cat":[1357,364],"product_tag":[5271,6471,7373,11236,389,11080,11237],"class_list":["product","first","instock","shipping-taxable","purchasable","product-type-simple"],"acf":[],"_links":{"self":[{"href":"https:\/\/mouldking.store\/hu\/wp-json\/wp\/v2\/product\/41276","targetHints":{"allow":["GET"]}}],"collection":[{"href":"https:\/\/mouldking.store\/hu\/wp-json\/wp\/v2\/product"}],"about":[{"href":"https:\/\/mouldking.store\/hu\/wp-json\/wp\/v2\/types\/product"}],"replies":[{"embeddable":true,"href":"https:\/\/mouldking.store\/hu\/wp-json\/wp\/v2\/comments?post=41276"}],"wp:featuredmedia":[{"embeddable":true,"href":"https:\/\/mouldking.store\/hu\/wp-json\/wp\/v2\/media\/41270"}],"wp:attachment":[{"href":"https:\/\/mouldking.store\/hu\/wp-json\/wp\/v2\/media?parent=41276"}],"wp:term":[{"taxonomy":"product_cat","embeddable":true,"href":"https:\/\/mouldking.store\/hu\/wp-json\/wp\/v2\/product_cat?post=41276"},{"taxonomy":"product_tag","embeddable":true,"href":"https:\/\/mouldking.store\/hu\/wp-json\/wp\/v2\/product_tag?post=41276"}],"curies":[{"name":"wp","href":"https:\/\/api.w.org\/{rel}","templated":true}]}}