{"id":41283,"date":"2023-02-07T11:20:34","date_gmt":"2023-02-07T04:20:34","guid":{"rendered":"https:\/\/mouldking.store\/shop\/moc-factory-95452-rocinante-mid-scale-with-1930-pieces\/"},"modified":"2025-12-16T22:25:21","modified_gmt":"2025-12-16T15:25:21","slug":"moc-factory-95452-rocinante-mid-scale-with-1930-pieces","status":"publish","type":"product","link":"https:\/\/mouldking.store\/hu\/shop\/moc-factory-95452-rocinante-mid-scale-with-1930-pieces\/","title":{"rendered":"MOC Factory 95452 Rocinante k\u00f6zepes m\u00e9retar\u00e1ny\u00fa, 1930 darabos"},"content":{"rendered":"<div>\u2705 MOC-95452 Rocinante Mid Scale&nbsp;<\/p>\n<p>\u2705The Rocinante is the spaceship which was taken over by the protagonist, Jim Holden, in the first novel of The Expanse series. After a long and difficult journey, it becomes his home.<\/p>\n<p>\ud83d\udeab FONTOS!<\/p>\n<p>Product Name: Rocinante Mid Scale&nbsp;<\/p>\n<p>Kateg\u00f3ria: \u0170r<\/p>\n<p>This Kit Contains: MOC-95452<\/p>\n<p>1930pcs Good Quality Bricks<\/p>\n<p>Size:&nbsp; 52 cm<\/p>\n<p>PDF \u00datmutat\u00f3<\/p>\n<p>\ud83d\udcccA f\u0151szerepl\u0151 term\u00e9szete<\/p>\n<p>Introducing our proud collection named \u201cRocinante Mid Scale \u201d you should not miss.<\/p>\n<p>Rocinante is set in a fictional future but has realistic details. The building blocks are cost-effective and perfect and the model is filled with complete interior facilities, delicate details and parts which can be any color in the instructions. There are several pieces in the parts list which can be any color, in the instructions all these pieces are in light blue and the red, green, yellow and blue pieces are for orientation during the build.<\/p><\/div>","protected":false},"excerpt":{"rendered":"<p>M\u00e1rka: MOC Factory<br \/>\nNem: Uniszex<br \/>\nKoroszt\u00e1ly: &gt; 12 \u00e9ves<br \/>\nModel Number: 95452<br \/>\nBesorol\u00e1s: \u00d6sszeszerel\u00e9s<br \/>\nM\u0171anyag blokk forma: \u00f6nz\u00e1r\u00f3 t\u00e9gla<br \/>\nAnyaga: M\u0171anyag<br \/>\nM\u0171anyag t\u00edpus: ABS<br \/>\nBricks Blocks: 1930 +<br \/>\nRendel\u00e9si id\u0151: 4-8 h\u00e9t<\/p>","protected":false},"featured_media":41277,"comment_status":"open","ping_status":"closed","template":"","meta":{"_acf_changed":false},"product_cat":[1357,6016,364],"product_tag":[9339,9338,2276,11238,389],"class_list":["product","first","instock","shipping-taxable","purchasable","product-type-simple"],"acf":[],"_links":{"self":[{"href":"https:\/\/mouldking.store\/hu\/wp-json\/wp\/v2\/product\/41283","targetHints":{"allow":["GET"]}}],"collection":[{"href":"https:\/\/mouldking.store\/hu\/wp-json\/wp\/v2\/product"}],"about":[{"href":"https:\/\/mouldking.store\/hu\/wp-json\/wp\/v2\/types\/product"}],"replies":[{"embeddable":true,"href":"https:\/\/mouldking.store\/hu\/wp-json\/wp\/v2\/comments?post=41283"}],"wp:featuredmedia":[{"embeddable":true,"href":"https:\/\/mouldking.store\/hu\/wp-json\/wp\/v2\/media\/41277"}],"wp:attachment":[{"href":"https:\/\/mouldking.store\/hu\/wp-json\/wp\/v2\/media?parent=41283"}],"wp:term":[{"taxonomy":"product_cat","embeddable":true,"href":"https:\/\/mouldking.store\/hu\/wp-json\/wp\/v2\/product_cat?post=41283"},{"taxonomy":"product_tag","embeddable":true,"href":"https:\/\/mouldking.store\/hu\/wp-json\/wp\/v2\/product_tag?post=41283"}],"curies":[{"name":"wp","href":"https:\/\/api.w.org\/{rel}","templated":true}]}}