{"id":41300,"date":"2023-02-07T11:44:38","date_gmt":"2023-02-07T04:44:38","guid":{"rendered":"https:\/\/mouldking.store\/shop\/moc-factory-103088-museum-of-natural-history-with-2604-pieces\/"},"modified":"2025-12-16T22:25:21","modified_gmt":"2025-12-16T15:25:21","slug":"moc-factory-103088-museum-of-natural-history-with-2604-pieces","status":"publish","type":"product","link":"https:\/\/mouldking.store\/hu\/shop\/moc-factory-103088-museum-of-natural-history-with-2604-pieces\/","title":{"rendered":"MOC Factory 103088 Term\u00e9szettudom\u00e1nyi M\u00fazeum 2604 darabbal"},"content":{"rendered":"<div>\u2705 MOC-103088 Term\u00e9szettudom\u00e1nyi M\u00fazeum<\/p>\n<p>\u2705 Az American Museum of Natural History (AMNH) egy vil\u00e1gh\u00edr\u0171 tudom\u00e1nyos \u00e9s kultur\u00e1lis int\u00e9zm\u00e9ny, amely New Yorkban tal\u00e1lhat\u00f3. Az 1869-ben alap\u00edtott m\u00fazeum a vil\u00e1g egyik legnagyobb ilyen jelleg\u0171 m\u00fazeuma, t\u00f6bb mint 46 ki\u00e1ll\u00edt\u00f3teremmel, valamint t\u00f6bb mint 32 milli\u00f3 p\u00e9ld\u00e1nyb\u00f3l \u00e9s kultur\u00e1lis m\u0171t\u00e1rgyb\u00f3l \u00e1ll\u00f3 gy\u0171jtem\u00e9ny\u00e9vel. A m\u00fazeum gy\u0171jtem\u00e9nyei \u00e9s kutat\u00e1sai a t\u00e9m\u00e1k sz\u00e9les sk\u00e1l\u00e1j\u00e1t fedik le, bele\u00e9rtve az antropol\u00f3gi\u00e1t, a biol\u00f3gi\u00e1t.<\/p>\n<p>\ud83d\udeab FONTOS!<\/p>\n<p>Term\u00e9k neve: Term\u00e9szettudom\u00e1nyi M\u00fazeum<\/p>\n<p>Kateg\u00f3ria: Modul\u00e1ris \u00e9p\u00fclet<\/p>\n<p>A k\u00e9szlet tartalma: MOC-103088<\/p>\n<p>2604 db J\u00f3 min\u0151s\u00e9g\u0171 t\u00e9gla<\/p>\n<p>M\u00e9rete: 38,4 x 25,6 x 36 cm<\/p>\n<p>PDF \u00datmutat\u00f3<\/p>\n<p>\ud83d\udcccA f\u0151szerepl\u0151 term\u00e9szete<\/p>\n<p>Bemutatjuk b\u00fcszke kollekci\u00f3nkat, a &quot;Term\u00e9szettudom\u00e1nyi M\u00fazeumot&quot;, amit nem szabad kihagyni.<\/p>\n<p>A Term\u00e9szettudom\u00e1nyi M\u00fazeum \u00e9p\u00edt\u0151kock\u00e1i t\u00f6k\u00e9letes aj\u00e1nd\u00e9kok minden t\u00f6rekv\u0151 \u00e9p\u00edt\u00e9sznek, bels\u0151\u00e9p\u00edt\u00e9sznek vagy \u00e9p\u00edt\u0151munk\u00e1snak. Ezek a blokkok \u00f3r\u00e1kon \u00e1t sz\u00f3rakoz\u00e1st \u00e9s sz\u00f3rakoz\u00e1st, valamint oktat\u00e1si \u00e9rt\u00e9ket biztos\u00edtanak kiv\u00e1l\u00f3 min\u0151s\u00e9g\u0171 kialak\u00edt\u00e1suknak k\u00f6sz\u00f6nhet\u0151en. Ez a k\u00e9szlet egy \u00fatmutat\u00f3t tartalmaz, amely seg\u00edt meg\u00e9p\u00edteni \u00e1lmai m\u00fazeum\u00e1t A-t\u00f3l Z-ig, hogy szimul\u00e1lja az ilyen t\u00edpus\u00fa \u00e9p\u00fcletek tervez\u00e9s\u00e9nek \u00e9s \u00e9p\u00edt\u00e9s\u00e9nek val\u00f3s tapasztalatait.<\/p><\/div>","protected":false},"excerpt":{"rendered":"<p>M\u00e1rka: MOC Factory<br \/>\nNem: Uniszex<br \/>\nKoroszt\u00e1ly: &gt; 12 \u00e9ves<br \/>\nModellsz\u00e1m: 103088<br \/>\nBesorol\u00e1s: \u00d6sszeszerel\u00e9s<br \/>\nM\u0171anyag blokk forma: \u00f6nz\u00e1r\u00f3 t\u00e9gla<br \/>\nAnyaga: M\u0171anyag<br \/>\nM\u0171anyag t\u00edpus: ABS<br \/>\nT\u00e9gla T\u00e9gla: 2604 +<br \/>\nRendel\u00e9si id\u0151: 4-8 h\u00e9t<\/p>","protected":false},"featured_media":41296,"comment_status":"open","ping_status":"closed","template":"","meta":{"_acf_changed":false},"product_cat":[1395,390],"product_tag":[11244,4883,11243,5679,392,3244],"class_list":["product","first","instock","shipping-taxable","purchasable","product-type-simple"],"acf":[],"_links":{"self":[{"href":"https:\/\/mouldking.store\/hu\/wp-json\/wp\/v2\/product\/41300","targetHints":{"allow":["GET"]}}],"collection":[{"href":"https:\/\/mouldking.store\/hu\/wp-json\/wp\/v2\/product"}],"about":[{"href":"https:\/\/mouldking.store\/hu\/wp-json\/wp\/v2\/types\/product"}],"replies":[{"embeddable":true,"href":"https:\/\/mouldking.store\/hu\/wp-json\/wp\/v2\/comments?post=41300"}],"wp:featuredmedia":[{"embeddable":true,"href":"https:\/\/mouldking.store\/hu\/wp-json\/wp\/v2\/media\/41296"}],"wp:attachment":[{"href":"https:\/\/mouldking.store\/hu\/wp-json\/wp\/v2\/media?parent=41300"}],"wp:term":[{"taxonomy":"product_cat","embeddable":true,"href":"https:\/\/mouldking.store\/hu\/wp-json\/wp\/v2\/product_cat?post=41300"},{"taxonomy":"product_tag","embeddable":true,"href":"https:\/\/mouldking.store\/hu\/wp-json\/wp\/v2\/product_tag?post=41300"}],"curies":[{"name":"wp","href":"https:\/\/api.w.org\/{rel}","templated":true}]}}