{"id":41307,"date":"2023-02-07T12:00:25","date_gmt":"2023-02-07T05:00:25","guid":{"rendered":"https:\/\/mouldking.store\/shop\/moc-factory-82740-medieval-house-with-524-pieces\/"},"modified":"2025-12-16T22:25:21","modified_gmt":"2025-12-16T15:25:21","slug":"moc-factory-82740-medieval-house-with-524-pieces","status":"publish","type":"product","link":"https:\/\/mouldking.store\/hu\/shop\/moc-factory-82740-medieval-house-with-524-pieces\/","title":{"rendered":"MOC Factory 82740 K\u00f6z\u00e9pkori h\u00e1z 524 darabbal"},"content":{"rendered":"<div>\u2705 MOC-82740 K\u00f6z\u00e9pkori H\u00e1z<\/p>\n<p>\u2705 Ez a K\u00f6z\u00e9pkori H\u00e1z modellk\u00e9szlete, egy pr\u00e9mium min\u0151s\u00e9g\u0171 \u00e9p\u00edt\u0151elem k\u00e9szlet, amelyet an\u00e9lk\u00fcl szerelhet \u00f6ssze, hogy agg\u00f3dna a szagok \u00e9s a k\u00f6rnyezetbar\u00e1ts\u00e1g miatt. K\u00f6lts\u00e9ghat\u00e9kony \u00e9s t\u00f6k\u00e9letes, az \u00f6sszes k\u00edv\u00e1nt funkci\u00f3val.<\/p>\n<p>\ud83d\udeab FONTOS!<\/p>\n<p>Term\u00e9k neve: K\u00f6z\u00e9pkori h\u00e1z<\/p>\n<p>Kateg\u00f3ria: Modul\u00e1ris \u00e9p\u00fclet<\/p>\n<p>A k\u00e9szlet tartalma: MOC-82740<\/p>\n<p>524 db J\u00f3 min\u0151s\u00e9g\u0171 t\u00e9gla<\/p>\n<p>S\u00faly: 500g<\/p>\n<p>PDF \u00datmutat\u00f3<\/p>\n<p>\ud83d\udcccA f\u0151szerepl\u0151 term\u00e9szete<\/p>\n<p>Bemutatjuk a \u201eK\u00f6z\u00e9pkori H\u00e1z\u201d nev\u0171 b\u00fcszke kollekci\u00f3nkat, amit \u00e9rdemes kihagyni.<\/p>\n<p>A k\u00f6z\u00e9pkori h\u00e1z egy ikonikus k\u00f6z\u00e9pkori h\u00e1z reprodukci\u00f3ja. \u00dagy tervezt\u00e9k, hogy k\u00fcl\u00f6n\u00f6s figyelmet ford\u00edtson a hiteless\u00e9gre, de emellett a k\u00f6nny\u0171 \u00f6sszeszerel\u00e9sre \u00e9s a modern id\u0151kben val\u00f3 tart\u00f3ss\u00e1gra is. A modell r\u00e9szletgazdag bels\u0151vel rendelkezik, \u00edgy t\u00f6k\u00e9letes azok sz\u00e1m\u00e1ra, akik szeretik a modelleket \u00e9s az autentikus k\u00f6z\u00e9pkori hangulatot akarj\u00e1k.<\/p><\/div>","protected":false},"excerpt":{"rendered":"<p>M\u00e1rka: MOC Factory<br \/>\nNem: Uniszex<br \/>\nKoroszt\u00e1ly: &gt; 12 \u00e9ves<br \/>\nModellsz\u00e1m: 82740<br \/>\nBesorol\u00e1s: \u00d6sszeszerel\u00e9s<br \/>\nM\u0171anyag blokk forma: \u00f6nz\u00e1r\u00f3 t\u00e9gla<br \/>\nAnyaga: M\u0171anyag<br \/>\nM\u0171anyag t\u00edpus: ABS<br \/>\nT\u00e9gla blokkok: 524 +<br \/>\nRendel\u00e9si id\u0151: 4-8 h\u00e9t<\/p>","protected":false},"featured_media":41301,"comment_status":"open","ping_status":"closed","template":"","meta":{"_acf_changed":false},"product_cat":[1365,1395,371,390],"product_tag":[11072,8452,2318,11099,392],"class_list":["product","first","instock","shipping-taxable","purchasable","product-type-simple"],"acf":[],"_links":{"self":[{"href":"https:\/\/mouldking.store\/hu\/wp-json\/wp\/v2\/product\/41307","targetHints":{"allow":["GET"]}}],"collection":[{"href":"https:\/\/mouldking.store\/hu\/wp-json\/wp\/v2\/product"}],"about":[{"href":"https:\/\/mouldking.store\/hu\/wp-json\/wp\/v2\/types\/product"}],"replies":[{"embeddable":true,"href":"https:\/\/mouldking.store\/hu\/wp-json\/wp\/v2\/comments?post=41307"}],"wp:featuredmedia":[{"embeddable":true,"href":"https:\/\/mouldking.store\/hu\/wp-json\/wp\/v2\/media\/41301"}],"wp:attachment":[{"href":"https:\/\/mouldking.store\/hu\/wp-json\/wp\/v2\/media?parent=41307"}],"wp:term":[{"taxonomy":"product_cat","embeddable":true,"href":"https:\/\/mouldking.store\/hu\/wp-json\/wp\/v2\/product_cat?post=41307"},{"taxonomy":"product_tag","embeddable":true,"href":"https:\/\/mouldking.store\/hu\/wp-json\/wp\/v2\/product_tag?post=41307"}],"curies":[{"name":"wp","href":"https:\/\/api.w.org\/{rel}","templated":true}]}}