{"id":41320,"date":"2023-02-07T12:16:53","date_gmt":"2023-02-07T05:16:53","guid":{"rendered":"https:\/\/mouldking.store\/shop\/moc-factory-49304-rocinante-the-expanse-with-5351-pieces\/"},"modified":"2025-12-16T22:25:21","modified_gmt":"2025-12-16T15:25:21","slug":"moc-factory-49304-rocinante-the-expanse-with-5351-pieces","status":"publish","type":"product","link":"https:\/\/mouldking.store\/hu\/shop\/moc-factory-49304-rocinante-the-expanse-with-5351-pieces\/","title":{"rendered":"MOC Factory 49304 Rocinante \u2013 The Expanse 5351 darabbal"},"content":{"rendered":"<div>\u2705 MOC-49304 Rocinante &#8211; The Expanse<\/p>\n<p>\u2705 Rocinante is a fictional spaceship in the television series &#8220;The Expanse&#8221;. It is a Martian gunship that has been converted into a transport ship and serves as the primary setting for much of the series. The ship is captained by the main character, James Holden, and serves as the home and base of operations for his crew as they navigate the complex and dangerous political landscape of the future Solar System. The name &#8220;Rocinante&#8221; is a reference to Don Quixote&#8217;s horse in Miguel de Cervantes&#8217; novel &#8220;Don Quixote&#8221;.<\/p>\n<p>\ud83d\udeab FONTOS!<\/p>\n<p>Product Name: Rocinante &#8211; The Expanse<\/p>\n<p>Kateg\u00f3ria: \u0170r<\/p>\n<p>This Kit Contains: MOC-49304<\/p>\n<p>5351 pcs Good Quality Bricks<\/p>\n<p>Weight: 6000g<\/p>\n<p>PDF \u00datmutat\u00f3<\/p>\n<p>\ud83d\udcccA f\u0151szerepl\u0151 term\u00e9szete<\/p>\n<p>Introducing our proud collection named \u201cRocinante &#8211; The Expanse\u201d you should not miss.<\/p>\n<p>Rocinante is the spaceship in The Expanse. This model kit is made of high-quality, odorless and eco-friendly ABS material for a smooth hand feel and safe assembly. It&#8217;s cost-effective with complete perfection and simulation of the original design. The model is filled with complete interior facilities and delicate details to bring your dreams of outer space to life!<\/p>\n<\/div>","protected":false},"excerpt":{"rendered":"<p>M\u00e1rka: MOC Factory<br \/>\nNem: Uniszex<br \/>\nKoroszt\u00e1ly: &gt; 12 \u00e9ves<br \/>\nModel Number: 49304<br \/>\nBesorol\u00e1s: \u00d6sszeszerel\u00e9s<br \/>\nM\u0171anyag blokk forma: \u00f6nz\u00e1r\u00f3 t\u00e9gla<br \/>\nAnyaga: M\u0171anyag<br \/>\nM\u0171anyag t\u00edpus: ABS<br \/>\nBricks Blocks: 5351 +<br \/>\nRendel\u00e9si id\u0151: 4-8 h\u00e9t<\/p>","protected":false},"featured_media":41314,"comment_status":"open","ping_status":"closed","template":"","meta":{"_acf_changed":false},"product_cat":[1357,6016,364],"product_tag":[9338,2276,389],"class_list":["product","first","instock","shipping-taxable","purchasable","product-type-simple"],"acf":[],"_links":{"self":[{"href":"https:\/\/mouldking.store\/hu\/wp-json\/wp\/v2\/product\/41320","targetHints":{"allow":["GET"]}}],"collection":[{"href":"https:\/\/mouldking.store\/hu\/wp-json\/wp\/v2\/product"}],"about":[{"href":"https:\/\/mouldking.store\/hu\/wp-json\/wp\/v2\/types\/product"}],"replies":[{"embeddable":true,"href":"https:\/\/mouldking.store\/hu\/wp-json\/wp\/v2\/comments?post=41320"}],"wp:featuredmedia":[{"embeddable":true,"href":"https:\/\/mouldking.store\/hu\/wp-json\/wp\/v2\/media\/41314"}],"wp:attachment":[{"href":"https:\/\/mouldking.store\/hu\/wp-json\/wp\/v2\/media?parent=41320"}],"wp:term":[{"taxonomy":"product_cat","embeddable":true,"href":"https:\/\/mouldking.store\/hu\/wp-json\/wp\/v2\/product_cat?post=41320"},{"taxonomy":"product_tag","embeddable":true,"href":"https:\/\/mouldking.store\/hu\/wp-json\/wp\/v2\/product_tag?post=41320"}],"curies":[{"name":"wp","href":"https:\/\/api.w.org\/{rel}","templated":true}]}}