{"id":41340,"date":"2023-02-07T14:13:17","date_gmt":"2023-02-07T07:13:17","guid":{"rendered":"https:\/\/mouldking.store\/shop\/moc-factory-44705-swiss-mountain-chalet-with-3942-pieces\/"},"modified":"2025-12-16T22:25:21","modified_gmt":"2025-12-16T15:25:21","slug":"moc-factory-44705-swiss-mountain-chalet-with-3942-pieces","status":"publish","type":"product","link":"https:\/\/mouldking.store\/hu\/shop\/moc-factory-44705-swiss-mountain-chalet-with-3942-pieces\/","title":{"rendered":"MOC Factory 44705 sv\u00e1jci hegyi fah\u00e1z 3942 darabbal"},"content":{"rendered":"<div>\u2705 MOC-44705 Swiss Mountain Chalet<\/p>\n<p>\u2705Swiss Mountain Chalet is a module building blocks kit. The building blocks are made of premium quality, odorless and eco-friendly ABS material for smooth hand feel and safe assembly.<\/p>\n<p>\ud83d\udeab FONTOS!<\/p>\n<p>Product Name: Swiss Mountain Chalet<\/p>\n<p>Kateg\u00f3ria: Modul\u00e1ris \u00e9p\u00fclet<\/p>\n<p>This Kit Contains: MOC-44705<\/p>\n<p>3942 pcs Good Quality Bricks<\/p>\n<p>Weight: 4500g<\/p>\n<p>PDF \u00datmutat\u00f3<\/p>\n<p>\ud83d\udcccA f\u0151szerepl\u0151 term\u00e9szete<\/p>\n<p>Introducing our proud collection named \u201cSwiss Mountain Chalet\u201d you should not miss.<\/p>\n<p>The Swiss Mountain Chalet building blocks are a perfect toy for any building lover. They are eco-friendly and free from toxic materials that can harm children like lead and mercury, so they are a safe toy for your little one to play with. The building set is compatible with other brands of building blocks and comes in two-tone colors so you can mix and match them to create your own designs.<\/p><\/div>","protected":false},"excerpt":{"rendered":"<p>M\u00e1rka: MOC Factory<br \/>\nNem: Uniszex<br \/>\nKoroszt\u00e1ly: &gt; 12 \u00e9ves<br \/>\nModel Number: 44705<br \/>\nBesorol\u00e1s: \u00d6sszeszerel\u00e9s<br \/>\nM\u0171anyag blokk forma: \u00f6nz\u00e1r\u00f3 t\u00e9gla<br \/>\nAnyaga: M\u0171anyag<br \/>\nM\u0171anyag t\u00edpus: ABS<br \/>\nBricks Blocks: 3942 +<br \/>\nRendel\u00e9si id\u0151: 4-8 h\u00e9t<\/p>","protected":false},"featured_media":41334,"comment_status":"open","ping_status":"closed","template":"","meta":{"_acf_changed":false},"product_cat":[1395,390],"product_tag":[11248,4883,392,9602],"class_list":["product","first","instock","shipping-taxable","purchasable","product-type-simple"],"acf":[],"_links":{"self":[{"href":"https:\/\/mouldking.store\/hu\/wp-json\/wp\/v2\/product\/41340","targetHints":{"allow":["GET"]}}],"collection":[{"href":"https:\/\/mouldking.store\/hu\/wp-json\/wp\/v2\/product"}],"about":[{"href":"https:\/\/mouldking.store\/hu\/wp-json\/wp\/v2\/types\/product"}],"replies":[{"embeddable":true,"href":"https:\/\/mouldking.store\/hu\/wp-json\/wp\/v2\/comments?post=41340"}],"wp:featuredmedia":[{"embeddable":true,"href":"https:\/\/mouldking.store\/hu\/wp-json\/wp\/v2\/media\/41334"}],"wp:attachment":[{"href":"https:\/\/mouldking.store\/hu\/wp-json\/wp\/v2\/media?parent=41340"}],"wp:term":[{"taxonomy":"product_cat","embeddable":true,"href":"https:\/\/mouldking.store\/hu\/wp-json\/wp\/v2\/product_cat?post=41340"},{"taxonomy":"product_tag","embeddable":true,"href":"https:\/\/mouldking.store\/hu\/wp-json\/wp\/v2\/product_tag?post=41340"}],"curies":[{"name":"wp","href":"https:\/\/api.w.org\/{rel}","templated":true}]}}