{"id":41357,"date":"2023-02-08T09:56:56","date_gmt":"2023-02-08T02:56:56","guid":{"rendered":"https:\/\/mouldking.store\/shop\/reobrix-800-nuclear-submarine-with-1498-pieces\/"},"modified":"2023-03-08T10:36:48","modified_gmt":"2023-03-08T03:36:48","slug":"reobrix-800-nuclear-submarine-with-1498-pieces","status":"publish","type":"product","link":"https:\/\/mouldking.store\/hu\/shop\/reobrix-800-nuclear-submarine-with-1498-pieces\/","title":{"rendered":"REOBRIX 800 nukle\u00e1ris tengeralattj\u00e1r\u00f3 1498 darabbal"},"content":{"rendered":"<div>\u2705 Reobrix 800 Nuclear Submarine<\/p>\n<p>\u2705A nuclear submarine is a type of submarine that is powered by a nuclear reactor. Unlike conventional submarines that run on diesel-electric power, nuclear submarines can stay underwater for longer periods of time and do not require refueling. This makes them ideal for carrying out extended underwater missions, including intelligence gathering and long-range strategic deterrence. They are equipped with nuclear missiles and are considered a key part of many countries&#8217; military arsenals.<\/p>\n<p>\ud83d\udeab FONTOS!<\/p>\n<p>Product Name: Nuclear Submarine<\/p>\n<p>Kateg\u00f3ria: Katonai<\/p>\n<p>This Kit Contains: Reobrix 800<\/p>\n<p>1498 pcs Good Quality Bricks<\/p>\n<p>Size: 63 x 8 x 20 cm<\/p>\n<p>K\u00e9zi utas\u00edt\u00e1sok<\/p>\n<p>\ud83d\udcccA f\u0151szerepl\u0151 term\u00e9szete<\/p>\n<p>Introducing our proud collection named \u201cNuclear Submarine\u201d you should not miss.<\/p>\n<p>It&#8217;s a set of bricks which can be assembled into one any kind of military machine, such as fighter jet, seal, submarine. The material is ABS plastic which is safe and durable.<\/p><\/div>","protected":false},"excerpt":{"rendered":"<p>M\u00e1rka: REOBRIX<br \/>\nNem: Uniszex<br \/>\nKorhat\u00e1r: 14 \u00e9v felett<br \/>\nModel Number: 800<br \/>\nBesorol\u00e1s: \u00d6sszeszerel\u00e9s<br \/>\nM\u0171anyag blokk forma: \u00f6nz\u00e1r\u00f3 t\u00e9gla<br \/>\nAnyaga: M\u0171anyag<br \/>\nM\u0171anyag t\u00edpus: ABS<br \/>\nBricks Blocks: 1498 +<br \/>\nNincs doboz<\/p>","protected":false},"featured_media":41354,"comment_status":"open","ping_status":"closed","template":"","meta":{"_acf_changed":false},"product_cat":[1350,1357,372,364],"product_tag":[374,11251,11252,389],"class_list":["product","first","instock","shipping-taxable","purchasable","product-type-simple"],"acf":[],"_links":{"self":[{"href":"https:\/\/mouldking.store\/hu\/wp-json\/wp\/v2\/product\/41357","targetHints":{"allow":["GET"]}}],"collection":[{"href":"https:\/\/mouldking.store\/hu\/wp-json\/wp\/v2\/product"}],"about":[{"href":"https:\/\/mouldking.store\/hu\/wp-json\/wp\/v2\/types\/product"}],"replies":[{"embeddable":true,"href":"https:\/\/mouldking.store\/hu\/wp-json\/wp\/v2\/comments?post=41357"}],"wp:featuredmedia":[{"embeddable":true,"href":"https:\/\/mouldking.store\/hu\/wp-json\/wp\/v2\/media\/41354"}],"wp:attachment":[{"href":"https:\/\/mouldking.store\/hu\/wp-json\/wp\/v2\/media?parent=41357"}],"wp:term":[{"taxonomy":"product_cat","embeddable":true,"href":"https:\/\/mouldking.store\/hu\/wp-json\/wp\/v2\/product_cat?post=41357"},{"taxonomy":"product_tag","embeddable":true,"href":"https:\/\/mouldking.store\/hu\/wp-json\/wp\/v2\/product_tag?post=41357"}],"curies":[{"name":"wp","href":"https:\/\/api.w.org\/{rel}","templated":true}]}}