{"id":41360,"date":"2023-02-08T10:06:04","date_gmt":"2023-02-08T03:06:04","guid":{"rendered":"https:\/\/mouldking.store\/shop\/hsanhe-6366-lincoln-memorial-with-251-pieces\/"},"modified":"2023-03-08T10:40:17","modified_gmt":"2023-03-08T03:40:17","slug":"hsanhe-6366-lincoln-memorial-with-251-pieces","status":"publish","type":"product","link":"https:\/\/mouldking.store\/hu\/shop\/hsanhe-6366-lincoln-memorial-with-251-pieces\/","title":{"rendered":"HSANHE 6366 Lincoln Memorial 251 darabbal"},"content":{"rendered":"<div>\u2705 HSANHE 6366 Lincoln Memorial<\/p>\n<p>\u2705 A Lincoln Memorial egy nagy eml\u00e9km\u0171 az Egyes\u00fclt \u00c1llamokban, Washington DC-ben, amelyet Abraham Lincoln eln\u00f6knek szenteltek. Lincoln eln\u00f6ks\u00e9g\u00e9nek \u00e9s az Uni\u00f3 meg\u0151rz\u00e9s\u00e9ben az amerikai polg\u00e1rh\u00e1bor\u00fa sor\u00e1n bet\u00f6lt\u00f6tt szerep\u00e9nek eml\u00e9k\u00e9re \u00e9p\u00edtett\u00e9k. Az eml\u00e9km\u0171 g\u00f6r\u00f6g templom form\u00e1j\u00fa, \u00e9s benne Lincoln szobra l\u00e1that\u00f3, k\u00f6r\u00fclv\u00e9ve n\u00e9h\u00e1ny h\u00edres besz\u00e9d\u00e9nek \u00e9s nyilatkozat\u00e1nak felirataival. A Lincoln Memorial az Egyes\u00fclt \u00c1llamok egyik legikonikusabb terept\u00e1rgya, \u00e9s a nemzeti egys\u00e9g szimb\u00f3luma.<\/p>\n<p>\ud83d\udeab FONTOS!<\/p>\n<p>Term\u00e9k neve: Lincoln Memorial<\/p>\n<p>Kateg\u00f3ria: Modul\u00e1ris \u00e9p\u00fclet<\/p>\n<p>A k\u00e9szlet tartalma: HSANHE 6366<\/p>\n<p>251 db J\u00f3 min\u0151s\u00e9g\u0171 t\u00e9gla<\/p>\n<p>M\u00e9rete: 12,8 \u00d7 9,6 \u00d7 7,1 cm<\/p>\n<p>K\u00e9zi utas\u00edt\u00e1sok<\/p>\n<p>\ud83d\udcccA f\u0151szerepl\u0151 term\u00e9szete<\/p>\n<p>Bemutatjuk a \u201eLincoln Memorial\u201d nev\u0171 b\u00fcszke kollekci\u00f3nkat, amelyet nem szabad kihagyni.<\/p>\n<p>Ez az \u00e9p\u00edt\u0151kocka k\u00e9szlet egy oktat\u00e1si j\u00e1t\u00e9k. \u00d6sszesen 251 darab van, \u00e9s mindegyik form\u00e1juk \u00e9s sz\u00edn\u00fck szerint van felc\u00edmk\u00e9zve, hogy a gyerekek megtanulj\u00e1k az \u00e9p\u00fclet k\u00fcl\u00f6nb\u00f6z\u0151 r\u00e9szeinek nev\u00e9t \u00e9s alakj\u00e1t. A terv Lincoln amerikai eln\u00f6k eml\u00e9km\u0171v\u00e9nek \u00e9p\u00edt\u00e9szet\u00e9n alapul, \u00e9s serkenti a kis \u00e9p\u00edt\u00e9szek fant\u00e1zi\u00e1j\u00e1t.<\/p><\/div>","protected":false},"excerpt":{"rendered":"<p>M\u00e1rka: HSANHE<br \/>\nNem: Uniszex<br \/>\nKoroszt\u00e1ly: &gt; 6 \u00e9v<br \/>\nModellsz\u00e1m: 6366<br \/>\nBesorol\u00e1s: \u00d6sszeszerel\u00e9s<br \/>\nM\u0171anyag blokk forma: \u00f6nz\u00e1r\u00f3 t\u00e9gla<br \/>\nAnyaga: M\u0171anyag<br \/>\nM\u0171anyag t\u00edpus: ABS<br \/>\nT\u00e9gla blokkok: 251+<br \/>\nEl\u0151\u00e9rt\u00e9kes\u00edt\u00e9s<\/p>","protected":false},"featured_media":41359,"comment_status":"open","ping_status":"closed","template":"","meta":{"_acf_changed":false},"product_cat":[1395,390],"product_tag":[4883,11253,11254,392],"class_list":["product","first","instock","shipping-taxable","purchasable","product-type-simple"],"acf":[],"_links":{"self":[{"href":"https:\/\/mouldking.store\/hu\/wp-json\/wp\/v2\/product\/41360","targetHints":{"allow":["GET"]}}],"collection":[{"href":"https:\/\/mouldking.store\/hu\/wp-json\/wp\/v2\/product"}],"about":[{"href":"https:\/\/mouldking.store\/hu\/wp-json\/wp\/v2\/types\/product"}],"replies":[{"embeddable":true,"href":"https:\/\/mouldking.store\/hu\/wp-json\/wp\/v2\/comments?post=41360"}],"wp:featuredmedia":[{"embeddable":true,"href":"https:\/\/mouldking.store\/hu\/wp-json\/wp\/v2\/media\/41359"}],"wp:attachment":[{"href":"https:\/\/mouldking.store\/hu\/wp-json\/wp\/v2\/media?parent=41360"}],"wp:term":[{"taxonomy":"product_cat","embeddable":true,"href":"https:\/\/mouldking.store\/hu\/wp-json\/wp\/v2\/product_cat?post=41360"},{"taxonomy":"product_tag","embeddable":true,"href":"https:\/\/mouldking.store\/hu\/wp-json\/wp\/v2\/product_tag?post=41360"}],"curies":[{"name":"wp","href":"https:\/\/api.w.org\/{rel}","templated":true}]}}