{"id":41366,"date":"2023-02-08T10:30:20","date_gmt":"2023-02-08T03:30:20","guid":{"rendered":"https:\/\/mouldking.store\/shop\/wange-2889-s89-engineering-forklift-with-94-pieces\/"},"modified":"2023-02-08T10:30:20","modified_gmt":"2023-02-08T03:30:20","slug":"wange-2889-s89-engineering-forklift-with-94-pieces","status":"publish","type":"product","link":"https:\/\/mouldking.store\/hu\/shop\/wange-2889-s89-engineering-forklift-with-94-pieces\/","title":{"rendered":"WANGE 2889 S89 M\u00e9rn\u00f6ki targonca 94 darabbal"},"content":{"rendered":"<div>\u2705 WANGE 2889 S89 M\u00e9rn\u00f6ki targonca<\/p>\n<p>\u2705 Az S89 m\u00e9rn\u00f6ki targonca egy nagyszab\u00e1s\u00fa, fejlett technol\u00f3gi\u00e1j\u00fa targonca. Kiv\u00e1l\u00f3 min\u0151s\u00e9g\u0171 energiarendszer\u00e9nek \u00e9s leny\u0171g\u00f6z\u0151 korm\u00e1nyz\u00e1s\u00e1nak k\u00f6sz\u00f6nhet\u0151en sz\u00e1mos ipar\u00e1gban alkalmazhat\u00f3, bele\u00e9rtve a b\u00e1ny\u00e1szatot, a sz\u00e1ll\u00edt\u00e1st, a kik\u00f6t\u0151i \u00fczemeltet\u00e9st, az \u00e9p\u00edtkez\u00e9st \u00e9s m\u00e9g sok m\u00e1st.<\/p>\n<p>\ud83d\udeab FONTOS!<\/p>\n<p>Term\u00e9kn\u00e9v: S89 Engineering targonca<\/p>\n<p>Kateg\u00f3ria: M\u0171szaki<\/p>\n<p>A k\u00e9szlet tartalma: WANGE 2889<\/p>\n<p>94 db J\u00f3 min\u0151s\u00e9g\u0171 t\u00e9gla<\/p>\n<p>M\u00e9rete: 15,9 \u00d7 6,4 \u00d7 8,6 cm<\/p>\n<p>K\u00e9zi utas\u00edt\u00e1sok<\/p>\n<p>\ud83d\udcccA f\u0151szerepl\u0151 term\u00e9szete<\/p>\n<p>Bemutatjuk b\u00fcszke kollekci\u00f3nkat, az \u201eS89 Engineering Forklift\u201d-t, amit \u00e9rdemes kihagyni.<\/p>\n<p>Az S89 g\u00e9p\u00e9szeti targonca a v\u00e1rosi sorozat\u00fa \u00e9p\u00edt\u0151elem k\u00e9szlethez tartozik, a teljes k\u00e9szlet 94 db \u00e9p\u00edt\u0151elem r\u00e9szecsk\u00e9t tartalmaz. Els\u0151 megjelen\u00e9s 2022.<\/p><\/div>","protected":false},"excerpt":{"rendered":"<p>M\u00e1rka: WANGE<br \/>\nNem: Uniszex<br \/>\nKoroszt\u00e1ly: &gt; 6 \u00e9v<br \/>\nModellsz\u00e1m: 2889<br \/>\nBesorol\u00e1s: \u00d6sszeszerel\u00e9s<br \/>\nM\u0171anyag blokk forma: \u00f6nz\u00e1r\u00f3 t\u00e9gla<br \/>\nAnyaga: M\u0171anyag<br \/>\nM\u0171anyag t\u00edpus: ABS<br \/>\nT\u00e9gla T\u00e9gla: 94+<br \/>\nEl\u0151\u00e9rt\u00e9kes\u00edt\u00e9s<\/p>","protected":false},"featured_media":41364,"comment_status":"open","ping_status":"closed","template":"","meta":{"_acf_changed":false},"product_cat":[1357,364],"product_tag":[11140,2779,389,11080],"class_list":["product","first","instock","shipping-taxable","purchasable","product-type-simple"],"acf":[],"_links":{"self":[{"href":"https:\/\/mouldking.store\/hu\/wp-json\/wp\/v2\/product\/41366","targetHints":{"allow":["GET"]}}],"collection":[{"href":"https:\/\/mouldking.store\/hu\/wp-json\/wp\/v2\/product"}],"about":[{"href":"https:\/\/mouldking.store\/hu\/wp-json\/wp\/v2\/types\/product"}],"replies":[{"embeddable":true,"href":"https:\/\/mouldking.store\/hu\/wp-json\/wp\/v2\/comments?post=41366"}],"wp:featuredmedia":[{"embeddable":true,"href":"https:\/\/mouldking.store\/hu\/wp-json\/wp\/v2\/media\/41364"}],"wp:attachment":[{"href":"https:\/\/mouldking.store\/hu\/wp-json\/wp\/v2\/media?parent=41366"}],"wp:term":[{"taxonomy":"product_cat","embeddable":true,"href":"https:\/\/mouldking.store\/hu\/wp-json\/wp\/v2\/product_cat?post=41366"},{"taxonomy":"product_tag","embeddable":true,"href":"https:\/\/mouldking.store\/hu\/wp-json\/wp\/v2\/product_tag?post=41366"}],"curies":[{"name":"wp","href":"https:\/\/api.w.org\/{rel}","templated":true}]}}