{"id":41369,"date":"2023-02-08T10:38:01","date_gmt":"2023-02-08T03:38:01","guid":{"rendered":"https:\/\/mouldking.store\/shop\/wange-5241-nanjing-confucius-temple-dacheng-hall-with-966-pieces\/"},"modified":"2023-03-08T10:45:17","modified_gmt":"2023-03-08T03:45:17","slug":"wange-5241-nanjing-confucius-temple-dacheng-hall-with-966-pieces","status":"publish","type":"product","link":"https:\/\/mouldking.store\/hu\/shop\/wange-5241-nanjing-confucius-temple-dacheng-hall-with-966-pieces\/","title":{"rendered":"WANGE 5241 Nanjing Konfuciusz templom Dacheng Hall 966 darabbal"},"content":{"rendered":"<div>\u2705 WANGE 5241 Nanjing Confucius Temple Dacheng Hall<\/p>\n<p>\u2705The Nanjing Confucius Temple Dacheng Hall, also known as the Great Hall of Confucius, is a historic temple in Nanjing, China dedicated to Confucius, the ancient Chinese philosopher and educator. It is one of the largest and most famous Confucian temples in China, with a history dating back over 600 years. The temple complex features several buildings, including the Dacheng Hall, which is the main hall and the largest building in the complex.<\/p>\n<p>\ud83d\udeab FONTOS!<\/p>\n<p>Product Name: Nanjing Confucius Temple Dacheng Hall<\/p>\n<p>Kateg\u00f3ria: Modul\u00e1ris \u00e9p\u00fclet<\/p>\n<p>This Kit Contains: WANGE 5241<\/p>\n<p>966 pcs Good Quality Bricks<\/p>\n<p>Size: 38 \u00d7 38 \u00d7 40.4 cm<\/p>\n<p>K\u00e9zi utas\u00edt\u00e1sok<\/p>\n<p>\ud83d\udcccA f\u0151szerepl\u0151 term\u00e9szete<\/p>\n<p>Introducing our proud collection named \u201cNanjing Confucius Temple Dacheng Hall\u201d you should not miss.<\/p>\n<p>The building block set of the landmark building series is a set of 966 building blocks. This model has been designed and developed by a professional team in accordance with the international standard, and adopts high quality, environmentally friendly material. The first release will be on Jan 23, 2023.<\/p><\/div>","protected":false},"excerpt":{"rendered":"<p>M\u00e1rka: WANGE<br \/>\nNem: Uniszex<br \/>\nKoroszt\u00e1ly: &gt; 6 \u00e9v<br \/>\nModel Number: 5241<br \/>\nBesorol\u00e1s: \u00d6sszeszerel\u00e9s<br \/>\nM\u0171anyag blokk forma: \u00f6nz\u00e1r\u00f3 t\u00e9gla<br \/>\nAnyaga: M\u0171anyag<br \/>\nM\u0171anyag t\u00edpus: ABS<br \/>\nBricks Blocks: 966 +<br \/>\nEl\u0151\u00e9rt\u00e9kes\u00edt\u00e9s<\/p>","protected":false},"featured_media":41367,"comment_status":"open","ping_status":"closed","template":"","meta":{"_acf_changed":false},"product_cat":[1395,390],"product_tag":[4883,11256,392,11255,11001],"class_list":["product","first","instock","shipping-taxable","purchasable","product-type-simple"],"acf":[],"_links":{"self":[{"href":"https:\/\/mouldking.store\/hu\/wp-json\/wp\/v2\/product\/41369","targetHints":{"allow":["GET"]}}],"collection":[{"href":"https:\/\/mouldking.store\/hu\/wp-json\/wp\/v2\/product"}],"about":[{"href":"https:\/\/mouldking.store\/hu\/wp-json\/wp\/v2\/types\/product"}],"replies":[{"embeddable":true,"href":"https:\/\/mouldking.store\/hu\/wp-json\/wp\/v2\/comments?post=41369"}],"wp:featuredmedia":[{"embeddable":true,"href":"https:\/\/mouldking.store\/hu\/wp-json\/wp\/v2\/media\/41367"}],"wp:attachment":[{"href":"https:\/\/mouldking.store\/hu\/wp-json\/wp\/v2\/media?parent=41369"}],"wp:term":[{"taxonomy":"product_cat","embeddable":true,"href":"https:\/\/mouldking.store\/hu\/wp-json\/wp\/v2\/product_cat?post=41369"},{"taxonomy":"product_tag","embeddable":true,"href":"https:\/\/mouldking.store\/hu\/wp-json\/wp\/v2\/product_tag?post=41369"}],"curies":[{"name":"wp","href":"https:\/\/api.w.org\/{rel}","templated":true}]}}