{"id":41375,"date":"2023-02-08T10:54:10","date_gmt":"2023-02-08T03:54:10","guid":{"rendered":"https:\/\/mouldking.store\/shop\/moc-factory-76418-new-minas-anor-with-487-pieces\/"},"modified":"2025-12-16T22:25:21","modified_gmt":"2025-12-16T15:25:21","slug":"moc-factory-76418-new-minas-anor-with-487-pieces","status":"publish","type":"product","link":"https:\/\/mouldking.store\/hu\/shop\/moc-factory-76418-new-minas-anor-with-487-pieces\/","title":{"rendered":"MOC Factory 76418 \u00daj Minas Anor 487 darabbal"},"content":{"rendered":"<div>\u2705 MOC-76418 \u00daj Minas Anor<\/p>\n<p>\u2705 Az \u00faj Minas Anor \u00e9p\u00edt\u0151elemek m\u00e1rk\u00e1ja a m\u0171faj szerelmeseinek. Az \u00e9p\u00edt\u0151elemek kiv\u00e1l\u00f3 min\u0151s\u00e9g\u0171 ABS anyagb\u00f3l k\u00e9sz\u00fclnek, \u00e9s sima tapint\u00e1sukkal \u00e9s biztons\u00e1gukkal biztosan tetszeni fognak a felhaszn\u00e1l\u00f3knak.<\/p>\n<p>\ud83d\udeab FONTOS!<\/p>\n<p>Term\u00e9k neve: \u00daj Minas Anor<\/p>\n<p>Kateg\u00f3ria: Modul\u00e1ris \u00e9p\u00fclet<\/p>\n<p>A k\u00e9szlet tartalma: MOC-76418<\/p>\n<p>487 db J\u00f3 min\u0151s\u00e9g\u0171 t\u00e9gla<\/p>\n<p>M\u00e9ret: S\u00faly: 1000g<\/p>\n<p>PDF \u00datmutat\u00f3<\/p>\n<p>\ud83d\udcccA f\u0151szerepl\u0151 term\u00e9szete<\/p>\n<p>Bemutatjuk b\u00fcszke \u201eNew Minas Anor\u201d nev\u0171 kollekci\u00f3nkat, amit nem szabad kihagyni.<\/p>\n<p>Az \u00faj Minas Anor egy \u00faj \u00e9p\u00edt\u0151elem-rendszer, amely v\u00e1ltoz\u00e1st hoz. T\u00f6k\u00e9letess\u00e9g\u00fckkel \u00e9s az eredeti tervez\u00e9s szimul\u00e1ci\u00f3j\u00e1val ezek a blokkok a legversenyk\u00e9pesebb megold\u00e1s ezen a ter\u00fcleten. Kis m\u00e9ret\u00fcknek k\u00f6sz\u00f6nhet\u0151en k\u00f6nnyen \u00f6sszeszerelhet\u0151k tov\u00e1bbi szersz\u00e1mok n\u00e9lk\u00fcl.<\/p><\/div>","protected":false},"excerpt":{"rendered":"<p>M\u00e1rka: MOC Factory<br \/>\nNem: Uniszex<br \/>\nKoroszt\u00e1ly: &gt; 12 \u00e9ves<br \/>\nModellsz\u00e1m: 76418<br \/>\nBesorol\u00e1s: \u00d6sszeszerel\u00e9s<br \/>\nM\u0171anyag blokk forma: \u00f6nz\u00e1r\u00f3 t\u00e9gla<br \/>\nAnyaga: M\u0171anyag<br \/>\nM\u0171anyag t\u00edpus: ABS<br \/>\nT\u00e9gla blokkok: 487 +<br \/>\nRendel\u00e9si id\u0151: 4-8 h\u00e9t<\/p>","protected":false},"featured_media":41371,"comment_status":"open","ping_status":"closed","template":"","meta":{"_acf_changed":false},"product_cat":[1395,390],"product_tag":[11258,4883,11257,392],"class_list":["product","first","instock","shipping-taxable","purchasable","product-type-simple"],"acf":[],"_links":{"self":[{"href":"https:\/\/mouldking.store\/hu\/wp-json\/wp\/v2\/product\/41375","targetHints":{"allow":["GET"]}}],"collection":[{"href":"https:\/\/mouldking.store\/hu\/wp-json\/wp\/v2\/product"}],"about":[{"href":"https:\/\/mouldking.store\/hu\/wp-json\/wp\/v2\/types\/product"}],"replies":[{"embeddable":true,"href":"https:\/\/mouldking.store\/hu\/wp-json\/wp\/v2\/comments?post=41375"}],"wp:featuredmedia":[{"embeddable":true,"href":"https:\/\/mouldking.store\/hu\/wp-json\/wp\/v2\/media\/41371"}],"wp:attachment":[{"href":"https:\/\/mouldking.store\/hu\/wp-json\/wp\/v2\/media?parent=41375"}],"wp:term":[{"taxonomy":"product_cat","embeddable":true,"href":"https:\/\/mouldking.store\/hu\/wp-json\/wp\/v2\/product_cat?post=41375"},{"taxonomy":"product_tag","embeddable":true,"href":"https:\/\/mouldking.store\/hu\/wp-json\/wp\/v2\/product_tag?post=41375"}],"curies":[{"name":"wp","href":"https:\/\/api.w.org\/{rel}","templated":true}]}}