{"id":41382,"date":"2023-02-08T11:05:31","date_gmt":"2023-02-08T04:05:31","guid":{"rendered":"https:\/\/mouldking.store\/shop\/moc-factory-71401-oriental-palace-architecture-with-6945-pieces\/"},"modified":"2025-12-16T22:25:21","modified_gmt":"2025-12-16T15:25:21","slug":"moc-factory-71401-oriental-palace-architecture-with-6945-pieces","status":"publish","type":"product","link":"https:\/\/mouldking.store\/hu\/shop\/moc-factory-71401-oriental-palace-architecture-with-6945-pieces\/","title":{"rendered":"MOC Factory 71401 Oriental Palace Architecture 6945 darabbal"},"content":{"rendered":"<div>\u2705 MOC-71401 Keleti Palota \u00e9p\u00edt\u00e9szet<\/p>\n<p>\u2705Az Oriental Palace Architecture gy\u00f6ny\u00f6r\u0171 \u00e9s r\u00e9szletgazdag keleti palota\u00e9p\u00edt\u00e9szetet tartalmaz, amely sz\u00e9p dekor\u00e1ci\u00f3ja lesz h\u00e1z\u00e1nak. Az \u00e9p\u00edt\u0151elemek pr\u00e9mium min\u0151s\u00e9g\u0171, szagtalan \u00e9s k\u00f6rnyezetbar\u00e1t ABS anyagb\u00f3l k\u00e9sz\u00fclnek a sima k\u00e9z\u00e9rzet \u00e9s a biztons\u00e1gos \u00f6sszeszerel\u00e9s \u00e9rdek\u00e9ben.&nbsp;<\/p>\n<p>\ud83d\udeab FONTOS!<\/p>\n<p>Term\u00e9k neve: Oriental Palace Architecture<\/p>\n<p>Kateg\u00f3ria: Modul\u00e1ris \u00e9p\u00fclet<\/p>\n<p>A k\u00e9szlet tartalma: MOC-71401<\/p>\n<p>6945 db J\u00f3 min\u0151s\u00e9g\u0171 t\u00e9gla<\/p>\n<p>S\u00faly: 8000g<\/p>\n<p>PDF \u00datmutat\u00f3<\/p>\n<p>\ud83d\udcccA f\u0151szerepl\u0151 term\u00e9szete<\/p>\n<p>Bemutatjuk b\u00fcszke kollekci\u00f3nkat, az \u201eOriental Palace Architecture\u201d-t, amit \u00e9rdemes kihagyni.<\/p>\n<p>Az Oriental Palace Architecture \u00e9p\u00edt\u0151elem-k\u00e9szlet pr\u00e9mium min\u0151s\u00e9g\u0171, szagtalan \u00e9s k\u00f6rnyezetbar\u00e1t anyagb\u00f3l k\u00e9sz\u00fclt, hogy sima tapint\u00e1st biztos\u00edtson a kez\u00e9ben. A j\u00e1t\u00e9khoz USB-meghajt\u00f3n tal\u00e1lhat\u00f3 vil\u00e1gos \u00e9s k\u00f6nnyen k\u00f6vethet\u0151 elektronikus utas\u00edt\u00e1sok tartoznak azok sz\u00e1m\u00e1ra, akik m\u00e9g nem ismerik az \u00e9p\u00edt\u0151kock\u00e1k vil\u00e1g\u00e1t.<\/p><\/div>","protected":false},"excerpt":{"rendered":"<p>M\u00e1rka: MOC Factory<br \/>\nNem: Uniszex<br \/>\nKoroszt\u00e1ly: &gt; 12 \u00e9ves<br \/>\nModellsz\u00e1m: 71401<br \/>\nBesorol\u00e1s: \u00d6sszeszerel\u00e9s<br \/>\nM\u0171anyag blokk forma: \u00f6nz\u00e1r\u00f3 t\u00e9gla<br \/>\nAnyaga: M\u0171anyag<br \/>\nM\u0171anyag t\u00edpus: ABS<br \/>\nT\u00e9gla T\u00e9gla: 6945 +<br \/>\nRendel\u00e9si id\u0151: 4-8 h\u00e9t<\/p>","protected":false},"featured_media":41376,"comment_status":"open","ping_status":"closed","template":"","meta":{"_acf_changed":false},"product_cat":[1395,390],"product_tag":[11260,727,4883,392,11259,4581],"class_list":["product","first","instock","shipping-taxable","purchasable","product-type-simple"],"acf":[],"_links":{"self":[{"href":"https:\/\/mouldking.store\/hu\/wp-json\/wp\/v2\/product\/41382","targetHints":{"allow":["GET"]}}],"collection":[{"href":"https:\/\/mouldking.store\/hu\/wp-json\/wp\/v2\/product"}],"about":[{"href":"https:\/\/mouldking.store\/hu\/wp-json\/wp\/v2\/types\/product"}],"replies":[{"embeddable":true,"href":"https:\/\/mouldking.store\/hu\/wp-json\/wp\/v2\/comments?post=41382"}],"wp:featuredmedia":[{"embeddable":true,"href":"https:\/\/mouldking.store\/hu\/wp-json\/wp\/v2\/media\/41376"}],"wp:attachment":[{"href":"https:\/\/mouldking.store\/hu\/wp-json\/wp\/v2\/media?parent=41382"}],"wp:term":[{"taxonomy":"product_cat","embeddable":true,"href":"https:\/\/mouldking.store\/hu\/wp-json\/wp\/v2\/product_cat?post=41382"},{"taxonomy":"product_tag","embeddable":true,"href":"https:\/\/mouldking.store\/hu\/wp-json\/wp\/v2\/product_tag?post=41382"}],"curies":[{"name":"wp","href":"https:\/\/api.w.org\/{rel}","templated":true}]}}