{"id":41392,"date":"2023-02-08T11:29:22","date_gmt":"2023-02-08T04:29:22","guid":{"rendered":"https:\/\/mouldking.store\/shop\/moc-factory-65811-tantive-iv-alternative-with-1120-pieces\/"},"modified":"2025-12-16T22:25:20","modified_gmt":"2025-12-16T15:25:20","slug":"moc-factory-65811-tantive-iv-alternative-with-1120-pieces","status":"publish","type":"product","link":"https:\/\/mouldking.store\/hu\/shop\/moc-factory-65811-tantive-iv-alternative-with-1120-pieces\/","title":{"rendered":"MOC Factory 65811 Tantive IV \u2013 Alternat\u00edva 1120 darabbal"},"content":{"rendered":"<div>\u2705 MOC-65811 Tantive IV &#8211; Alternative<\/p>\n<p>\u2705Tantive IV is a fictional spaceship from the Star Wars franchise. The Tantive IV is a CR90 corvette that appears in Episode IV: A New Hope, and is notable for being one of the first ships seen in the Star Wars universe.&nbsp;<\/p>\n<p>\ud83d\udeab FONTOS!<\/p>\n<p>Product Name: Tantive IV &#8211; Alternative<\/p>\n<p>Kateg\u00f3ria: Star Wars<\/p>\n<p>This Kit Contains: MOC-65811<\/p>\n<p>1120 pcs Good Quality Bricks<\/p>\n<p>Weight: 1500g<\/p>\n<p>PDF \u00datmutat\u00f3<\/p>\n<p>\ud83d\udcccA f\u0151szerepl\u0151 term\u00e9szete<\/p>\n<p>Introducing our proud collection named \u201cTantive IV &#8211; Alternative\u201d you should not miss.<\/p>\n<p>This building blocks set is made of no-toxic, odorless and environmentally friendly ABS material for safe and easy assembly. For an extra twist, we included clear instructions on a USB drive for beginners so that assembling your favorite spaceship becomes child&#8217;s play!<\/p><\/div>","protected":false},"excerpt":{"rendered":"<p>M\u00e1rka: MOC Factory<br \/>\nNem: Uniszex<br \/>\nKoroszt\u00e1ly: &gt; 12 \u00e9ves<br \/>\nModel Number: 65811<br \/>\nBesorol\u00e1s: \u00d6sszeszerel\u00e9s<br \/>\nM\u0171anyag blokk forma: \u00f6nz\u00e1r\u00f3 t\u00e9gla<br \/>\nAnyaga: M\u0171anyag<br \/>\nM\u0171anyag t\u00edpus: ABS<br \/>\nBricks Blocks: 1120 +<br \/>\nRendel\u00e9si id\u0151: 4-8 h\u00e9t<\/p>","protected":false},"featured_media":41387,"comment_status":"open","ping_status":"closed","template":"","meta":{"_acf_changed":false},"product_cat":[581,6016,415,1408],"product_tag":[11261,434,9414,2276,436,10735],"class_list":["product","first","instock","shipping-taxable","purchasable","product-type-simple"],"acf":[],"_links":{"self":[{"href":"https:\/\/mouldking.store\/hu\/wp-json\/wp\/v2\/product\/41392","targetHints":{"allow":["GET"]}}],"collection":[{"href":"https:\/\/mouldking.store\/hu\/wp-json\/wp\/v2\/product"}],"about":[{"href":"https:\/\/mouldking.store\/hu\/wp-json\/wp\/v2\/types\/product"}],"replies":[{"embeddable":true,"href":"https:\/\/mouldking.store\/hu\/wp-json\/wp\/v2\/comments?post=41392"}],"wp:featuredmedia":[{"embeddable":true,"href":"https:\/\/mouldking.store\/hu\/wp-json\/wp\/v2\/media\/41387"}],"wp:attachment":[{"href":"https:\/\/mouldking.store\/hu\/wp-json\/wp\/v2\/media?parent=41392"}],"wp:term":[{"taxonomy":"product_cat","embeddable":true,"href":"https:\/\/mouldking.store\/hu\/wp-json\/wp\/v2\/product_cat?post=41392"},{"taxonomy":"product_tag","embeddable":true,"href":"https:\/\/mouldking.store\/hu\/wp-json\/wp\/v2\/product_tag?post=41392"}],"curies":[{"name":"wp","href":"https:\/\/api.w.org\/{rel}","templated":true}]}}