{"id":41403,"date":"2023-02-08T11:47:39","date_gmt":"2023-02-08T04:47:39","guid":{"rendered":"https:\/\/mouldking.store\/shop\/moc-factory-58858-mcrn-donnager-with-5830-pieces\/"},"modified":"2025-12-16T22:25:20","modified_gmt":"2025-12-16T15:25:20","slug":"moc-factory-58858-mcrn-donnager-with-5830-pieces","status":"publish","type":"product","link":"https:\/\/mouldking.store\/hu\/shop\/moc-factory-58858-mcrn-donnager-with-5830-pieces\/","title":{"rendered":"MOC Factory 58858 MCRN Donnager 5830 darabbal"},"content":{"rendered":"<div>\u2705 MOC-58858 MCRN Donnager<\/p>\n<p>\u2705MCRN Donnager is a Martian Congressional Republic Navy (MCRN) destroyer warship in the science fiction series &#8220;The Expanse&#8221;.<\/p>\n<p>\ud83d\udeab FONTOS!<\/p>\n<p>Product Name: MCRN Donnager<\/p>\n<p>Kateg\u00f3ria: \u0170r<\/p>\n<p>This Kit Contains: MOC-58858<\/p>\n<p>5830 pcs Good Quality Bricks<\/p>\n<p>Size: 75 cm<\/p>\n<p>PDF \u00datmutat\u00f3<\/p>\n<p>\ud83d\udcccA f\u0151szerepl\u0151 term\u00e9szete<\/p>\n<p>Introducing our proud collection named \u201cMCRN Donnager\u201d you should not miss.<\/p>\n<p>The MCRN Donnager building blocks are compatible with brick and other brands of construction blocks. This is a great gift for space lovers and collectors, or anyone on your holiday shopping list who would like to learn about one of the most famous ships in the history of science fiction.<\/p><\/div>","protected":false},"excerpt":{"rendered":"<p>M\u00e1rka: MOC Factory<br \/>\nNem: Uniszex<br \/>\nKoroszt\u00e1ly: &gt; 12 \u00e9ves<br \/>\nModel Number: 58858<br \/>\nBesorol\u00e1s: \u00d6sszeszerel\u00e9s<br \/>\nM\u0171anyag blokk forma: \u00f6nz\u00e1r\u00f3 t\u00e9gla<br \/>\nAnyaga: M\u0171anyag<br \/>\nM\u0171anyag t\u00edpus: ABS<br \/>\nBricks Blocks: 5830 +<br \/>\nRendel\u00e9si id\u0151: 4-8 h\u00e9t<\/p>","protected":false},"featured_media":41398,"comment_status":"open","ping_status":"closed","template":"","meta":{"_acf_changed":false},"product_cat":[1357,6016,364],"product_tag":[11262,11239,9414,2276,389],"class_list":["product","first","instock","shipping-taxable","purchasable","product-type-simple"],"acf":[],"_links":{"self":[{"href":"https:\/\/mouldking.store\/hu\/wp-json\/wp\/v2\/product\/41403","targetHints":{"allow":["GET"]}}],"collection":[{"href":"https:\/\/mouldking.store\/hu\/wp-json\/wp\/v2\/product"}],"about":[{"href":"https:\/\/mouldking.store\/hu\/wp-json\/wp\/v2\/types\/product"}],"replies":[{"embeddable":true,"href":"https:\/\/mouldking.store\/hu\/wp-json\/wp\/v2\/comments?post=41403"}],"wp:featuredmedia":[{"embeddable":true,"href":"https:\/\/mouldking.store\/hu\/wp-json\/wp\/v2\/media\/41398"}],"wp:attachment":[{"href":"https:\/\/mouldking.store\/hu\/wp-json\/wp\/v2\/media?parent=41403"}],"wp:term":[{"taxonomy":"product_cat","embeddable":true,"href":"https:\/\/mouldking.store\/hu\/wp-json\/wp\/v2\/product_cat?post=41403"},{"taxonomy":"product_tag","embeddable":true,"href":"https:\/\/mouldking.store\/hu\/wp-json\/wp\/v2\/product_tag?post=41403"}],"curies":[{"name":"wp","href":"https:\/\/api.w.org\/{rel}","templated":true}]}}