{"id":41408,"date":"2023-02-08T11:56:29","date_gmt":"2023-02-08T04:56:29","guid":{"rendered":"https:\/\/mouldking.store\/shop\/moc-factory-47299-acropolis-microscale-with-2139-pieces\/"},"modified":"2025-12-16T22:25:20","modified_gmt":"2025-12-16T15:25:20","slug":"moc-factory-47299-acropolis-microscale-with-2139-pieces","status":"publish","type":"product","link":"https:\/\/mouldking.store\/hu\/shop\/moc-factory-47299-acropolis-microscale-with-2139-pieces\/","title":{"rendered":"MOC Factory 47299 Acropolis &#8211; Microscale with 2139 Pieces"},"content":{"rendered":"<div>\u2705 MOC-47299 Acropolis &#8211; Microscale<\/p>\n<p>\u2705 Acropolis refers to an ancient Greek fortified citadel, typically located on a hilltop. The most famous example of an acropolis is the Acropolis of Athens, which was a major center of ancient Greek culture and housed several famous buildings such as the Parthenon temple. Acropolises served as a symbol of a city&#8217;s power and were used for both defensive and religious purposes.<\/p>\n<p>\ud83d\udeab FONTOS!<\/p>\n<p>Product Name: Acropolis &#8211; Microscale<\/p>\n<p>Kateg\u00f3ria: Modul\u00e1ris \u00e9p\u00fclet<\/p>\n<p>This Kit Contains: MOC-47299<\/p>\n<p>2139 pcs Good Quality Bricks<\/p>\n<p>Weight: 2500g<\/p>\n<p>PDF \u00datmutat\u00f3<\/p>\n<p>\ud83d\udcccA f\u0151szerepl\u0151 term\u00e9szete<\/p>\n<p>Introducing our proud collection named \u201cAcropolis &#8211; Microscale\u201d you should not miss.<\/p>\n<p>The Acropolis &#8211; Microscale is a building set with small bricks made of premium quality and eco-friendly ABS material. It is designed to be used by people with all levels of expertise, as it has clear instructions available on USB Drive. The blocks are odorless and safe for kids, which makes them a perfect toy.<\/p><\/div>","protected":false},"excerpt":{"rendered":"<p>M\u00e1rka: MOC Factory<br \/>\nNem: Uniszex<br \/>\nKoroszt\u00e1ly: &gt; 12 \u00e9ves<br \/>\nModel Number: 47299<br \/>\nBesorol\u00e1s: \u00d6sszeszerel\u00e9s<br \/>\nM\u0171anyag blokk forma: \u00f6nz\u00e1r\u00f3 t\u00e9gla<br \/>\nAnyaga: M\u0171anyag<br \/>\nM\u0171anyag t\u00edpus: ABS<br \/>\nBricks Blocks: 2139 +<br \/>\nRendel\u00e9si id\u0151: 4-8 h\u00e9t<\/p>","protected":false},"featured_media":41404,"comment_status":"open","ping_status":"closed","template":"","meta":{"_acf_changed":false},"product_cat":[1395,390],"product_tag":[11263,11260,4883,11264,392],"class_list":["product","first","instock","shipping-taxable","purchasable","product-type-simple"],"acf":[],"_links":{"self":[{"href":"https:\/\/mouldking.store\/hu\/wp-json\/wp\/v2\/product\/41408","targetHints":{"allow":["GET"]}}],"collection":[{"href":"https:\/\/mouldking.store\/hu\/wp-json\/wp\/v2\/product"}],"about":[{"href":"https:\/\/mouldking.store\/hu\/wp-json\/wp\/v2\/types\/product"}],"replies":[{"embeddable":true,"href":"https:\/\/mouldking.store\/hu\/wp-json\/wp\/v2\/comments?post=41408"}],"wp:featuredmedia":[{"embeddable":true,"href":"https:\/\/mouldking.store\/hu\/wp-json\/wp\/v2\/media\/41404"}],"wp:attachment":[{"href":"https:\/\/mouldking.store\/hu\/wp-json\/wp\/v2\/media?parent=41408"}],"wp:term":[{"taxonomy":"product_cat","embeddable":true,"href":"https:\/\/mouldking.store\/hu\/wp-json\/wp\/v2\/product_cat?post=41408"},{"taxonomy":"product_tag","embeddable":true,"href":"https:\/\/mouldking.store\/hu\/wp-json\/wp\/v2\/product_tag?post=41408"}],"curies":[{"name":"wp","href":"https:\/\/api.w.org\/{rel}","templated":true}]}}