{"id":41416,"date":"2023-02-08T12:10:57","date_gmt":"2023-02-08T05:10:57","guid":{"rendered":"https:\/\/mouldking.store\/shop\/moc-factory-108238-the-daimyos-palace-with-1762-pieces\/"},"modified":"2025-12-16T22:25:20","modified_gmt":"2025-12-16T15:25:20","slug":"moc-factory-108238-the-daimyos-palace-with-1762-pieces","status":"publish","type":"product","link":"https:\/\/mouldking.store\/hu\/shop\/moc-factory-108238-the-daimyos-palace-with-1762-pieces\/","title":{"rendered":"MOC Factory 108238 The Daimyo&#8217;s Palace with 1762 Pieces"},"content":{"rendered":"<div>\u2705 MOC-108238 The Daimyo&#8217;s Palace<\/p>\n<p>\u2705The Daimyo&#8217;s Palace is a building or complex of buildings that serves as the residence and administrative headquarters of a Daimyo, a feudal lord in Japan during the Edo period (1603-1868). The Daimyo&#8217;s Palace was typically located in the center of the Daimyo&#8217;s domain and was a symbol of their wealth and power. The size and grandeur of the palace often reflected the Daimyo&#8217;s status and influence.<\/p>\n<p>\ud83d\udeab FONTOS!<\/p>\n<p>Product Name: The Daimyo&#8217;s Palace<\/p>\n<p>Kateg\u00f3ria: Modul\u00e1ris \u00e9p\u00fclet<\/p>\n<p>This Kit Contains: MOC-108238<\/p>\n<p>1762 pcs Good Quality Bricks<\/p>\n<p>Weight: 2000g<\/p>\n<p>PDF \u00datmutat\u00f3<\/p>\n<p>\ud83d\udcccA f\u0151szerepl\u0151 term\u00e9szete<\/p>\n<p>Introducing our proud collection named \u201cThe Daimyo&#8217;s Palace\u201d you should not miss.<\/p>\n<p>With a simple and clear design, the building blocks set is an ideal toy to promote children&#8217;s creativity. The &#8220;daimyo&#8217;s palace&#8221; set not only offers enjoyable assembly experience to novices but also comes with clear and easy-to-follow electronic instructions on USB drive for those who wish to have extra fun.<\/p><\/div>","protected":false},"excerpt":{"rendered":"<p>M\u00e1rka: MOC Factory<br \/>\nNem: Uniszex<br \/>\nKoroszt\u00e1ly: &gt; 12 \u00e9ves<br \/>\nModel Number: 108238<br \/>\nBesorol\u00e1s: \u00d6sszeszerel\u00e9s<br \/>\nM\u0171anyag blokk forma: \u00f6nz\u00e1r\u00f3 t\u00e9gla<br \/>\nAnyaga: M\u0171anyag<br \/>\nM\u0171anyag t\u00edpus: ABS<br \/>\nBricks Blocks: 1762 +<br \/>\nRendel\u00e9si id\u0151: 4-8 h\u00e9t<\/p>","protected":false},"featured_media":41410,"comment_status":"open","ping_status":"closed","template":"","meta":{"_acf_changed":false},"product_cat":[1395,390],"product_tag":[4883,11265,392,4581],"class_list":["product","first","instock","shipping-taxable","purchasable","product-type-simple"],"acf":[],"_links":{"self":[{"href":"https:\/\/mouldking.store\/hu\/wp-json\/wp\/v2\/product\/41416","targetHints":{"allow":["GET"]}}],"collection":[{"href":"https:\/\/mouldking.store\/hu\/wp-json\/wp\/v2\/product"}],"about":[{"href":"https:\/\/mouldking.store\/hu\/wp-json\/wp\/v2\/types\/product"}],"replies":[{"embeddable":true,"href":"https:\/\/mouldking.store\/hu\/wp-json\/wp\/v2\/comments?post=41416"}],"wp:featuredmedia":[{"embeddable":true,"href":"https:\/\/mouldking.store\/hu\/wp-json\/wp\/v2\/media\/41410"}],"wp:attachment":[{"href":"https:\/\/mouldking.store\/hu\/wp-json\/wp\/v2\/media?parent=41416"}],"wp:term":[{"taxonomy":"product_cat","embeddable":true,"href":"https:\/\/mouldking.store\/hu\/wp-json\/wp\/v2\/product_cat?post=41416"},{"taxonomy":"product_tag","embeddable":true,"href":"https:\/\/mouldking.store\/hu\/wp-json\/wp\/v2\/product_tag?post=41416"}],"curies":[{"name":"wp","href":"https:\/\/api.w.org\/{rel}","templated":true}]}}