{"id":41436,"date":"2023-02-08T12:49:55","date_gmt":"2023-02-08T05:49:55","guid":{"rendered":"https:\/\/mouldking.store\/shop\/moc-factory-107270-iveco-turbostar-190-42-and-logging-trailer-with-crane-with-2201-pieces\/"},"modified":"2025-12-16T22:25:20","modified_gmt":"2025-12-16T15:25:20","slug":"moc-factory-107270-iveco-turbostar-190-42-and-logging-trailer-with-crane-with-2201-pieces","status":"publish","type":"product","link":"https:\/\/mouldking.store\/hu\/shop\/moc-factory-107270-iveco-turbostar-190-42-and-logging-trailer-with-crane-with-2201-pieces\/","title":{"rendered":"MOC Factory 107270 Iveco Turbostar 190-42 \u00e9s fakitermel\u0151 p\u00f3tkocsi daruval 2201 darabbal"},"content":{"rendered":"<div>\u2705 MOC-107270 Iveco Turbostar 190-42 \u00e9s fakitermel\u0151 p\u00f3tkocsi daruval<\/p>\n<p>\u2705Az Iveco Turbostar 190-42 fakitermel\u0151 p\u00f3tkocsival \u00e9s daruval egy nagy teherb\u00edr\u00e1s\u00fa haszong\u00e9pj\u00e1rm\u0171 \u00e9s p\u00f3tkocsi kombin\u00e1ci\u00f3, amelyet az Iveco, egy olasz ipari j\u00e1rm\u0171gy\u00e1rt\u00f3 gy\u00e1rt. A Turbostar 190-42 egy teheraut\u00f3, a fakitermel\u0151 p\u00f3tkocsi pedig egy r\u00f6nk vagy m\u00e1s neh\u00e9z rakom\u00e1ny sz\u00e1ll\u00edt\u00e1s\u00e1ra haszn\u00e1lt p\u00f3tkocsi. A p\u00f3tkocsira szerelt daru lehet\u0151v\u00e9 teszi a r\u00f6nk\u00f6k be- \u00e9s kirakod\u00e1s\u00e1t. A teheraut\u00f3 nev\u00e9ben szerepl\u0151 \u201e190-42\u201d val\u00f3sz\u00edn\u0171leg a j\u00e1rm\u0171 motorj\u00e1nak maxim\u00e1lis teljes\u00edtm\u00e9ny\u00e9re utal l\u00f3er\u0151ben (190) \u00e9s a maxim\u00e1lisan elb\u00edrhat\u00f3 t\u00f6meg\u00e9re tonn\u00e1ban (42).<\/p>\n<p>\ud83d\udeab FONTOS!<\/p>\n<p>Term\u00e9kn\u00e9v: Iveco Turbostar 190-42 \u00e9s daruval ell\u00e1tott fakitermel\u0151 p\u00f3tkocsi<\/p>\n<p>Kateg\u00f3ria: M\u0171szaki<\/p>\n<p>A k\u00e9szlet tartalma: MOC-107270<\/p>\n<p>2201 db J\u00f3 min\u0151s\u00e9g\u0171 t\u00e9gla<\/p>\n<p>M\u00e9rete: 72,8 x 16 x 21,6 cm<\/p>\n<p>S\u00faly: 2200g<\/p>\n<p>PDF \u00datmutat\u00f3<\/p>\n<p>\ud83d\udcccA f\u0151szerepl\u0151 term\u00e9szete<\/p>\n<p>Bemutatjuk b\u00fcszke kollekci\u00f3nkat, melynek neve \u201eIveco Turbostar 190-42 and Logging Trailer with Crane\u201d, amit nem szabad kihagyni.<\/p>\n<p>Az Iveco Turbostar 190-42 daruval ell\u00e1tott fakitermel\u0151 p\u00f3tkocsi t\u00f6k\u00e9letes term\u00e9k azoknak a rajong\u00f3knak, akik szeretik a f\u00f6ldi g\u00e9pek, p\u00e9ld\u00e1ul traktorok, kotr\u00f3g\u00e9pek \u00e9s f\u00f6ldmunkag\u00e9pek \u00e9p\u00edt\u00e9s\u00e9t \u00e9s karbantart\u00e1s\u00e1t. A nagy sebess\u00e9g\u0171 sebess\u00e9gv\u00e1lt\u00f3 kulcsfontoss\u00e1g\u00fa jellemz\u0151je mellett az Iveco 190-42 daruval ell\u00e1tott fakitermel\u0151 p\u00f3tkocsi daruval is fel van szerelve.&nbsp;<\/p><\/div>","protected":false},"excerpt":{"rendered":"<p>M\u00e1rka: MOC Factory<br \/>\nNem: Uniszex<br \/>\nKoroszt\u00e1ly: &gt; 12 \u00e9ves<br \/>\nModellsz\u00e1m: 107270<br \/>\nBesorol\u00e1s: \u00d6sszeszerel\u00e9s<br \/>\nM\u0171anyag blokk forma: \u00f6nz\u00e1r\u00f3 t\u00e9gla<br \/>\nAnyaga: M\u0171anyag<br \/>\nM\u0171anyag t\u00edpus: ABS<br \/>\nT\u00e9gla blokkok: 2201 +<br \/>\nRendel\u00e9si id\u0151: 4-8 h\u00e9t<\/p>","protected":false},"featured_media":41430,"comment_status":"open","ping_status":"closed","template":"","meta":{"_acf_changed":false},"product_cat":[1357,364],"product_tag":[5205,11267,389,11080,11182],"class_list":["product","first","instock","shipping-taxable","purchasable","product-type-simple"],"acf":[],"_links":{"self":[{"href":"https:\/\/mouldking.store\/hu\/wp-json\/wp\/v2\/product\/41436","targetHints":{"allow":["GET"]}}],"collection":[{"href":"https:\/\/mouldking.store\/hu\/wp-json\/wp\/v2\/product"}],"about":[{"href":"https:\/\/mouldking.store\/hu\/wp-json\/wp\/v2\/types\/product"}],"replies":[{"embeddable":true,"href":"https:\/\/mouldking.store\/hu\/wp-json\/wp\/v2\/comments?post=41436"}],"wp:featuredmedia":[{"embeddable":true,"href":"https:\/\/mouldking.store\/hu\/wp-json\/wp\/v2\/media\/41430"}],"wp:attachment":[{"href":"https:\/\/mouldking.store\/hu\/wp-json\/wp\/v2\/media?parent=41436"}],"wp:term":[{"taxonomy":"product_cat","embeddable":true,"href":"https:\/\/mouldking.store\/hu\/wp-json\/wp\/v2\/product_cat?post=41436"},{"taxonomy":"product_tag","embeddable":true,"href":"https:\/\/mouldking.store\/hu\/wp-json\/wp\/v2\/product_tag?post=41436"}],"curies":[{"name":"wp","href":"https:\/\/api.w.org\/{rel}","templated":true}]}}