{"id":41473,"date":"2023-02-13T09:30:21","date_gmt":"2023-02-13T02:30:21","guid":{"rendered":"https:\/\/mouldking.store\/shop\/custom-custom-996-diablo-god-of-disaster-and-war-with-3568-pieces\/"},"modified":"2023-02-13T09:30:21","modified_gmt":"2023-02-13T02:30:21","slug":"custom-custom-996-diablo-god-of-disaster-and-war-with-3568-pieces","status":"publish","type":"product","link":"https:\/\/mouldking.store\/hu\/shop\/custom-custom-996-diablo-god-of-disaster-and-war-with-3568-pieces\/","title":{"rendered":"Egyedi egyedi 996 Diablo God of Disaster and War 3568 darabbal"},"content":{"rendered":"<div>\u2705 Custom 996 Diablo God of Disaster and War<\/p>\n<p>\u2705Diablo is a demon in the Diablo series of action role-playing video games developed by Blizzard Entertainment. In the game&#8217;s lore, Diablo is the Lord of Terror and one of the Prime Evils, a group of powerful demons who seek to enslave humanity. He is often depicted as a powerful and malevolent force that seeks to spread destruction and chaos wherever he goes.<\/p>\n<p>\ud83d\udeab FONTOS!<\/p>\n<p>Product Name: Diablo God of Disaster and War<\/p>\n<p>Kateg\u00f3ria: Alkot\u00f3<\/p>\n<p>This Kit Contains: Custom 996<\/p>\n<p>3568 pcs Good Quality Bricks<\/p>\n<p>Size: 25.4 \u00d7 14.6 \u00d7 46 cm<\/p>\n<p>K\u00e9zi utas\u00edt\u00e1sok<\/p>\n<p>\ud83d\udcccA f\u0151szerepl\u0151 term\u00e9szete<\/p>\n<p>Introducing our proud collection named \u201cDiablo God of Disaster and War you should not miss.<\/p>\n<p>In the games, Diablo is the primary antagonist, and the player takes on the role of a hero who must stop him and his minions from wreaking havoc on the world. Throughout the series, Diablo is often depicted as a formidable opponent who possesses immense power and strength, making him one of the most challenging bosses in the game. Despite this, the player must defeat him in order to save humanity and restore balance to the world. Released in 2023, this creative building block set is based on the idea of designing an entire world from scratch. The blocks are used to build a complete landscape, with mountains, trees and more.<\/p><\/div>","protected":false},"excerpt":{"rendered":"<p>M\u00e1rka: Custom<br \/>\nNem: Uniszex<br \/>\nKoroszt\u00e1ly: 8 \u00e9v felett<br \/>\nModel Number: Custom 996<br \/>\nBesorol\u00e1s: \u00d6sszeszerel\u00e9s<br \/>\nM\u0171anyag blokk forma: \u00f6nz\u00e1r\u00f3 t\u00e9gla<br \/>\nAnyaga: M\u0171anyag<br \/>\nM\u0171anyag t\u00edpus: ABS<br \/>\nBricks Blocks: 3568 +<br \/>\nNincs doboz<\/p>","protected":false},"featured_media":41469,"comment_status":"open","ping_status":"closed","template":"","meta":{"_acf_changed":false},"product_cat":[1365,371,415],"product_tag":[11072,8452,11269,4605,1571,4560],"class_list":["product","first","instock","shipping-taxable","purchasable","product-type-simple"],"acf":[],"_links":{"self":[{"href":"https:\/\/mouldking.store\/hu\/wp-json\/wp\/v2\/product\/41473","targetHints":{"allow":["GET"]}}],"collection":[{"href":"https:\/\/mouldking.store\/hu\/wp-json\/wp\/v2\/product"}],"about":[{"href":"https:\/\/mouldking.store\/hu\/wp-json\/wp\/v2\/types\/product"}],"replies":[{"embeddable":true,"href":"https:\/\/mouldking.store\/hu\/wp-json\/wp\/v2\/comments?post=41473"}],"wp:featuredmedia":[{"embeddable":true,"href":"https:\/\/mouldking.store\/hu\/wp-json\/wp\/v2\/media\/41469"}],"wp:attachment":[{"href":"https:\/\/mouldking.store\/hu\/wp-json\/wp\/v2\/media?parent=41473"}],"wp:term":[{"taxonomy":"product_cat","embeddable":true,"href":"https:\/\/mouldking.store\/hu\/wp-json\/wp\/v2\/product_cat?post=41473"},{"taxonomy":"product_tag","embeddable":true,"href":"https:\/\/mouldking.store\/hu\/wp-json\/wp\/v2\/product_tag?post=41473"}],"curies":[{"name":"wp","href":"https:\/\/api.w.org\/{rel}","templated":true}]}}