{"id":41486,"date":"2023-02-13T09:50:43","date_gmt":"2023-02-13T02:50:43","guid":{"rendered":"https:\/\/mouldking.store\/shop\/loz-1072-sichuan-style-hot-pot-with-4344-pieces\/"},"modified":"2023-02-13T09:50:43","modified_gmt":"2023-02-13T02:50:43","slug":"loz-1072-sichuan-style-hot-pot-with-4344-pieces","status":"publish","type":"product","link":"https:\/\/mouldking.store\/hu\/shop\/loz-1072-sichuan-style-hot-pot-with-4344-pieces\/","title":{"rendered":"LOZ 1072 Sichuan st\u00edlus\u00fa forr\u00f3 ed\u00e9ny 4344 darabbal"},"content":{"rendered":"<div>\u2705 LOZ 1072 Sichuan st\u00edlus\u00fa forr\u00f3 ed\u00e9ny<\/p>\n<p>\u2705A szecsu\u00e1ni st\u00edlus\u00fa forr\u00f3 ed\u00e9ny egyfajta forr\u00f3 ed\u00e9ny, amely K\u00edna Szecsu\u00e1n tartom\u00e1ny\u00e1b\u00f3l sz\u00e1rmazik. Ez egy olyan k\u00f6z\u00f6s \u00e9tkez\u00e9s, ahol az \u00e9tkez\u0151k k\u00fcl\u00f6nf\u00e9le nyersanyagokat f\u0151znek az asztal k\u00f6zep\u00e9n elhelyezett, \u00edzes h\u00faslevesben forg\u00f3 faz\u00e9kban. A szecsu\u00e1ni st\u00edlus\u00fa forr\u00f3 ed\u00e9ny h\u00faslevese jellemz\u0151en f\u0171szeres \u00e9s arom\u00e1s, f\u0171szerek \u00e9s f\u0171szerek kever\u00e9k\u00e9b\u0151l k\u00e9sz\u00fcl, bele\u00e9rtve a szecsu\u00e1ni borsot, gy\u00f6mb\u00e9rt, fokhagym\u00e1t \u00e9s chili paprik\u00e1t.<\/p>\n<p>\ud83d\udeab FONTOS!<\/p>\n<p>Term\u00e9k neve: Sichuan Style Hot Pot<\/p>\n<p>Kateg\u00f3ria: Alkot\u00f3<\/p>\n<p>A k\u00e9szlet tartalma: LOZ 1072<\/p>\n<p>4344 db J\u00f3 min\u0151s\u00e9g\u0171 t\u00e9gla<\/p>\n<p>K\u00e9zi utas\u00edt\u00e1sok<\/p>\n<p>\ud83d\udcccA f\u0151szerepl\u0151 term\u00e9szete<\/p>\n<p>Bemutatjuk b\u00fcszke kollekci\u00f3nkat, a \u201eSichuan Style Hot Pot\u201d-ot, amit \u00e9rdemes kihagyni.<\/p>\n<p>A szecsu\u00e1ni st\u00edlus\u00fa hot pot \u00e9tkez\u00e9s sor\u00e1n az \u00e9tkez\u0151k olyan nyers \u00f6sszetev\u0151ket v\u00e1lasztanak ki, mint a h\u00fasok (p\u00e9ld\u00e1ul marhah\u00fas, b\u00e1r\u00e1ny vagy csirke), tenger gy\u00fcm\u00f6lcsei, z\u00f6lds\u00e9gek \u00e9s t\u00e9szt\u00e1k, \u00e9s az asztaln\u00e1l f\u0151zik meg \u0151ket a h\u00faslevesben. A hozz\u00e1val\u00f3k megf\u0151z\u00e9se ut\u00e1n jellemz\u0151en m\u00e1rtogat\u00f3s sz\u00f3szokkal \u00e9s f\u0171szerekkel, p\u00e9ld\u00e1ul sz\u00f3jasz\u00f3sszal, ecettel \u00e9s chiliolajjal t\u00e1lalj\u00e1k, hogy m\u00e9g \u00edzesebb\u00e9 tegy\u00e9k az \u00e9telt. Szecsu\u00e1ni \u00edz\u0171 forr\u00f3 ed\u00e9ny \u00e9p\u00edt\u0151kock\u00e1k A Shiwan 4344 k\u00fcl\u00f6nb\u00f6z\u0151 \u00e9p\u00edt\u0151elemet tartalmaz, amelyek seg\u00edts\u00e9g\u00e9vel k\u00fcl\u00f6nf\u00e9le f\u0151z\u00e9si \u00e9teleket k\u00e9sz\u00edthet. Nem sz\u00e1m\u00edt, mi a preferenci\u00e1ja, ez a csod\u00e1latos k\u00e9szlet mindenki sz\u00e1m\u00e1ra tartogat valamit.<\/p><\/div>","protected":false},"excerpt":{"rendered":"<p>M\u00e1rka: LOZ<br \/>\nNem: Uniszex<br \/>\nKoroszt\u00e1ly: &gt; 6 \u00e9v<br \/>\nModellsz\u00e1m: 1072<br \/>\nBesorol\u00e1s: \u00d6sszeszerel\u00e9s<br \/>\nM\u0171anyag blokk forma: \u00f6nz\u00e1r\u00f3 t\u00e9gla<br \/>\nAnyaga: M\u0171anyag<br \/>\nM\u0171anyag t\u00edpus: ABS<br \/>\nT\u00e9gla T\u00e9gla: 4344 +<br \/>\nNincs doboz<\/p>","protected":false},"featured_media":41480,"comment_status":"open","ping_status":"closed","template":"","meta":{"_acf_changed":false},"product_cat":[1365,371],"product_tag":[11072,8452,5448,11272],"class_list":["product","first","instock","shipping-taxable","purchasable","product-type-simple"],"acf":[],"_links":{"self":[{"href":"https:\/\/mouldking.store\/hu\/wp-json\/wp\/v2\/product\/41486","targetHints":{"allow":["GET"]}}],"collection":[{"href":"https:\/\/mouldking.store\/hu\/wp-json\/wp\/v2\/product"}],"about":[{"href":"https:\/\/mouldking.store\/hu\/wp-json\/wp\/v2\/types\/product"}],"replies":[{"embeddable":true,"href":"https:\/\/mouldking.store\/hu\/wp-json\/wp\/v2\/comments?post=41486"}],"wp:featuredmedia":[{"embeddable":true,"href":"https:\/\/mouldking.store\/hu\/wp-json\/wp\/v2\/media\/41480"}],"wp:attachment":[{"href":"https:\/\/mouldking.store\/hu\/wp-json\/wp\/v2\/media?parent=41486"}],"wp:term":[{"taxonomy":"product_cat","embeddable":true,"href":"https:\/\/mouldking.store\/hu\/wp-json\/wp\/v2\/product_cat?post=41486"},{"taxonomy":"product_tag","embeddable":true,"href":"https:\/\/mouldking.store\/hu\/wp-json\/wp\/v2\/product_tag?post=41486"}],"curies":[{"name":"wp","href":"https:\/\/api.w.org\/{rel}","templated":true}]}}