{"id":41489,"date":"2023-02-13T09:58:19","date_gmt":"2023-02-13T02:58:19","guid":{"rendered":"https:\/\/mouldking.store\/shop\/cada-c83002-z-bot-programming-robot-with-462-pieces\/"},"modified":"2023-03-08T10:47:18","modified_gmt":"2023-03-08T03:47:18","slug":"cada-c83002-z-bot-programming-robot-with-462-pieces","status":"publish","type":"product","link":"https:\/\/mouldking.store\/hu\/shop\/cada-c83002-z-bot-programming-robot-with-462-pieces\/","title":{"rendered":"CaDa C83002 Z.BOT programoz\u00f3 robot 462 darabbal"},"content":{"rendered":"<div>\u2705 CaDA C83002 Z.BOT Programming Robot<\/p>\n<p>\u2705The Z.BOT programming robot is the first release in a new line of building block sets, which includes 462 pieces. First released in 2023, Z.BOT is a high-performance professional electronic product that opens up doors for youngsters to learn how to code by building their own robots with just a few pieces.<\/p>\n<p>\ud83d\udeab FONTOS!<\/p>\n<p>Product Name: Z.BOT Programming Robot<\/p>\n<p>Kateg\u00f3ria: Alkot\u00f3<\/p>\n<p>This Kit Contains: CaDA C83002<\/p>\n<p>462 pcs Good Quality Bricks<\/p>\n<p>Size: 15.3 \u00d7 15.6 \u00d7 24 cm<\/p>\n<p>K\u00e9zi utas\u00edt\u00e1sok<\/p>\n<p>\ud83d\udcccA f\u0151szerepl\u0151 term\u00e9szete<\/p>\n<p>Introducing our proud collection named \u201cZ.BOT Programming Robot\u201d you should not miss.<\/p>\n<p>It is a type of building block set that allows users to construct and program their own robot, incorporating various mechanical and electronic components. With 462 building block particles included in the set, users have the ability to create a variety of different robots and program them to perform a range of functions.<\/p><\/div>","protected":false},"excerpt":{"rendered":"<p>M\u00e1rka: CaDa<br \/>\nNem: Uniszex<br \/>\nKoroszt\u00e1ly: &gt; 6 \u00e9v<br \/>\nModel Number: C83002<br \/>\nBesorol\u00e1s: \u00d6sszeszerel\u00e9s<br \/>\nM\u0171anyag blokk forma: \u00f6nz\u00e1r\u00f3 t\u00e9gla<br \/>\nAnyaga: M\u0171anyag<br \/>\nM\u0171anyag t\u00edpus: ABS<br \/>\nBricks Blocks: 462 +<br \/>\nNincs doboz<br \/>\nEl\u0151v\u00e9tel<\/p>","protected":false},"featured_media":41487,"comment_status":"open","ping_status":"closed","template":"","meta":{"_acf_changed":false},"product_cat":[1365,371],"product_tag":[11072,8452,11273,590],"class_list":["product","first","instock","shipping-taxable","purchasable","product-type-simple"],"acf":[],"_links":{"self":[{"href":"https:\/\/mouldking.store\/hu\/wp-json\/wp\/v2\/product\/41489","targetHints":{"allow":["GET"]}}],"collection":[{"href":"https:\/\/mouldking.store\/hu\/wp-json\/wp\/v2\/product"}],"about":[{"href":"https:\/\/mouldking.store\/hu\/wp-json\/wp\/v2\/types\/product"}],"replies":[{"embeddable":true,"href":"https:\/\/mouldking.store\/hu\/wp-json\/wp\/v2\/comments?post=41489"}],"wp:featuredmedia":[{"embeddable":true,"href":"https:\/\/mouldking.store\/hu\/wp-json\/wp\/v2\/media\/41487"}],"wp:attachment":[{"href":"https:\/\/mouldking.store\/hu\/wp-json\/wp\/v2\/media?parent=41489"}],"wp:term":[{"taxonomy":"product_cat","embeddable":true,"href":"https:\/\/mouldking.store\/hu\/wp-json\/wp\/v2\/product_cat?post=41489"},{"taxonomy":"product_tag","embeddable":true,"href":"https:\/\/mouldking.store\/hu\/wp-json\/wp\/v2\/product_tag?post=41489"}],"curies":[{"name":"wp","href":"https:\/\/api.w.org\/{rel}","templated":true}]}}