{"id":41492,"date":"2023-02-13T10:08:36","date_gmt":"2023-02-13T03:08:36","guid":{"rendered":"https:\/\/mouldking.store\/shop\/zhegao-dz6110-sunshine-villa-with-2395-pieces\/"},"modified":"2023-03-08T10:49:29","modified_gmt":"2023-03-08T03:49:29","slug":"zhegao-dz6110-sunshine-villa-with-2395-pieces","status":"publish","type":"product","link":"https:\/\/mouldking.store\/hu\/shop\/zhegao-dz6110-sunshine-villa-with-2395-pieces\/","title":{"rendered":"ZHEGAO DZ6110 Sunshine Villa with 2395 Pieces"},"content":{"rendered":"<div>\u2705 ZHEGAO DZ6110 Sunshine Villa<\/p>\n<p>\u2705Sunshine Villa is a perfect set for kids and adults who love building blocks. With 2395 different building blocks in the set, you are sure to have enough blocks to create any design your heart desires!<\/p>\n<p>\ud83d\udeab FONTOS!<\/p>\n<p>Product name: Sunshine Villa<\/p>\n<p>Kateg\u00f3ria: Modul\u00e1ris \u00e9p\u00fclet<\/p>\n<p>This Kit Contains: ZHEGAO DZ6110<\/p>\n<p>2395 pcs Good Quality Bricks<\/p>\n<p>Size: 25.2 \u00d7 25.2 \u00d7 23.6 cm<\/p>\n<p>K\u00e9zi utas\u00edt\u00e1sok<\/p>\n<p>\ud83d\udcccA f\u0151szerepl\u0151 term\u00e9szete<\/p>\n<p>Introducing our proud collection named \u201cSunshine Villa\u201d you should not miss.<\/p>\n<p>&#8220;Sunshine Villa&#8221; is a building block set for creative and imaginative play. With 2395 building block pieces, it provides ample materials for constructing a variety of structures and models.<\/p><\/div>","protected":false},"excerpt":{"rendered":"<p>M\u00e1rka: ZHEGAO<br \/>\nNem: Uniszex<br \/>\nKorhat\u00e1r: 14 \u00e9v felett<br \/>\nModel Number: DZ6110<br \/>\nBesorol\u00e1s: \u00d6sszeszerel\u00e9s<br \/>\nM\u0171anyag blokk forma: \u00f6nz\u00e1r\u00f3 t\u00e9gla<br \/>\nAnyaga: M\u0171anyag<br \/>\nM\u0171anyag t\u00edpus: ABS<br \/>\nBricks Blocks: 2395 +<br \/>\nEl\u0151v\u00e9tel<\/p>","protected":false},"featured_media":41490,"comment_status":"open","ping_status":"closed","template":"","meta":{"_acf_changed":false},"product_cat":[1395,390],"product_tag":[727,4883,392,6614],"class_list":["product","first","instock","shipping-taxable","purchasable","product-type-simple"],"acf":[],"_links":{"self":[{"href":"https:\/\/mouldking.store\/hu\/wp-json\/wp\/v2\/product\/41492","targetHints":{"allow":["GET"]}}],"collection":[{"href":"https:\/\/mouldking.store\/hu\/wp-json\/wp\/v2\/product"}],"about":[{"href":"https:\/\/mouldking.store\/hu\/wp-json\/wp\/v2\/types\/product"}],"replies":[{"embeddable":true,"href":"https:\/\/mouldking.store\/hu\/wp-json\/wp\/v2\/comments?post=41492"}],"wp:featuredmedia":[{"embeddable":true,"href":"https:\/\/mouldking.store\/hu\/wp-json\/wp\/v2\/media\/41490"}],"wp:attachment":[{"href":"https:\/\/mouldking.store\/hu\/wp-json\/wp\/v2\/media?parent=41492"}],"wp:term":[{"taxonomy":"product_cat","embeddable":true,"href":"https:\/\/mouldking.store\/hu\/wp-json\/wp\/v2\/product_cat?post=41492"},{"taxonomy":"product_tag","embeddable":true,"href":"https:\/\/mouldking.store\/hu\/wp-json\/wp\/v2\/product_tag?post=41492"}],"curies":[{"name":"wp","href":"https:\/\/api.w.org\/{rel}","templated":true}]}}