{"id":41495,"date":"2023-02-13T10:16:51","date_gmt":"2023-02-13T03:16:51","guid":{"rendered":"https:\/\/mouldking.store\/shop\/cada-c51082-zonda-z-wind-with-258-pieces\/"},"modified":"2023-12-27T16:33:13","modified_gmt":"2023-12-27T09:33:13","slug":"cada-c51082-zonda-z-wind-with-258-pieces","status":"publish","type":"product","link":"https:\/\/mouldking.store\/hu\/shop\/cada-c51082-zonda-z-wind-with-258-pieces\/","title":{"rendered":"CaDa C51082 Zonda Z-Wind 258 darabbal"},"content":{"rendered":"<div>\u2705 CaDA C51082&nbsp; Zonda Z-Wind<\/p>\n<p>\u2705Z-Wind is a set of building block particles for the racing series. The individual blocks can be used to create amazing models, cars and all sorts of other creations. By using these you are able to bring your imagination to life and make it into a reality.<\/p>\n<p>\ud83d\udeab FONTOS!<\/p>\n<p>Product Name: Zonda Z-Wind<\/p>\n<p>Kateg\u00f3ria: M\u0171szaki<\/p>\n<p>This Kit Contains: CaDA C51082<\/p>\n<p>258 pcs Good Quality Bricks<\/p>\n<p>Size: 19.8 \u00d7 8.9 \u00d7 5.8 cm<\/p>\n<p>K\u00e9zi utas\u00edt\u00e1sok<\/p>\n<p>\ud83d\udcccA f\u0151szerepl\u0151 term\u00e9szete<\/p>\n<p>Introducing our proud collection named \u201cZonda Z-Wind\u201d you should not miss.<\/p>\n<p>The Zonda Z-Wind is a racing-themed building block set that includes 258 building block pieces. It was first released in 2023.<\/p><\/div>","protected":false},"excerpt":{"rendered":"<p>M\u00e1rka: CaDa<br \/>\nNem: Uniszex<br \/>\nKoroszt\u00e1ly: &gt; 6 \u00e9v<br \/>\nModel Number: C51082<br \/>\nBesorol\u00e1s: \u00d6sszeszerel\u00e9s<br \/>\nM\u0171anyag blokk forma: \u00f6nz\u00e1r\u00f3 t\u00e9gla<br \/>\nAnyaga: M\u0171anyag<br \/>\nM\u0171anyag t\u00edpus: ABS<br \/>\nBricks Blocks: 258 +<br \/>\nNincs doboz<br \/>\nEl\u0151v\u00e9tel<\/p>","protected":false},"featured_media":41493,"comment_status":"open","ping_status":"closed","template":"","meta":{"_acf_changed":false},"product_cat":[1360,1357,364],"product_tag":[457,389,11080,11274,6304],"class_list":["product","first","instock","shipping-taxable","purchasable","product-type-simple"],"acf":[],"_links":{"self":[{"href":"https:\/\/mouldking.store\/hu\/wp-json\/wp\/v2\/product\/41495","targetHints":{"allow":["GET"]}}],"collection":[{"href":"https:\/\/mouldking.store\/hu\/wp-json\/wp\/v2\/product"}],"about":[{"href":"https:\/\/mouldking.store\/hu\/wp-json\/wp\/v2\/types\/product"}],"replies":[{"embeddable":true,"href":"https:\/\/mouldking.store\/hu\/wp-json\/wp\/v2\/comments?post=41495"}],"wp:featuredmedia":[{"embeddable":true,"href":"https:\/\/mouldking.store\/hu\/wp-json\/wp\/v2\/media\/41493"}],"wp:attachment":[{"href":"https:\/\/mouldking.store\/hu\/wp-json\/wp\/v2\/media?parent=41495"}],"wp:term":[{"taxonomy":"product_cat","embeddable":true,"href":"https:\/\/mouldking.store\/hu\/wp-json\/wp\/v2\/product_cat?post=41495"},{"taxonomy":"product_tag","embeddable":true,"href":"https:\/\/mouldking.store\/hu\/wp-json\/wp\/v2\/product_tag?post=41495"}],"curies":[{"name":"wp","href":"https:\/\/api.w.org\/{rel}","templated":true}]}}