{"id":41499,"date":"2023-02-13T10:37:24","date_gmt":"2023-02-13T03:37:24","guid":{"rendered":"https:\/\/mouldking.store\/shop\/cada-c61503-mercedes-benz-amg-one-with-3290-pieces\/"},"modified":"2024-01-16T15:46:19","modified_gmt":"2024-01-16T08:46:19","slug":"cada-c61503-mercedes-benz-amg-one-with-3290-pieces","status":"publish","type":"product","link":"https:\/\/mouldking.store\/hu\/shop\/cada-c61503-mercedes-benz-amg-one-with-3290-pieces\/","title":{"rendered":"CaDa C61503 Mercedes-Benz AMG ONE 3290 darabbal"},"content":{"rendered":"<div>\u2705 CaDA C61503 Mercedes-Benz AMG ONE<\/p>\n<p>\u2705A Mercedes-Benz AMG ONE egy limit\u00e1lt sz\u00e9ri\u00e1s hiperaut\u00f3, amelyet a Mercedes-AMG, a Mercedes-Benz nagy teljes\u00edtm\u00e9ny\u0171 r\u00e9szlege gy\u00e1rt. El\u0151sz\u00f6r 2018-ban mutatt\u00e1k be, \u00e9s egy hibrid hajt\u00e1sl\u00e1nc hajtja, amely egy turb\u00f3felt\u00f6lt\u00e9s\u0171 bels\u0151 \u00e9g\u00e9s\u0171 motort \u00e9s n\u00e9gy elektromos motort kombin\u00e1l, \u00e9s \u00f6sszesen t\u00f6bb mint 1000 l\u00f3er\u0151t ad le.<\/p>\n<p>\ud83d\udeab FONTOS!<\/p>\n<p>Term\u00e9kn\u00e9v: Mercedes-Benz AMG ONE<\/p>\n<p>Kateg\u00f3ria: M\u0171szaki<\/p>\n<p>A k\u00e9szlet tartalma: CaDA C61503<\/p>\n<p>3290 db J\u00f3 min\u0151s\u00e9g\u0171 t\u00e9gla<\/p>\n<p>K\u00e9zi utas\u00edt\u00e1sok<\/p>\n<p>\ud83d\udcccA f\u0151szerepl\u0151 term\u00e9szete<\/p>\n<p>Bemutatjuk b\u00fcszke \u201eMercedes-Benz AMG ONE\u201d kollekci\u00f3nkat, amelyet nem szabad kihagyni.<\/p>\n<p>A Mercedes-Benz egy teljesen \u00faj j\u00e1t\u00e9kot k\u00e9sz\u00edtett minden aut\u00f3kedvel\u0151 sz\u00e1m\u00e1ra, a Mercedes-AMG ONE-nal. Ez a k\u00e9szlet 3290 \u00e9p\u00edt\u0151elem r\u00e9szecsk\u00e9t tartalmaz, \u00e1ttetsz\u0151 vagy fekete sz\u00ednben v\u00e1s\u00e1rolhat\u00f3 meg. A Mercedes-AMG ONE els\u0151 kiad\u00e1sa 2023-ban jelenik meg. Az AMG ONE-t a p\u00e1ly\u00e1ra koncentr\u00e1lt vezet\u00e9shez tervezt\u00e9k, fejlett aerodinamik\u00e1j\u00e1val \u00e9s k\u00f6nny\u0171 szerkezet\u00e9vel nagy teljes\u00edtm\u00e9nyt \u00e9s mozg\u00e9konys\u00e1got biztos\u00edt. Az aut\u00f3t olyan fejlett technol\u00f3giai funkci\u00f3kkal l\u00e1tt\u00e1k el, mint a fejlett felf\u00fcggeszt\u00e9si rendszer \u00e9s fejlett stabilit\u00e1sszab\u00e1lyoz\u00f3 rendszerek, valamint olyan funkci\u00f3kat, mint a sz\u00e9nsz\u00e1las monocoque, a tol\u00f3rudas felf\u00fcggeszt\u00e9s \u00e9s az akt\u00edv aerodinamika. A Mercedes-Benz AMG ONE mind\u00f6ssze 275 darabb\u00f3l k\u00e9sz\u00fcl, \u00edgy rendk\u00edv\u00fcl exkluz\u00edv \u00e9s keresett aut\u00f3.<\/p><\/div>","protected":false},"excerpt":{"rendered":"<p>M\u00e1rka: CaDa<br \/>\nNem: Uniszex<br \/>\nKorhat\u00e1r: 14 \u00e9v felett<br \/>\nModellsz\u00e1m: C61503<br \/>\nBesorol\u00e1s: \u00d6sszeszerel\u00e9s<br \/>\nM\u0171anyag blokk forma: \u00f6nz\u00e1r\u00f3 t\u00e9gla<br \/>\nAnyaga: M\u0171anyag<br \/>\nM\u0171anyag t\u00edpus: ABS<br \/>\nT\u00e9gla T\u00e9gla: 3290 +<br \/>\nIts production materials are very special. The tires and wheels are customized by Michelin, and authorization from Mercedes<\/p>","protected":false},"featured_media":41496,"comment_status":"open","ping_status":"closed","template":"","meta":{"_acf_changed":false},"product_cat":[1360,1357,364],"product_tag":[1456,457,4983,11275,1413,389,11080],"class_list":["product","first","outofstock","shipping-taxable","purchasable","product-type-simple"],"acf":[],"_links":{"self":[{"href":"https:\/\/mouldking.store\/hu\/wp-json\/wp\/v2\/product\/41499","targetHints":{"allow":["GET"]}}],"collection":[{"href":"https:\/\/mouldking.store\/hu\/wp-json\/wp\/v2\/product"}],"about":[{"href":"https:\/\/mouldking.store\/hu\/wp-json\/wp\/v2\/types\/product"}],"replies":[{"embeddable":true,"href":"https:\/\/mouldking.store\/hu\/wp-json\/wp\/v2\/comments?post=41499"}],"wp:featuredmedia":[{"embeddable":true,"href":"https:\/\/mouldking.store\/hu\/wp-json\/wp\/v2\/media\/41496"}],"wp:attachment":[{"href":"https:\/\/mouldking.store\/hu\/wp-json\/wp\/v2\/media?parent=41499"}],"wp:term":[{"taxonomy":"product_cat","embeddable":true,"href":"https:\/\/mouldking.store\/hu\/wp-json\/wp\/v2\/product_cat?post=41499"},{"taxonomy":"product_tag","embeddable":true,"href":"https:\/\/mouldking.store\/hu\/wp-json\/wp\/v2\/product_tag?post=41499"}],"curies":[{"name":"wp","href":"https:\/\/api.w.org\/{rel}","templated":true}]}}