{"id":41502,"date":"2023-02-13T10:46:48","date_gmt":"2023-02-13T03:46:48","guid":{"rendered":"https:\/\/mouldking.store\/shop\/qman-enlighten-keeppley-32020-wonderland-of-blossoms-flower-sea-afternoon-tea-with-673-pieces\/"},"modified":"2023-03-08T10:30:09","modified_gmt":"2023-03-08T03:30:09","slug":"qman-enlighten-keeppley-32020-wonderland-of-blossoms-flower-sea-afternoon-tea-with-673-pieces","status":"publish","type":"product","link":"https:\/\/mouldking.store\/hu\/shop\/qman-enlighten-keeppley-32020-wonderland-of-blossoms-flower-sea-afternoon-tea-with-673-pieces\/","title":{"rendered":"QMAN \/ ENLIGHTEN \/ KEEPPLEY 32020 Vir\u00e1gok Csodaorsz\u00e1ga: Vir\u00e1gos tengeri d\u00e9lut\u00e1ni tea 673 darabbal"},"content":{"rendered":"<div>\u2705 QMAN 32020 Wonderland of Blossoms: Flower Sea Afternoon Tea<\/p>\n<p>\u2705This is a building block set of the girl series. It contains 673 particles, which can be used to build wondrous things. The first release in this series was in 2023.<\/p>\n<p>\ud83d\udeab FONTOS!<\/p>\n<p>Product Name: Wonderland of Blossoms: Flower Sea Afternoon Tea<\/p>\n<p>Kateg\u00f3ria: Alkot\u00f3<\/p>\n<p>This Kit Contains: QMAN 32020<\/p>\n<p>673 pcs Good Quality Bricks<\/p>\n<p>Size: 41 \u00d7 6.5 \u00d7 30 cm<\/p>\n<p>K\u00e9zi utas\u00edt\u00e1sok<\/p>\n<p>\ud83d\udcccA f\u0151szerepl\u0151 term\u00e9szete<\/p>\n<p>Introducing our proud collection named \u201cWonderland of Blossoms: Flower Sea Afternoon Tea\u201d you should not miss.<\/p>\n<p>The blocks, patterns and scents of Wonderland&#8217;s floral sea make a magical decoration for your home. This product is the most delightful of all. World\u2019s first building block set that comes in a convenient, take-with-you bag and you&#8217;ll be able to make so many creations with it!<\/p><\/div>","protected":false},"excerpt":{"rendered":"<p>M\u00e1rka: QMAN \/ ENLIGHTEN \/ KEEPPLEY<br \/>\nNem: Uniszex<br \/>\nKoroszt\u00e1ly: &gt; 6 \u00e9v<br \/>\nModel Number: 32020<br \/>\nBesorol\u00e1s: \u00d6sszeszerel\u00e9s<br \/>\nM\u0171anyag blokk forma: \u00f6nz\u00e1r\u00f3 t\u00e9gla<br \/>\nAnyaga: M\u0171anyag<br \/>\nM\u0171anyag t\u00edpus: ABS<br \/>\nBricks Blocks: 673 +<br \/>\nEl\u0151v\u00e9tel<\/p>","protected":false},"featured_media":41500,"comment_status":"open","ping_status":"closed","template":"","meta":{"_acf_changed":false},"product_cat":[1365,371],"product_tag":[11277,11072,8452,11106,11276,3226],"class_list":["product","first","instock","shipping-taxable","purchasable","product-type-simple"],"acf":[],"_links":{"self":[{"href":"https:\/\/mouldking.store\/hu\/wp-json\/wp\/v2\/product\/41502","targetHints":{"allow":["GET"]}}],"collection":[{"href":"https:\/\/mouldking.store\/hu\/wp-json\/wp\/v2\/product"}],"about":[{"href":"https:\/\/mouldking.store\/hu\/wp-json\/wp\/v2\/types\/product"}],"replies":[{"embeddable":true,"href":"https:\/\/mouldking.store\/hu\/wp-json\/wp\/v2\/comments?post=41502"}],"wp:featuredmedia":[{"embeddable":true,"href":"https:\/\/mouldking.store\/hu\/wp-json\/wp\/v2\/media\/41500"}],"wp:attachment":[{"href":"https:\/\/mouldking.store\/hu\/wp-json\/wp\/v2\/media?parent=41502"}],"wp:term":[{"taxonomy":"product_cat","embeddable":true,"href":"https:\/\/mouldking.store\/hu\/wp-json\/wp\/v2\/product_cat?post=41502"},{"taxonomy":"product_tag","embeddable":true,"href":"https:\/\/mouldking.store\/hu\/wp-json\/wp\/v2\/product_tag?post=41502"}],"curies":[{"name":"wp","href":"https:\/\/api.w.org\/{rel}","templated":true}]}}