{"id":41508,"date":"2023-02-13T11:04:30","date_gmt":"2023-02-13T04:04:30","guid":{"rendered":"https:\/\/mouldking.store\/shop\/qman-enlighten-keeppley-32017-wonderland-of-flowers-garden-of-roses-with-359-pieces\/"},"modified":"2023-03-08T10:34:02","modified_gmt":"2023-03-08T03:34:02","slug":"qman-enlighten-keeppley-32017-wonderland-of-flowers-garden-of-roses-with-359-pieces","status":"publish","type":"product","link":"https:\/\/mouldking.store\/hu\/shop\/qman-enlighten-keeppley-32017-wonderland-of-flowers-garden-of-roses-with-359-pieces\/","title":{"rendered":"QMAN \/ ENLIGHTEN \/ KEEPPLEY 32017 Vir\u00e1gok Csodaorsz\u00e1ga: R\u00f3zsakert 359 darabbal"},"content":{"rendered":"<div>\u2705 QMAN 32017 Wonderland of Flowers: Garden of Roses<\/p>\n<p>\u2705The design team of the world-renowned Wonderland of Flowers has created Princess Leah, a sweet and graceful girl with a gentle nature who loves flowers. She is an adorably unique piece that will look perfect in any space.<\/p>\n<p>\ud83d\udeab FONTOS!<\/p>\n<p>Product Name: Wonderland of Flowers: Garden of Roses<\/p>\n<p>Kateg\u00f3ria: Alkot\u00f3<\/p>\n<p>This Kit Contains: QMAN 32017<\/p>\n<p>359 pcs Good Quality Bricks<\/p>\n<p>K\u00e9zi utas\u00edt\u00e1sok<\/p>\n<p>\ud83d\udcccA f\u0151szerepl\u0151 term\u00e9szete<\/p>\n<p>Introducing our proud collection named \u201cWonderland of Flowers: Garden of Roses\u201d you should not miss.<\/p>\n<p>The Wonderland of Flowers: Rose Garden (Princess Leah) is a set of playing blocks that combine to make a gorgeous, full-color 3D model. The 3D blocks are made with a resin material and have over 360 parts. This building block set comes with instructions for assembly, which can be completed by ages 6 and up.<\/p><\/div>","protected":false},"excerpt":{"rendered":"<p>M\u00e1rka: QMAN \/ ENLIGHTEN \/ KEEPPLEY<br \/>\nNem: Uniszex<br \/>\nKoroszt\u00e1ly: &gt; 6 \u00e9v<br \/>\nModel Number: 32017<br \/>\nBesorol\u00e1s: \u00d6sszeszerel\u00e9s<br \/>\nM\u0171anyag blokk forma: \u00f6nz\u00e1r\u00f3 t\u00e9gla<br \/>\nAnyaga: M\u0171anyag<br \/>\nM\u0171anyag t\u00edpus: ABS<br \/>\nBricks Blocks: 359 +<br \/>\nEl\u0151v\u00e9tel<\/p>","protected":false},"featured_media":41506,"comment_status":"open","ping_status":"closed","template":"","meta":{"_acf_changed":false},"product_cat":[1365,371],"product_tag":[11072,8452,11106,7572,11276,3226,11279],"class_list":["product","first","instock","shipping-taxable","purchasable","product-type-simple"],"acf":[],"_links":{"self":[{"href":"https:\/\/mouldking.store\/hu\/wp-json\/wp\/v2\/product\/41508","targetHints":{"allow":["GET"]}}],"collection":[{"href":"https:\/\/mouldking.store\/hu\/wp-json\/wp\/v2\/product"}],"about":[{"href":"https:\/\/mouldking.store\/hu\/wp-json\/wp\/v2\/types\/product"}],"replies":[{"embeddable":true,"href":"https:\/\/mouldking.store\/hu\/wp-json\/wp\/v2\/comments?post=41508"}],"wp:featuredmedia":[{"embeddable":true,"href":"https:\/\/mouldking.store\/hu\/wp-json\/wp\/v2\/media\/41506"}],"wp:attachment":[{"href":"https:\/\/mouldking.store\/hu\/wp-json\/wp\/v2\/media?parent=41508"}],"wp:term":[{"taxonomy":"product_cat","embeddable":true,"href":"https:\/\/mouldking.store\/hu\/wp-json\/wp\/v2\/product_cat?post=41508"},{"taxonomy":"product_tag","embeddable":true,"href":"https:\/\/mouldking.store\/hu\/wp-json\/wp\/v2\/product_tag?post=41508"}],"curies":[{"name":"wp","href":"https:\/\/api.w.org\/{rel}","templated":true}]}}