{"id":41540,"date":"2023-02-15T10:19:26","date_gmt":"2023-02-15T03:19:26","guid":{"rendered":"https:\/\/mouldking.store\/shop\/moc-factory-89482-howls-moving-castle-calcifer-with-252-pieces\/"},"modified":"2025-12-16T22:25:20","modified_gmt":"2025-12-16T15:25:20","slug":"moc-factory-89482-howls-moving-castle-calcifer-with-252-pieces","status":"publish","type":"product","link":"https:\/\/mouldking.store\/hu\/shop\/moc-factory-89482-howls-moving-castle-calcifer-with-252-pieces\/","title":{"rendered":"MOC Factory 89482 Howl&#039;s Moving Castle Calcifer 252 darabbal"},"content":{"rendered":"<div>\u2705 MOC-89482 Howl&#8217;s Moving Castle Calcifer<\/p>\n<p>\u2705Calcifer is a fictional character in the animated film &#8220;Howl&#8217;s Moving Castle,&#8221; directed by Hayao Miyazaki and produced by Studio Ghibli. The film is based on the novel of the same name by Diana Wynne Jones.<\/p>\n<p>\ud83d\udeab FONTOS!<\/p>\n<p>Product Name: Howl&#8217;s Moving Castle Calcifer<\/p>\n<p>Kateg\u00f3ria: Film<\/p>\n<p>This Kit Contains: MOC-89482<\/p>\n<p>252 pcs Good Quality Bricks<\/p>\n<p>Size: 12 x 10.5 x 12.8 cm<\/p>\n<p>Weight: 0.29 kg<\/p>\n<p>PDF \u00datmutat\u00f3<\/p>\n<p>\ud83d\udcccA f\u0151szerepl\u0151 term\u00e9szete<\/p>\n<p>Introducing our proud collection named \u201cHowl&#8217;s Moving Castle Calcifer\u201d you should not miss.<\/p>\n<p>In the movie, Calcifer is a fire demon who powers the magical moving castle owned by the wizard Howl. He appears as a small, bright orange ball of flame with expressive eyes and a mouth. Calcifer is bound to Howl and the castle by a contract, and he provides the castle with the energy it needs to move and perform various magical feats.<\/p><\/div>","protected":false},"excerpt":{"rendered":"<p>M\u00e1rka: MOC Factory<br \/>\nNem: Uniszex<br \/>\nKoroszt\u00e1ly: &gt; 6 \u00e9v<br \/>\nModel Number: 89482<br \/>\nBesorol\u00e1s: \u00d6sszeszerel\u00e9s<br \/>\nM\u0171anyag blokk forma: \u00f6nz\u00e1r\u00f3 t\u00e9gla<br \/>\nAnyaga: M\u0171anyag<br \/>\nM\u0171anyag t\u00edpus: ABS<br \/>\nBricks Blocks: 252 +<br \/>\nNincs doboz<\/p>","protected":false},"featured_media":41534,"comment_status":"open","ping_status":"closed","template":"","meta":{"_acf_changed":false},"product_cat":[1365,371,581,1408],"product_tag":[11072,8452,11280,434],"class_list":["product","first","instock","shipping-taxable","purchasable","product-type-simple"],"acf":[],"_links":{"self":[{"href":"https:\/\/mouldking.store\/hu\/wp-json\/wp\/v2\/product\/41540","targetHints":{"allow":["GET"]}}],"collection":[{"href":"https:\/\/mouldking.store\/hu\/wp-json\/wp\/v2\/product"}],"about":[{"href":"https:\/\/mouldking.store\/hu\/wp-json\/wp\/v2\/types\/product"}],"replies":[{"embeddable":true,"href":"https:\/\/mouldking.store\/hu\/wp-json\/wp\/v2\/comments?post=41540"}],"wp:featuredmedia":[{"embeddable":true,"href":"https:\/\/mouldking.store\/hu\/wp-json\/wp\/v2\/media\/41534"}],"wp:attachment":[{"href":"https:\/\/mouldking.store\/hu\/wp-json\/wp\/v2\/media?parent=41540"}],"wp:term":[{"taxonomy":"product_cat","embeddable":true,"href":"https:\/\/mouldking.store\/hu\/wp-json\/wp\/v2\/product_cat?post=41540"},{"taxonomy":"product_tag","embeddable":true,"href":"https:\/\/mouldking.store\/hu\/wp-json\/wp\/v2\/product_tag?post=41540"}],"curies":[{"name":"wp","href":"https:\/\/api.w.org\/{rel}","templated":true}]}}