{"id":41547,"date":"2023-02-15T10:33:12","date_gmt":"2023-02-15T03:33:12","guid":{"rendered":"https:\/\/mouldking.store\/shop\/moc-factory-89481-goose-goose-duck-werewolf-with-202-pieces\/"},"modified":"2025-12-16T22:25:18","modified_gmt":"2025-12-16T15:25:18","slug":"moc-factory-89481-goose-goose-duck-werewolf-with-202-pieces","status":"publish","type":"product","link":"https:\/\/mouldking.store\/hu\/shop\/moc-factory-89481-goose-goose-duck-werewolf-with-202-pieces\/","title":{"rendered":"MOC Factory 89481 liba kacsa v\u00e9rfarkas 202 darabbal"},"content":{"rendered":"<div>\u2705 MOC-89481 Liba Liba Kacsa V\u00e9rfarkas<\/p>\n<p>\u2705 A \u201eGoose Goose Duck\u201d egy t\u00f6bbj\u00e1t\u00e9kos online videoj\u00e1t\u00e9k, amelyet gyakran az \u201eAmong Us\u201d nev\u0171 n\u00e9pszer\u0171 j\u00e1t\u00e9khoz hasonl\u00edtanak. A j\u00e1t\u00e9kosok a leg\u00e9nys\u00e9gt\u00e1rsak szerep\u00e9t t\u00f6ltik be egy \u0171rhaj\u00f3n, \u00e9s k\u00fcl\u00f6nf\u00e9le feladatokat kell v\u00e9grehajtaniuk, mik\u00f6zben azonos\u00edtj\u00e1k \u00e9s kiiktatj\u00e1k a fed\u00e9lzeten l\u00e9v\u0151 csal\u00f3kat.<\/p>\n<p>\ud83d\udeab FONTOS!<\/p>\n<p>Term\u00e9k neve: Liba Liba Kacsa V\u00e9rfarkas<\/p>\n<p>Kateg\u00f3ria: Alkot\u00f3<\/p>\n<p>A k\u00e9szlet tartalma: MOC-89481<\/p>\n<p>202 db J\u00f3 min\u0151s\u00e9g\u0171 t\u00e9gla<\/p>\n<p>M\u00e9rete: 4 x 3,7 x 5,9 cm<\/p>\n<p>S\u00faly: 0,07 kg<\/p>\n<p>PDF \u00datmutat\u00f3<\/p>\n<p>\ud83d\udcccA f\u0151szerepl\u0151 term\u00e9szete<\/p>\n<p>Bemutatjuk b\u00fcszke kollekci\u00f3nkat, a \u201eGoose Goose Duck Werewolf\u201d nevet, nem szabad kihagyni.<\/p>\n<p>A V\u00e9rfarkas egyfajta \u201eimposztor\u201d, akinek megvan a k\u00e9pess\u00e9ge, hogy er\u0151sebb form\u00e1v\u00e1 alakuljon \u00e1t, \u00e9s kiiktasson m\u00e1s j\u00e1t\u00e9kosokat, m\u00edg a t\u00f6bbi j\u00e1t\u00e9kosnak egy\u00fctt kell dolgoznia a V\u00e9rfarkas azonos\u00edt\u00e1s\u00e1n \u00e9s kiiktat\u00e1s\u00e1n. A Goose Goose Duck j\u00e1t\u00e9kmenete mag\u00e1ban foglalja a j\u00e1t\u00e9kosokat, akik az \u0171rhaj\u00f3 k\u00f6r\u00fcl mozognak, \u00e9s feladatokat hajtanak v\u00e9gre, bele\u00e9rtve a felszerel\u00e9s jav\u00edt\u00e1s\u00e1t, az \u00e1rameloszt\u00e1st vagy a takar\u00edt\u00e1st. A leg\u00e9nys\u00e9gben azonban van egy vagy t\u00f6bb sz\u00e9lh\u00e1mos, aki megpr\u00f3b\u00e1lja szabot\u00e1lni a k\u00fcldet\u00e9st \u00e9s kiiktatni a t\u00f6bbi j\u00e1t\u00e9kost. A csal\u00f3k \u00e9szrev\u00e9tlen\u00fcl mozoghatnak a haj\u00f3 k\u00f6r\u00fcl, de \u00fcgyelni\u00fck kell arra, hogy ne keltsenek gyan\u00fat azzal, hogy gyan\u00fasan viselkednek, vagy olyan helyeken l\u00e1tj\u00e1k \u0151ket, ahol nem lenne szabad.<\/p><\/div>","protected":false},"excerpt":{"rendered":"<p>M\u00e1rka: MOC Factory<br \/>\nNem: Uniszex<br \/>\nKoroszt\u00e1ly: &gt; 6 \u00e9v<br \/>\nModellsz\u00e1m: 89481<br \/>\nBesorol\u00e1s: \u00d6sszeszerel\u00e9s<br \/>\nM\u0171anyag blokk forma: \u00f6nz\u00e1r\u00f3 t\u00e9gla<br \/>\nAnyaga: M\u0171anyag<br \/>\nM\u0171anyag t\u00edpus: ABS<br \/>\nT\u00e9gla T\u00e9gla: 202+<br \/>\nNincs doboz<\/p>","protected":false},"featured_media":41541,"comment_status":"open","ping_status":"closed","template":"","meta":{"_acf_changed":false},"product_cat":[1365,371,581,1408],"product_tag":[11072,8452,11282,9139,11281,434,11283],"class_list":["product","first","instock","shipping-taxable","purchasable","product-type-simple"],"acf":[],"_links":{"self":[{"href":"https:\/\/mouldking.store\/hu\/wp-json\/wp\/v2\/product\/41547","targetHints":{"allow":["GET"]}}],"collection":[{"href":"https:\/\/mouldking.store\/hu\/wp-json\/wp\/v2\/product"}],"about":[{"href":"https:\/\/mouldking.store\/hu\/wp-json\/wp\/v2\/types\/product"}],"replies":[{"embeddable":true,"href":"https:\/\/mouldking.store\/hu\/wp-json\/wp\/v2\/comments?post=41547"}],"wp:featuredmedia":[{"embeddable":true,"href":"https:\/\/mouldking.store\/hu\/wp-json\/wp\/v2\/media\/41541"}],"wp:attachment":[{"href":"https:\/\/mouldking.store\/hu\/wp-json\/wp\/v2\/media?parent=41547"}],"wp:term":[{"taxonomy":"product_cat","embeddable":true,"href":"https:\/\/mouldking.store\/hu\/wp-json\/wp\/v2\/product_cat?post=41547"},{"taxonomy":"product_tag","embeddable":true,"href":"https:\/\/mouldking.store\/hu\/wp-json\/wp\/v2\/product_tag?post=41547"}],"curies":[{"name":"wp","href":"https:\/\/api.w.org\/{rel}","templated":true}]}}