{"id":41570,"date":"2023-02-15T10:49:39","date_gmt":"2023-02-15T03:49:39","guid":{"rendered":"https:\/\/mouldking.store\/shop\/moc-factory-89479-chainsaw-man-denji-and-power-with-343-pieces\/"},"modified":"2025-12-16T22:25:18","modified_gmt":"2025-12-16T15:25:18","slug":"moc-factory-89479-chainsaw-man-denji-and-power-with-343-pieces","status":"publish","type":"product","link":"https:\/\/mouldking.store\/hu\/shop\/moc-factory-89479-chainsaw-man-denji-and-power-with-343-pieces\/","title":{"rendered":"MOC Factory 89479 L\u00e1ncf\u0171r\u00e9sz Man Denji \u00e9s Power 343 darabbal"},"content":{"rendered":"<div>\u2705 MOC-89479 Chainsaw Man Denji And Power<\/p>\n<p>\u2705Chainsaw Man&#8221; is a manga series written and illustrated by Tatsuki Fujimoto. It follows the story of a young man named Denji who lives a difficult life as a devil hunter, working to pay off his late father&#8217;s debts. However, after an encounter with a devil and his chainsaw-dog named Pochita, Denji gains the power to transform into a chainsaw-wielding devil himself.<\/p>\n<p>\ud83d\udeab FONTOS!<\/p>\n<p>Product Name: Chainsaw Man Denji And Power<\/p>\n<p>Kateg\u00f3ria: Film<\/p>\n<p>This Kit Contains: MOC-89479<\/p>\n<p>343 pcs Good Quality Bricks<\/p>\n<p>Size: 4.8 x 4.8 x 8 cm<\/p>\n<p>S\u00faly: 0,16 kg<\/p>\n<p>PDF \u00datmutat\u00f3<\/p>\n<p>\ud83d\udcccA f\u0151szerepl\u0151 term\u00e9szete<\/p>\n<p>Introducing our proud collection named \u201cChainsaw Man Denji And Power\u201d you should not miss.<\/p>\n<p>Power is one of the key characters in the Chainsaw Man series. She is a devil who takes the form of a young girl and has the power to transform her arms into powerful, energy-based weapons. Power is initially introduced as a ruthless and aggressive devil hunter who becomes an ally to Denji after forming a contract with him.<\/p><\/div>","protected":false},"excerpt":{"rendered":"<p>M\u00e1rka: MOC Factory<br \/>\nNem: Uniszex<br \/>\nKoroszt\u00e1ly: &gt; 6 \u00e9v<br \/>\nModel Number: 89479<br \/>\nBesorol\u00e1s: \u00d6sszeszerel\u00e9s<br \/>\nM\u0171anyag blokk forma: \u00f6nz\u00e1r\u00f3 t\u00e9gla<br \/>\nAnyaga: M\u0171anyag<br \/>\nM\u0171anyag t\u00edpus: ABS<br \/>\nBricks Blocks: 343 +<br \/>\nNincs doboz<\/p>","protected":false},"featured_media":41562,"comment_status":"open","ping_status":"closed","template":"","meta":{"_acf_changed":false},"product_cat":[1365,371,581,1408],"product_tag":[11285,11072,8452,11286,9139,434,7978],"class_list":["product","first","instock","shipping-taxable","purchasable","product-type-simple"],"acf":[],"_links":{"self":[{"href":"https:\/\/mouldking.store\/hu\/wp-json\/wp\/v2\/product\/41570","targetHints":{"allow":["GET"]}}],"collection":[{"href":"https:\/\/mouldking.store\/hu\/wp-json\/wp\/v2\/product"}],"about":[{"href":"https:\/\/mouldking.store\/hu\/wp-json\/wp\/v2\/types\/product"}],"replies":[{"embeddable":true,"href":"https:\/\/mouldking.store\/hu\/wp-json\/wp\/v2\/comments?post=41570"}],"wp:featuredmedia":[{"embeddable":true,"href":"https:\/\/mouldking.store\/hu\/wp-json\/wp\/v2\/media\/41562"}],"wp:attachment":[{"href":"https:\/\/mouldking.store\/hu\/wp-json\/wp\/v2\/media?parent=41570"}],"wp:term":[{"taxonomy":"product_cat","embeddable":true,"href":"https:\/\/mouldking.store\/hu\/wp-json\/wp\/v2\/product_cat?post=41570"},{"taxonomy":"product_tag","embeddable":true,"href":"https:\/\/mouldking.store\/hu\/wp-json\/wp\/v2\/product_tag?post=41570"}],"curies":[{"name":"wp","href":"https:\/\/api.w.org\/{rel}","templated":true}]}}