{"id":41583,"date":"2023-02-15T11:11:08","date_gmt":"2023-02-15T04:11:08","guid":{"rendered":"https:\/\/mouldking.store\/shop\/moc-factory-92265-sls-block-1b-cargo-rocket-with-2786-pieces\/"},"modified":"2025-12-16T22:25:18","modified_gmt":"2025-12-16T15:25:18","slug":"moc-factory-92265-sls-block-1b-cargo-rocket-with-2786-pieces","status":"publish","type":"product","link":"https:\/\/mouldking.store\/hu\/shop\/moc-factory-92265-sls-block-1b-cargo-rocket-with-2786-pieces\/","title":{"rendered":"MOC Factory 92265 SLS Block 1B teherrak\u00e9ta 2786 darabbal"},"content":{"rendered":"<div>\u2705 MOC-92265 SLS Block 1B Cargo Rocket<\/p>\n<p>\u2705The SLS Block 1B Cargo Rocket is a type of space launch vehicle that is being developed by NASA as part of its Space Launch System (SLS) program. The SLS Block 1B Cargo Rocket is an upgraded version of the original SLS Block 1 configuration, and it is designed to carry heavy payloads and modules to deep space destinations, such as the Moon, Mars, and beyond.<\/p>\n<p>\ud83d\udeab FONTOS!<\/p>\n<p>Product name: SLS Block 1B Cargo Rocket<\/p>\n<p>Kateg\u00f3ria: \u0170r<\/p>\n<p>This Kit Contains:&nbsp; MOC-92265<\/p>\n<p>2786 pcs Good Quality Bricks<\/p>\n<p>Size: 24 x 24 x 90.1 cm<\/p>\n<p>Weight: 2.12 kg<\/p>\n<p>PDF \u00datmutat\u00f3<\/p>\n<p>\ud83d\udcccA f\u0151szerepl\u0151 term\u00e9szete<\/p>\n<p>Introducing our proud collection named \u201cSLS Block 1B Cargo Rocket\u201d you should not miss.<\/p>\n<p>The SLS Block 1B Cargo Rocket is part of NASA&#8217;s larger Artemis program, which aims to send humans back to the Moon by 2024 and establish a sustained presence on the lunar surface. The SLS rocket will be used to launch the Orion spacecraft, which will carry astronauts on these deep space missions. The SLS Block 1B Cargo Rocket is expected to make its first launch in the late 2020s.<\/p><\/div>","protected":false},"excerpt":{"rendered":"<p>M\u00e1rka: MOC Factory<br \/>\nNem: Uniszex<br \/>\nKoroszt\u00e1ly: &gt; 12 \u00e9ves<br \/>\nModel Number: 92265<br \/>\nBesorol\u00e1s: \u00d6sszeszerel\u00e9s<br \/>\nM\u0171anyag blokk forma: \u00f6nz\u00e1r\u00f3 t\u00e9gla<br \/>\nAnyaga: M\u0171anyag<br \/>\nM\u0171anyag t\u00edpus: ABS<br \/>\nBricks Blocks: 2786 +<br \/>\nNincs doboz<\/p>","protected":false},"featured_media":41577,"comment_status":"open","ping_status":"closed","template":"","meta":{"_acf_changed":false},"product_cat":[1357,6016,364],"product_tag":[10487,8162,11129,2276,389],"class_list":["product","first","instock","shipping-taxable","purchasable","product-type-simple"],"acf":[],"_links":{"self":[{"href":"https:\/\/mouldking.store\/hu\/wp-json\/wp\/v2\/product\/41583","targetHints":{"allow":["GET"]}}],"collection":[{"href":"https:\/\/mouldking.store\/hu\/wp-json\/wp\/v2\/product"}],"about":[{"href":"https:\/\/mouldking.store\/hu\/wp-json\/wp\/v2\/types\/product"}],"replies":[{"embeddable":true,"href":"https:\/\/mouldking.store\/hu\/wp-json\/wp\/v2\/comments?post=41583"}],"wp:featuredmedia":[{"embeddable":true,"href":"https:\/\/mouldking.store\/hu\/wp-json\/wp\/v2\/media\/41577"}],"wp:attachment":[{"href":"https:\/\/mouldking.store\/hu\/wp-json\/wp\/v2\/media?parent=41583"}],"wp:term":[{"taxonomy":"product_cat","embeddable":true,"href":"https:\/\/mouldking.store\/hu\/wp-json\/wp\/v2\/product_cat?post=41583"},{"taxonomy":"product_tag","embeddable":true,"href":"https:\/\/mouldking.store\/hu\/wp-json\/wp\/v2\/product_tag?post=41583"}],"curies":[{"name":"wp","href":"https:\/\/api.w.org\/{rel}","templated":true}]}}