{"id":41594,"date":"2023-02-15T11:19:08","date_gmt":"2023-02-15T04:19:08","guid":{"rendered":"https:\/\/mouldking.store\/shop\/moc-factory-128471-satisfactory-constructor-with-1532-pieces\/"},"modified":"2025-12-16T22:25:18","modified_gmt":"2025-12-16T15:25:18","slug":"moc-factory-128471-satisfactory-constructor-with-1532-pieces","status":"publish","type":"product","link":"https:\/\/mouldking.store\/hu\/shop\/moc-factory-128471-satisfactory-constructor-with-1532-pieces\/","title":{"rendered":"MOC Factory 128471 kiel\u00e9g\u00edt\u0151 konstruktor 1532 darabbal"},"content":{"rendered":"<div>\u2705 MOC-128471 Satisfactory Constructor<\/p>\n<p>\u2705In the video game Satisfactory, a Constructor is a building used to create items and materials in a factory setting. The Constructor is an important component of the game, as it allows players to automate the production of materials and goods needed for their expanding factories.<\/p>\n<p>\ud83d\udeab FONTOS!<\/p>\n<p>Product Name: Satisfactory Constructor<\/p>\n<p>Kateg\u00f3ria: Alkot\u00f3<\/p>\n<p>This Kit Contains: MOC-128471<\/p>\n<p>1532 pcs Good Quality Bricks<\/p>\n<p>Size: 40 x 18 x 16 cm<\/p>\n<p>Weight: 1.1 kg<\/p>\n<p>PDF \u00datmutat\u00f3<\/p>\n<p>\ud83d\udcccA f\u0151szerepl\u0151 term\u00e9szete<\/p>\n<p>Introducing our proud collection named \u201cSatisfactory Constructor\u201d you should not miss.<\/p>\n<p>To use a Constructor in Satisfactory, players must first place it on the ground or on a foundation. The Constructor has a set of input slots and output slots, and players can specify the recipe they want to use to create a specific item by selecting the recipe in the Constructor&#8217;s interface. Once the recipe is selected, the player can add the necessary materials to the input slots, and the Constructor will begin producing the desired item.<\/p><\/div>","protected":false},"excerpt":{"rendered":"<p>M\u00e1rka: MOC Factory<br \/>\nNem: Uniszex<br \/>\nKoroszt\u00e1ly: &gt; 12 \u00e9ves<br \/>\nModel Number: 128471<br \/>\nBesorol\u00e1s: \u00d6sszeszerel\u00e9s<br \/>\nM\u0171anyag blokk forma: \u00f6nz\u00e1r\u00f3 t\u00e9gla<br \/>\nAnyaga: M\u0171anyag<br \/>\nM\u0171anyag t\u00edpus: ABS<br \/>\nBricks Blocks: 1532 +<br \/>\nNincs doboz<\/p>","protected":false},"featured_media":41584,"comment_status":"open","ping_status":"closed","template":"","meta":{"_acf_changed":false},"product_cat":[1365,371],"product_tag":[11290,11072,8452,9139,11289],"class_list":["product","first","instock","shipping-taxable","purchasable","product-type-simple"],"acf":[],"_links":{"self":[{"href":"https:\/\/mouldking.store\/hu\/wp-json\/wp\/v2\/product\/41594","targetHints":{"allow":["GET"]}}],"collection":[{"href":"https:\/\/mouldking.store\/hu\/wp-json\/wp\/v2\/product"}],"about":[{"href":"https:\/\/mouldking.store\/hu\/wp-json\/wp\/v2\/types\/product"}],"replies":[{"embeddable":true,"href":"https:\/\/mouldking.store\/hu\/wp-json\/wp\/v2\/comments?post=41594"}],"wp:featuredmedia":[{"embeddable":true,"href":"https:\/\/mouldking.store\/hu\/wp-json\/wp\/v2\/media\/41584"}],"wp:attachment":[{"href":"https:\/\/mouldking.store\/hu\/wp-json\/wp\/v2\/media?parent=41594"}],"wp:term":[{"taxonomy":"product_cat","embeddable":true,"href":"https:\/\/mouldking.store\/hu\/wp-json\/wp\/v2\/product_cat?post=41594"},{"taxonomy":"product_tag","embeddable":true,"href":"https:\/\/mouldking.store\/hu\/wp-json\/wp\/v2\/product_tag?post=41594"}],"curies":[{"name":"wp","href":"https:\/\/api.w.org\/{rel}","templated":true}]}}