{"id":41612,"date":"2023-02-15T11:38:27","date_gmt":"2023-02-15T04:38:27","guid":{"rendered":"https:\/\/mouldking.store\/shop\/moc-factory-89478-stargate-sg-1-hatak-with-2126-pieces\/"},"modified":"2025-12-16T22:25:18","modified_gmt":"2025-12-16T15:25:18","slug":"moc-factory-89478-stargate-sg-1-hatak-with-2126-pieces","status":"publish","type":"product","link":"https:\/\/mouldking.store\/hu\/shop\/moc-factory-89478-stargate-sg-1-hatak-with-2126-pieces\/","title":{"rendered":"MOC Factory 89478 Stargate SG-1 Ha&#039;tak 2126 darabbal"},"content":{"rendered":"<div>\u2705 MOC-89478 Stargate SG-1 Ha&#8217;tak<\/p>\n<p>\u2705The Ha&#8217;tak is a class of spaceship in the science fiction television series Stargate SG-1. It is the main ship used by the Goa&#8217;uld, a powerful alien race that is the primary antagonist in the show.<\/p>\n<p>\ud83d\udeab FONTOS!<\/p>\n<p>Product Name: Stargate SG-1 Ha&#8217;tak<\/p>\n<p>Kateg\u00f3ria: \u0170r<\/p>\n<p>This Kit Contains: MOC-89478<\/p>\n<p>2126 pcs Good Quality Bricks<\/p>\n<p>Size: 32 x 32 x 24 cm<\/p>\n<p>Weight: 1.07 kg<\/p>\n<p>PDF \u00datmutat\u00f3<\/p>\n<p>\ud83d\udcccA f\u0151szerepl\u0151 term\u00e9szete<\/p>\n<p>Introducing our proud collection named \u201cStargate SG-1 Ha&#8217;tak\u201d you should not miss.<\/p>\n<p>The Ha&#8217;tak is a large, pyramid-shaped spaceship that is equipped with powerful weapons, including energy cannons and missiles. It is also capable of faster-than-light travel and is used by the Goa&#8217;uld to travel between different planets and star systems.<\/p><\/div>","protected":false},"excerpt":{"rendered":"<p>M\u00e1rka: MOC Factory<br \/>\nNem: Uniszex<br \/>\nKoroszt\u00e1ly: &gt; 12 \u00e9ves<br \/>\nModel Number: 89478<br \/>\nBesorol\u00e1s: \u00d6sszeszerel\u00e9s<br \/>\nM\u0171anyag blokk forma: \u00f6nz\u00e1r\u00f3 t\u00e9gla<br \/>\nAnyaga: M\u0171anyag<br \/>\nM\u0171anyag t\u00edpus: ABS<br \/>\nBricks Blocks: 2126 +<br \/>\nNincs doboz<\/p>","protected":false},"featured_media":41608,"comment_status":"open","ping_status":"closed","template":"","meta":{"_acf_changed":false},"product_cat":[1357,6016,364],"product_tag":[11294,2276,11293,389],"class_list":["product","first","instock","shipping-taxable","purchasable","product-type-simple"],"acf":[],"_links":{"self":[{"href":"https:\/\/mouldking.store\/hu\/wp-json\/wp\/v2\/product\/41612","targetHints":{"allow":["GET"]}}],"collection":[{"href":"https:\/\/mouldking.store\/hu\/wp-json\/wp\/v2\/product"}],"about":[{"href":"https:\/\/mouldking.store\/hu\/wp-json\/wp\/v2\/types\/product"}],"replies":[{"embeddable":true,"href":"https:\/\/mouldking.store\/hu\/wp-json\/wp\/v2\/comments?post=41612"}],"wp:featuredmedia":[{"embeddable":true,"href":"https:\/\/mouldking.store\/hu\/wp-json\/wp\/v2\/media\/41608"}],"wp:attachment":[{"href":"https:\/\/mouldking.store\/hu\/wp-json\/wp\/v2\/media?parent=41612"}],"wp:term":[{"taxonomy":"product_cat","embeddable":true,"href":"https:\/\/mouldking.store\/hu\/wp-json\/wp\/v2\/product_cat?post=41612"},{"taxonomy":"product_tag","embeddable":true,"href":"https:\/\/mouldking.store\/hu\/wp-json\/wp\/v2\/product_tag?post=41612"}],"curies":[{"name":"wp","href":"https:\/\/api.w.org\/{rel}","templated":true}]}}