{"id":41641,"date":"2023-02-15T12:05:39","date_gmt":"2023-02-15T05:05:39","guid":{"rendered":"https:\/\/mouldking.store\/shop\/moc-factory-89477-bendy-boris-the-wolf-with-535-pieces\/"},"modified":"2025-12-16T22:25:18","modified_gmt":"2025-12-16T15:25:18","slug":"moc-factory-89477-bendy-boris-the-wolf-with-535-pieces","status":"publish","type":"product","link":"https:\/\/mouldking.store\/hu\/shop\/moc-factory-89477-bendy-boris-the-wolf-with-535-pieces\/","title":{"rendered":"MOC Factory 89477 Bendy Boris the Wolf 535 darabbal"},"content":{"rendered":"<div>\u2705 MOC-89477 Bendy Boris, a farkas<\/p>\n<p>\u2705Bendy Boris, a farkas a \u201eBendy and the Ink Machine\u201d videoj\u00e1t\u00e9k szerepl\u0151je. \u0150 egy karikat\u00fara farkas, aki a j\u00e1t\u00e9k c\u00edmszerepl\u0151j\u00e9nek, Bendynek a seg\u00e9djek\u00e9nt dolgozik. Borist bar\u00e1ts\u00e1gos, h\u0171s\u00e9ges, j\u00e1t\u00e9kos viselked\u00e9s\u0171 karakterk\u00e9nt \u00e1br\u00e1zolj\u00e1k, \u00e9s gyakran l\u00e1tj\u00e1k, hogy seg\u00edt a j\u00e1t\u00e9kos karakter\u00e9nek eligazodni a j\u00e1t\u00e9k k\u00fcl\u00f6nb\u00f6z\u0151 szintjein.<\/p>\n<p>\ud83d\udeab FONTOS!<\/p>\n<p>Term\u00e9k neve: Bendy Boris the Wolf<\/p>\n<p>Kateg\u00f3ria: Alkot\u00f3<\/p>\n<p>A k\u00e9szlet tartalma: MOC-89477<\/p>\n<p>535 db J\u00f3 min\u0151s\u00e9g\u0171 t\u00e9gla<\/p>\n<p>M\u00e9rete: 20,2 x 12 x 34,3 cm<\/p>\n<p>S\u00faly: 0,36 kg<\/p>\n<p>PDF \u00datmutat\u00f3<\/p>\n<p>\ud83d\udcccA f\u0151szerepl\u0151 term\u00e9szete<\/p>\n<p>Bemutatjuk a \u201eBendy Boris the Wolf\u201d nev\u0171 b\u00fcszke kollekci\u00f3nkat, amit nem \u00e9rdemes kihagyni.<\/p>\n<p>A j\u00e1t\u00e9kban Bendy Boris karakter\u00e9t gyakran a gonosz Ink Machine \u00e1ldozatak\u00e9nt \u00e1br\u00e1zolj\u00e1k, amely a j\u00e1t\u00e9kban szerepl\u0151 t\u00f6bbi szerepl\u0151t r\u00e9m\u00e1lomszer\u0171 l\u00e9nyekk\u00e9 v\u00e1ltoztatta. Ennek ellen\u00e9re kitart a j\u00e1t\u00e9kos karakter ir\u00e1nti h\u0171s\u00e9g\u00e9ben, \u00e9s a j\u00e1t\u00e9k sok rajong\u00f3ja \u00e1ltal szeretett karakter.<\/p><\/div>","protected":false},"excerpt":{"rendered":"<p>M\u00e1rka: MOC Factory<br \/>\nNem: Uniszex<br \/>\nKoroszt\u00e1ly: 8 \u00e9v felett<br \/>\nModellsz\u00e1m: 89477<br \/>\nBesorol\u00e1s: \u00d6sszeszerel\u00e9s<br \/>\nM\u0171anyag blokk forma: \u00f6nz\u00e1r\u00f3 t\u00e9gla<br \/>\nAnyaga: M\u0171anyag<br \/>\nM\u0171anyag t\u00edpus: ABS<br \/>\nT\u00e9gla blokkok: 535 +<br \/>\nNincs doboz<\/p>","protected":false},"featured_media":41633,"comment_status":"open","ping_status":"closed","template":"","meta":{"_acf_changed":false},"product_cat":[1365,371],"product_tag":[11300,11072,8452,9139,10010],"class_list":["product","first","instock","shipping-taxable","purchasable","product-type-simple"],"acf":[],"_links":{"self":[{"href":"https:\/\/mouldking.store\/hu\/wp-json\/wp\/v2\/product\/41641","targetHints":{"allow":["GET"]}}],"collection":[{"href":"https:\/\/mouldking.store\/hu\/wp-json\/wp\/v2\/product"}],"about":[{"href":"https:\/\/mouldking.store\/hu\/wp-json\/wp\/v2\/types\/product"}],"replies":[{"embeddable":true,"href":"https:\/\/mouldking.store\/hu\/wp-json\/wp\/v2\/comments?post=41641"}],"wp:featuredmedia":[{"embeddable":true,"href":"https:\/\/mouldking.store\/hu\/wp-json\/wp\/v2\/media\/41633"}],"wp:attachment":[{"href":"https:\/\/mouldking.store\/hu\/wp-json\/wp\/v2\/media?parent=41641"}],"wp:term":[{"taxonomy":"product_cat","embeddable":true,"href":"https:\/\/mouldking.store\/hu\/wp-json\/wp\/v2\/product_cat?post=41641"},{"taxonomy":"product_tag","embeddable":true,"href":"https:\/\/mouldking.store\/hu\/wp-json\/wp\/v2\/product_tag?post=41641"}],"curies":[{"name":"wp","href":"https:\/\/api.w.org\/{rel}","templated":true}]}}