{"id":41649,"date":"2023-02-15T12:13:34","date_gmt":"2023-02-15T05:13:34","guid":{"rendered":"https:\/\/mouldking.store\/shop\/moc-factory-89476-tree-house-with-532-pieces\/"},"modified":"2025-12-16T22:25:18","modified_gmt":"2025-12-16T15:25:18","slug":"moc-factory-89476-tree-house-with-532-pieces","status":"publish","type":"product","link":"https:\/\/mouldking.store\/hu\/shop\/moc-factory-89476-tree-house-with-532-pieces\/","title":{"rendered":"MOC Factory 89476 Fah\u00e1z 532 darabbal"},"content":{"rendered":"<div>\u2705 MOC-89476 Tree House<\/p>\n<p>\u2705A tree house is a small structure or a platform built in the branches of a tree, typically elevated off the ground. Tree houses are often used as a play area or as a retreat, offering a unique perspective of the surrounding landscape and a sense of adventure and privacy.<\/p>\n<p>\ud83d\udeab FONTOS!<\/p>\n<p>Product Name: Tree House<\/p>\n<p>Kateg\u00f3ria: Alkot\u00f3<\/p>\n<p>This Kit Contains: MOC-89476<\/p>\n<p>532 pcs Good Quality Bricks<\/p>\n<p>Size: 20 x 19.5 x 26 cm<\/p>\n<p>Weight: 0.51 kg<\/p>\n<p>PDF \u00datmutat\u00f3<\/p>\n<p>\ud83d\udcccA f\u0151szerepl\u0151 term\u00e9szete<\/p>\n<p>Introducing our proud collection named \u201cTree House\u201d you should not miss.<\/p>\n<p>The design of a tree house can vary widely, but it typically involves a wooden platform built around the trunk of a sturdy tree, or supported by multiple trees. The structure may be accessed by a ladder, a rope bridge, or other means.<\/p><\/div>","protected":false},"excerpt":{"rendered":"<p>M\u00e1rka: MOC Factory<br \/>\nNem: Uniszex<br \/>\nKoroszt\u00e1ly: &gt; 6 \u00e9v<br \/>\nModel Number: 89476<br \/>\nBesorol\u00e1s: \u00d6sszeszerel\u00e9s<br \/>\nM\u0171anyag blokk forma: \u00f6nz\u00e1r\u00f3 t\u00e9gla<br \/>\nAnyaga: M\u0171anyag<br \/>\nM\u0171anyag t\u00edpus: ABS<br \/>\nBricks Blocks: 532 +<br \/>\nWith box<\/p>","protected":false},"featured_media":41642,"comment_status":"open","ping_status":"closed","template":"","meta":{"_acf_changed":false},"product_cat":[1365,371],"product_tag":[11072,8452,2318,5983],"class_list":["product","first","instock","shipping-taxable","purchasable","product-type-simple"],"acf":[],"_links":{"self":[{"href":"https:\/\/mouldking.store\/hu\/wp-json\/wp\/v2\/product\/41649","targetHints":{"allow":["GET"]}}],"collection":[{"href":"https:\/\/mouldking.store\/hu\/wp-json\/wp\/v2\/product"}],"about":[{"href":"https:\/\/mouldking.store\/hu\/wp-json\/wp\/v2\/types\/product"}],"replies":[{"embeddable":true,"href":"https:\/\/mouldking.store\/hu\/wp-json\/wp\/v2\/comments?post=41649"}],"wp:featuredmedia":[{"embeddable":true,"href":"https:\/\/mouldking.store\/hu\/wp-json\/wp\/v2\/media\/41642"}],"wp:attachment":[{"href":"https:\/\/mouldking.store\/hu\/wp-json\/wp\/v2\/media?parent=41649"}],"wp:term":[{"taxonomy":"product_cat","embeddable":true,"href":"https:\/\/mouldking.store\/hu\/wp-json\/wp\/v2\/product_cat?post=41649"},{"taxonomy":"product_tag","embeddable":true,"href":"https:\/\/mouldking.store\/hu\/wp-json\/wp\/v2\/product_tag?post=41649"}],"curies":[{"name":"wp","href":"https:\/\/api.w.org\/{rel}","templated":true}]}}