{"id":41667,"date":"2023-02-15T12:33:24","date_gmt":"2023-02-15T05:33:24","guid":{"rendered":"https:\/\/mouldking.store\/shop\/moc-factory-89474-stranger-things-eddie-munsons-campervan-with-1059-pieces\/"},"modified":"2025-12-16T22:25:17","modified_gmt":"2025-12-16T15:25:17","slug":"moc-factory-89474-stranger-things-eddie-munsons-campervan-with-1059-pieces","status":"publish","type":"product","link":"https:\/\/mouldking.store\/hu\/shop\/moc-factory-89474-stranger-things-eddie-munsons-campervan-with-1059-pieces\/","title":{"rendered":"MOC Factory 89474 Stranger Things Eddie Munson lak\u00f3kocsija 1059 darabbal"},"content":{"rendered":"<div>\u2705 MOC-89474 Stranger Things Eddie Munson lak\u00f3kocsija<\/p>\n<p>\u2705Eddie Munson&#039;s Campervan egy j\u00e1rm\u0171, amely a Netflix n\u00e9pszer\u0171 \u201eStranger Things\u201d sorozat\u00e1nak harmadik \u00e9vad\u00e1ban jelenik meg. Eddie Munson karakter vezeti, aki egy \u00e9letment\u0151 a Hawkins k\u00f6z\u00f6ss\u00e9gi medenc\u00e9ben.<\/p>\n<p>\ud83d\udeab FONTOS!<\/p>\n<p>Term\u00e9k neve: Stranger Things Eddie Munson lak\u00f3kocsija<\/p>\n<p>Kateg\u00f3ria: Alkot\u00f3<\/p>\n<p>A k\u00e9szlet tartalma: MOC-89474<\/p>\n<p>1059 db J\u00f3 min\u0151s\u00e9g\u0171 t\u00e9gla<\/p>\n<p>M\u00e9rete: 30 x 18,7 x 18,9 cm<\/p>\n<p>M\u00e9rete: 37 \u00d7 17 \u00d7 45,5 cm<\/p>\n<p>S\u00faly: 1,2 kg<\/p>\n<p>\ud83d\udcccA f\u0151szerepl\u0151 term\u00e9szete<\/p>\n<p>Bemutatjuk b\u00fcszke kollekci\u00f3nkat, a \u201eStranger Things Eddie Munson&#039;s Campervan\u201d-t, amit nem szabad kihagyni.<\/p>\n<p>A kisteheraut\u00f3 jelent\u0151s szerepet j\u00e1tszik a harmadik \u00e9vadban, mivel a f\u0151szerepl\u0151k k\u00f6zleked\u00e9si eszk\u00f6zk\u00e9nt haszn\u00e1lj\u00e1k az Indiana \u00e1llambeli Hawkins k\u00fcl\u00f6nb\u00f6z\u0151 helyeire. A lak\u00f3kocsi belseje is t\u00f6bb jelenetben l\u00e1that\u00f3, hangulatos \u00e9s nosztalgikus, az 1970-es \u00e9veket id\u00e9z\u0151 diz\u00e1jnnal.<\/p><\/div>","protected":false},"excerpt":{"rendered":"<p>M\u00e1rka: MOC Factory<br \/>\nNem: Uniszex<br \/>\nKoroszt\u00e1ly: 8 \u00e9v felett<br \/>\nModellsz\u00e1m: 89474<br \/>\nBesorol\u00e1s: \u00d6sszeszerel\u00e9s<br \/>\nM\u0171anyag blokk forma: \u00f6nz\u00e1r\u00f3 t\u00e9gla<br \/>\nAnyaga: M\u0171anyag<br \/>\nM\u0171anyag t\u00edpus: ABS<br \/>\nT\u00e9gla T\u00e9gla: 1059 +<br \/>\nNincs doboz<\/p>","protected":false},"featured_media":41658,"comment_status":"open","ping_status":"closed","template":"","meta":{"_acf_changed":false},"product_cat":[1365,371],"product_tag":[11072,8452,11302,11301,11303,5944],"class_list":["product","first","instock","shipping-taxable","purchasable","product-type-simple"],"acf":[],"_links":{"self":[{"href":"https:\/\/mouldking.store\/hu\/wp-json\/wp\/v2\/product\/41667","targetHints":{"allow":["GET"]}}],"collection":[{"href":"https:\/\/mouldking.store\/hu\/wp-json\/wp\/v2\/product"}],"about":[{"href":"https:\/\/mouldking.store\/hu\/wp-json\/wp\/v2\/types\/product"}],"replies":[{"embeddable":true,"href":"https:\/\/mouldking.store\/hu\/wp-json\/wp\/v2\/comments?post=41667"}],"wp:featuredmedia":[{"embeddable":true,"href":"https:\/\/mouldking.store\/hu\/wp-json\/wp\/v2\/media\/41658"}],"wp:attachment":[{"href":"https:\/\/mouldking.store\/hu\/wp-json\/wp\/v2\/media?parent=41667"}],"wp:term":[{"taxonomy":"product_cat","embeddable":true,"href":"https:\/\/mouldking.store\/hu\/wp-json\/wp\/v2\/product_cat?post=41667"},{"taxonomy":"product_tag","embeddable":true,"href":"https:\/\/mouldking.store\/hu\/wp-json\/wp\/v2\/product_tag?post=41667"}],"curies":[{"name":"wp","href":"https:\/\/api.w.org\/{rel}","templated":true}]}}