{"id":41694,"date":"2023-02-15T14:34:45","date_gmt":"2023-02-15T07:34:45","guid":{"rendered":"https:\/\/mouldking.store\/shop\/moc-factory-68559-kepler-space-telescope-with-1232-pieces\/"},"modified":"2025-12-16T22:25:17","modified_gmt":"2025-12-16T15:25:17","slug":"moc-factory-68559-kepler-space-telescope-with-1232-pieces","status":"publish","type":"product","link":"https:\/\/mouldking.store\/hu\/shop\/moc-factory-68559-kepler-space-telescope-with-1232-pieces\/","title":{"rendered":"MOC Factory 68559 Kepler \u0171rteleszk\u00f3p 1232 darabbal"},"content":{"rendered":"<div>\u2705 MOC-68559 Kepler Space Telescope<\/p>\n<p>\u2705The Kepler Space Telescope is a NASA mission that was launched in 2009 with the purpose of discovering planets outside our solar system, known as exoplanets. The telescope is named after the famous astronomer Johannes Kepler, who discovered the laws of planetary motion.<\/p>\n<p>\ud83d\udeab FONTOS!<\/p>\n<p>Product Name: Kepler Space Telescope<\/p>\n<p>Kateg\u00f3ria: \u0170r<\/p>\n<p>This Kit Contains: MOC-68559<\/p>\n<p>1232 pcs Good Quality Bricks<\/p>\n<p>Size: 16 x 16 x 10 cm<\/p>\n<p>Weight: 0.92 kg<\/p>\n<p>PDF \u00datmutat\u00f3<\/p>\n<p>\ud83d\udcccA f\u0151szerepl\u0151 term\u00e9szete<\/p>\n<p>Introducing our proud collection named \u201cKepler Space Telescope\u201d you should not miss.<\/p>\n<p>Kepler&#8217;s primary scientific instrument is a photometer, which is used to measure the brightness of stars. By observing the tiny fluctuations in a star&#8217;s brightness, the telescope can detect when a planet passes in front of it and causes a slight dip in the star&#8217;s light. This technique, known as the transit method, has been used by Kepler to discover thousands of exoplanets<\/p><\/div>","protected":false},"excerpt":{"rendered":"<p>M\u00e1rka: MOC Factory<br \/>\nNem: Uniszex<br \/>\nKoroszt\u00e1ly: &gt; 12 \u00e9ves<br \/>\nModel Number: 68559<br \/>\nBesorol\u00e1s: \u00d6sszeszerel\u00e9s<br \/>\nM\u0171anyag blokk forma: \u00f6nz\u00e1r\u00f3 t\u00e9gla<br \/>\nAnyaga: M\u0171anyag<br \/>\nM\u0171anyag t\u00edpus: ABS<br \/>\nBricks Blocks: 1232 +<br \/>\nNo Box<\/p>","protected":false},"featured_media":41686,"comment_status":"open","ping_status":"closed","template":"","meta":{"_acf_changed":false},"product_cat":[1357,6016,364],"product_tag":[11308,2276,389,8155],"class_list":["product","first","instock","shipping-taxable","purchasable","product-type-simple"],"acf":[],"_links":{"self":[{"href":"https:\/\/mouldking.store\/hu\/wp-json\/wp\/v2\/product\/41694","targetHints":{"allow":["GET"]}}],"collection":[{"href":"https:\/\/mouldking.store\/hu\/wp-json\/wp\/v2\/product"}],"about":[{"href":"https:\/\/mouldking.store\/hu\/wp-json\/wp\/v2\/types\/product"}],"replies":[{"embeddable":true,"href":"https:\/\/mouldking.store\/hu\/wp-json\/wp\/v2\/comments?post=41694"}],"wp:featuredmedia":[{"embeddable":true,"href":"https:\/\/mouldking.store\/hu\/wp-json\/wp\/v2\/media\/41686"}],"wp:attachment":[{"href":"https:\/\/mouldking.store\/hu\/wp-json\/wp\/v2\/media?parent=41694"}],"wp:term":[{"taxonomy":"product_cat","embeddable":true,"href":"https:\/\/mouldking.store\/hu\/wp-json\/wp\/v2\/product_cat?post=41694"},{"taxonomy":"product_tag","embeddable":true,"href":"https:\/\/mouldking.store\/hu\/wp-json\/wp\/v2\/product_tag?post=41694"}],"curies":[{"name":"wp","href":"https:\/\/api.w.org\/{rel}","templated":true}]}}