{"id":41713,"date":"2023-02-15T14:57:53","date_gmt":"2023-02-15T07:57:53","guid":{"rendered":"https:\/\/mouldking.store\/shop\/pinbao-7702-the-office-boss-on-top-with-3711-pieces\/"},"modified":"2023-02-15T14:57:53","modified_gmt":"2023-02-15T07:57:53","slug":"pinbao-7702-the-office-boss-on-top-with-3711-pieces","status":"publish","type":"product","link":"https:\/\/mouldking.store\/hu\/shop\/pinbao-7702-the-office-boss-on-top-with-3711-pieces\/","title":{"rendered":"PINBAO 7702 Az irodai &quot;f\u0151n\u00f6k a tetej\u00e9n&quot; 3711 darabbal"},"content":{"rendered":"<div>\u2705 PINBAO 7702 The Office &#8216;Boss On Top&#8217;<\/p>\n<p>\u2705The Office &#8216;Boss on top&#8217; is a building block set that is based on the television show &#8220;The Office,&#8221; which includes a building representing the Dunder Mifflin office building with the title &#8220;Boss on Top.&#8221;<\/p>\n<p>\ud83d\udeab FONTOS!<\/p>\n<p>Product Name: The Office &#8216;Boss On Top&#8217;<\/p>\n<p>Kateg\u00f3ria: Modul\u00e1ris \u00e9p\u00fclet<\/p>\n<p>This Kit Contains: PINBAO 7702<\/p>\n<p>3711 pcs Good Quality Bricks<\/p>\n<p>Size: 25.6 \u00d7 25.9 \u00d7 33.1 cm<\/p>\n<p>K\u00e9zi utas\u00edt\u00e1sok<\/p>\n<p>\ud83d\udcccA f\u0151szerepl\u0151 term\u00e9szete<\/p>\n<p>Introducing our proud collection named \u201cThe Office &#8216;Boss On Top&#8217;\u201d you should not miss.<\/p>\n<p>The set contains 3,711 building block pieces and was first released in 2022. It is part of the Street View series of building block sets, which are designed to recreate real-life locations and landmarks in miniature form using building blocks.<\/p><\/div>","protected":false},"excerpt":{"rendered":"<p>Brand: PINBAO<br \/>\nNem: Uniszex<br \/>\nKoroszt\u00e1ly: &gt; 6 \u00e9v<br \/>\nModel Number: 7702<br \/>\nBesorol\u00e1s: \u00d6sszeszerel\u00e9s<br \/>\nM\u0171anyag blokk forma: \u00f6nz\u00e1r\u00f3 t\u00e9gla<br \/>\nAnyaga: M\u0171anyag<br \/>\nM\u0171anyag t\u00edpus: ABS<br \/>\nBricks Blocks: 3711 +<br \/>\nWith light<br \/>\nPre-sale on 25th Feb<\/p>","protected":false},"featured_media":41710,"comment_status":"open","ping_status":"closed","template":"","meta":{"_acf_changed":false},"product_cat":[1395,390],"product_tag":[4883,392,10602],"class_list":["product","first","instock","shipping-taxable","purchasable","product-type-simple"],"acf":[],"_links":{"self":[{"href":"https:\/\/mouldking.store\/hu\/wp-json\/wp\/v2\/product\/41713","targetHints":{"allow":["GET"]}}],"collection":[{"href":"https:\/\/mouldking.store\/hu\/wp-json\/wp\/v2\/product"}],"about":[{"href":"https:\/\/mouldking.store\/hu\/wp-json\/wp\/v2\/types\/product"}],"replies":[{"embeddable":true,"href":"https:\/\/mouldking.store\/hu\/wp-json\/wp\/v2\/comments?post=41713"}],"wp:featuredmedia":[{"embeddable":true,"href":"https:\/\/mouldking.store\/hu\/wp-json\/wp\/v2\/media\/41710"}],"wp:attachment":[{"href":"https:\/\/mouldking.store\/hu\/wp-json\/wp\/v2\/media?parent=41713"}],"wp:term":[{"taxonomy":"product_cat","embeddable":true,"href":"https:\/\/mouldking.store\/hu\/wp-json\/wp\/v2\/product_cat?post=41713"},{"taxonomy":"product_tag","embeddable":true,"href":"https:\/\/mouldking.store\/hu\/wp-json\/wp\/v2\/product_tag?post=41713"}],"curies":[{"name":"wp","href":"https:\/\/api.w.org\/{rel}","templated":true}]}}