{"id":41717,"date":"2023-02-15T15:08:45","date_gmt":"2023-02-15T08:08:45","guid":{"rendered":"https:\/\/mouldking.store\/shop\/custom-6201-super-heros-iron-hero-mechanical-iron-man-with-1385-pieces\/"},"modified":"2023-02-15T15:08:45","modified_gmt":"2023-02-15T08:08:45","slug":"custom-6201-super-heros-iron-hero-mechanical-iron-man-with-1385-pieces","status":"publish","type":"product","link":"https:\/\/mouldking.store\/hu\/shop\/custom-6201-super-heros-iron-hero-mechanical-iron-man-with-1385-pieces\/","title":{"rendered":"Egyedi 6201 Super Heros Iron Hero mechanikus vasember 1385 darabbal"},"content":{"rendered":"<div>\u2705 Egyedi 6201 Super Heros Iron Hero mechanikus vasember<\/p>\n<p>\u2705Iron Man egy olyan karakter, aki cs\u00facstechnol\u00f3gi\u00e1s p\u00e1nc\u00e9lruh\u00e1t visel, amely fokozza erej\u00e9t, sebess\u00e9g\u00e9t \u00e9s tart\u00f3ss\u00e1g\u00e1t. A ruh\u00e1t egy Stark \u00e1ltal tervezett \u00edvreaktor hajtja, \u00e9s egy sor fegyvert \u00e9s eszk\u00f6zt tartalmaz, amelyek lehet\u0151v\u00e9 teszik az Iron Man rep\u00fcl\u00e9s\u00e9t \u00e9s a b\u0171n\u00f6z\u00e9s elleni k\u00fczdelmet.<\/p>\n<p>\ud83d\udeab FONTOS!<\/p>\n<p>Term\u00e9k neve: Super Heros Iron Hero Mechanical Iron Man<\/p>\n<p>Kateg\u00f3ria: Film<\/p>\n<p>A k\u00e9szlet tartalma: Custom 6201<\/p>\n<p>1385 db J\u00f3 min\u0151s\u00e9g\u0171 t\u00e9gla<\/p>\n<p>M\u00e9rete: 24 x 11 x 41 cm<\/p>\n<p>K\u00e9zi utas\u00edt\u00e1sok<\/p>\n<p>\ud83d\udcccA f\u0151szerepl\u0151 term\u00e9szete<\/p>\n<p>Bemutatjuk a \u201eSuper Heros Iron Hero Mechanical Iron Man\u201d nev\u0171 b\u00fcszke kollekci\u00f3nkat, amelyet nem szabad kihagyni.<\/p>\n<p>A k\u00e9preg\u00e9nyekben, filmekben \u00e9s m\u00e1s m\u00e9di\u00e1ban val\u00f3 sz\u00e1mos szerepl\u00e9se sor\u00e1n Vasember sz\u00e1mos gonosztev\u0151vel \u00e9s kih\u00edv\u00e1ssal szembes\u00fclt, bele\u00e9rtve m\u00e1s szuperhatalm\u00fa l\u00e9nyeket \u00e9s az emberis\u00e9get fenyeget\u0151 glob\u00e1lis fenyeget\u00e9seket. Gyors \u00e9szj\u00e1r\u00e1s\u00e1r\u00f3l, strat\u00e9giai elm\u00e9j\u00e9r\u0151l \u00e9s cs\u00facstechnol\u00f3gi\u00e1s k\u00fcty\u00fcir\u0151l ismert, \u00e9s gyakran a Marvel-univerzum egyik legikonikusabb \u00e9s legkedveltebb karakter\u00e9nek tartj\u00e1k.<\/p><\/div>","protected":false},"excerpt":{"rendered":"<p>M\u00e1rka: Custom<br \/>\nNem: Uniszex<br \/>\nKoroszt\u00e1ly: 8 \u00e9v felett<br \/>\nModellsz\u00e1m: 6201<br \/>\nBesorol\u00e1s: \u00d6sszeszerel\u00e9s<br \/>\nM\u0171anyag blokk forma: \u00f6nz\u00e1r\u00f3 t\u00e9gla<br \/>\nAnyaga: M\u0171anyag<br \/>\nM\u0171anyag t\u00edpus: ABS<br \/>\nT\u00e9gla T\u00e9gla: 1385 +<br \/>\nNincs doboz<\/p>","protected":false},"featured_media":41714,"comment_status":"open","ping_status":"closed","template":"","meta":{"_acf_changed":false},"product_cat":[1365,581,1408],"product_tag":[8452,1856,434,2462],"class_list":["product","first","instock","shipping-taxable","purchasable","product-type-simple"],"acf":[],"_links":{"self":[{"href":"https:\/\/mouldking.store\/hu\/wp-json\/wp\/v2\/product\/41717","targetHints":{"allow":["GET"]}}],"collection":[{"href":"https:\/\/mouldking.store\/hu\/wp-json\/wp\/v2\/product"}],"about":[{"href":"https:\/\/mouldking.store\/hu\/wp-json\/wp\/v2\/types\/product"}],"replies":[{"embeddable":true,"href":"https:\/\/mouldking.store\/hu\/wp-json\/wp\/v2\/comments?post=41717"}],"wp:featuredmedia":[{"embeddable":true,"href":"https:\/\/mouldking.store\/hu\/wp-json\/wp\/v2\/media\/41714"}],"wp:attachment":[{"href":"https:\/\/mouldking.store\/hu\/wp-json\/wp\/v2\/media?parent=41717"}],"wp:term":[{"taxonomy":"product_cat","embeddable":true,"href":"https:\/\/mouldking.store\/hu\/wp-json\/wp\/v2\/product_cat?post=41717"},{"taxonomy":"product_tag","embeddable":true,"href":"https:\/\/mouldking.store\/hu\/wp-json\/wp\/v2\/product_tag?post=41717"}],"curies":[{"name":"wp","href":"https:\/\/api.w.org\/{rel}","templated":true}]}}