{"id":41723,"date":"2023-02-15T15:13:59","date_gmt":"2023-02-15T08:13:59","guid":{"rendered":"https:\/\/mouldking.store\/shop\/sembo-601075-cherry-blossom-season-cherry-tree-with-647-pieces\/"},"modified":"2023-02-15T15:13:59","modified_gmt":"2023-02-15T08:13:59","slug":"sembo-601075-cherry-blossom-season-cherry-tree-with-647-pieces","status":"publish","type":"product","link":"https:\/\/mouldking.store\/hu\/shop\/sembo-601075-cherry-blossom-season-cherry-tree-with-647-pieces\/","title":{"rendered":"SEMBO 601075 Cseresznyevir\u00e1g szezon cseresznyefa 647 darabbal"},"content":{"rendered":"<div>\u2705 SEMBO 601075 Cherry Blossom Season Cherry Tree<\/p>\n<p>\u2705A cherry blossom tree is a type of flowering tree that is most commonly associated with Japan, but can also be found in other parts of the world. The tree produces beautiful pink or white flowers that bloom in the springtime, creating a stunning display of color.<\/p>\n<p>\ud83d\udeab FONTOS!<\/p>\n<p>Product Name: Cherry Blossom Season Cherry Tree<\/p>\n<p>Kateg\u00f3ria: Alkot\u00f3<\/p>\n<p>This Kit Contains: SEMBO 601075<\/p>\n<p>647 pcs Good Quality Bricks<\/p>\n<p>Size: 38 x 14 x 14 cm<\/p>\n<p>K\u00e9zi utas\u00edt\u00e1sok<\/p>\n<p>\ud83d\udcccA f\u0151szerepl\u0151 term\u00e9szete<\/p>\n<p>Introducing our proud collection named \u201cCherry Blossom Season Cherry Tree\u201d you should not miss.<\/p>\n<p>Cherry blossom trees are a symbol of renewal and the beauty of nature, and they are often celebrated in Japan and other cultures as a sign of the arrival of spring. The annual blooming of the cherry blossoms is a highly anticipated event, and people often gather to picnic, take photos, and simply enjoy the beauty of the trees in bloom.<\/p><\/div>","protected":false},"excerpt":{"rendered":"<p>M\u00e1rka: SEMBO<br \/>\nNem: Uniszex<br \/>\nKoroszt\u00e1ly: &gt; 6 \u00e9v<br \/>\nModel Number: 601075<br \/>\nBesorol\u00e1s: \u00d6sszeszerel\u00e9s<br \/>\nM\u0171anyag blokk forma: \u00f6nz\u00e1r\u00f3 t\u00e9gla<br \/>\nAnyaga: M\u0171anyag<br \/>\nM\u0171anyag t\u00edpus: ABS<br \/>\nBricks Blocks: 647 +<br \/>\nNincs doboz<\/p>","protected":false},"featured_media":41718,"comment_status":"open","ping_status":"closed","template":"","meta":{"_acf_changed":false},"product_cat":[1365,371],"product_tag":[7155,11310,11309,11072,8452,5983],"class_list":["product","first","instock","shipping-taxable","purchasable","product-type-simple"],"acf":[],"_links":{"self":[{"href":"https:\/\/mouldking.store\/hu\/wp-json\/wp\/v2\/product\/41723","targetHints":{"allow":["GET"]}}],"collection":[{"href":"https:\/\/mouldking.store\/hu\/wp-json\/wp\/v2\/product"}],"about":[{"href":"https:\/\/mouldking.store\/hu\/wp-json\/wp\/v2\/types\/product"}],"replies":[{"embeddable":true,"href":"https:\/\/mouldking.store\/hu\/wp-json\/wp\/v2\/comments?post=41723"}],"wp:featuredmedia":[{"embeddable":true,"href":"https:\/\/mouldking.store\/hu\/wp-json\/wp\/v2\/media\/41718"}],"wp:attachment":[{"href":"https:\/\/mouldking.store\/hu\/wp-json\/wp\/v2\/media?parent=41723"}],"wp:term":[{"taxonomy":"product_cat","embeddable":true,"href":"https:\/\/mouldking.store\/hu\/wp-json\/wp\/v2\/product_cat?post=41723"},{"taxonomy":"product_tag","embeddable":true,"href":"https:\/\/mouldking.store\/hu\/wp-json\/wp\/v2\/product_tag?post=41723"}],"curies":[{"name":"wp","href":"https:\/\/api.w.org\/{rel}","templated":true}]}}