{"id":41729,"date":"2023-02-15T15:24:25","date_gmt":"2023-02-15T08:24:25","guid":{"rendered":"https:\/\/mouldking.store\/shop\/52toys-bb-55-sigma-with-500-pieces\/"},"modified":"2023-02-15T15:24:25","modified_gmt":"2023-02-15T08:24:25","slug":"52toys-bb-55-sigma-with-500-pieces","status":"publish","type":"product","link":"https:\/\/mouldking.store\/hu\/shop\/52toys-bb-55-sigma-with-500-pieces\/","title":{"rendered":"52J\u00c1T\u00c9K BB-55 SIGMA 500 darabbal"},"content":{"rendered":"<div>\u2705 52TOYS BB-55 SIGMA<\/p>\n<p>\u2705Robot m\u00f3dban a SIGMA eleg\u00e1ns, futurisztikus diz\u00e1jnnal, csukl\u00f3s v\u00e9gtagokkal, valamint k\u00fcl\u00f6nf\u00e9le fegyverekkel \u00e9s kieg\u00e9sz\u00edt\u0151kkel rendelkezik. Amikor \u201eBeastBox\u201d m\u00f3dba alak\u00edtjuk, a SIGMA kompakt kockaform\u00e1v\u00e1 v\u00e1lik, jellegzetes \u00e1llatszer\u0171 megjelen\u00e9ssel.<\/p>\n<p>\ud83d\udeab FONTOS!<\/p>\n<p>Term\u00e9k neve: SIGMA<\/p>\n<p>Kateg\u00f3ria: Alkot\u00f3<\/p>\n<p>A k\u00e9szlet tartalma: 52 BB-55 TOYS<\/p>\n<p>500 db j\u00f3 min\u0151s\u00e9g\u0171 t\u00e9gla<\/p>\n<p>M\u00e9rete: 17 cm<\/p>\n<p>K\u00e9zi utas\u00edt\u00e1sok<\/p>\n<p>\ud83d\udcccA f\u0151szerepl\u0151 term\u00e9szete<\/p>\n<p>Bemutatjuk b\u00fcszke \u201eSIGMA\u201d kollekci\u00f3nkat, amit nem szabad kihagyni.<\/p>\n<p>Az \u00e1talak\u00edt\u00e1si folyamat okos \u00f6sszecsukhat\u00f3 \u00e9s cs\u00fasz\u00f3 mechanizmusok sorozat\u00e1n kereszt\u00fcl val\u00f3sul meg, a v\u00e9geredm\u00e9ny pedig egy rendk\u00edv\u00fcl poz\u00edcion\u00e1lhat\u00f3 \u00e9s r\u00e9szletgazdag, dekor\u00e1ci\u00f3s kockak\u00e9nt is megjelen\u00edthet\u0151 robotj\u00e1t\u00e9k. Az 52TOYS BeastBox sorozat k\u00f6vet\u0151kre tett szert a robotj\u00e1t\u00e9kok \u00e9s akci\u00f3figur\u00e1k gy\u0171jt\u0151i \u00e9s rajong\u00f3i k\u00f6r\u00e9ben, \u00e9s a SIGMA j\u00e1t\u00e9kot k\u00fcl\u00f6n\u00f6sen nagyra becs\u00fclik egyedi tervez\u00e9se \u00e9s \u00e1talak\u00edt\u00e1si k\u00e9pess\u00e9gei miatt.<\/p><\/div>","protected":false},"excerpt":{"rendered":"<p>M\u00e1rka: 52TOYS<br \/>\nNem: Uniszex<br \/>\nKoroszt\u00e1ly: &gt; 6 \u00e9v<br \/>\nModellsz\u00e1m: BB-55<br \/>\nBesorol\u00e1s: \u00d6sszeszerel\u00e9s<br \/>\nM\u0171anyag blokk forma: \u00f6nz\u00e1r\u00f3 t\u00e9gla<br \/>\nAnyaga: M\u0171anyag<br \/>\nM\u0171anyag t\u00edpus: ABS<br \/>\nT\u00e9gla T\u00e9gla: 500+<br \/>\nA darabok v\u00e1ltozhatnak<\/p>","protected":false},"featured_media":41724,"comment_status":"open","ping_status":"closed","template":"","meta":{"_acf_changed":false},"product_cat":[1365,371],"product_tag":[11110,11072,8452,590,11311],"class_list":["product","first","instock","shipping-taxable","purchasable","product-type-simple"],"acf":[],"_links":{"self":[{"href":"https:\/\/mouldking.store\/hu\/wp-json\/wp\/v2\/product\/41729","targetHints":{"allow":["GET"]}}],"collection":[{"href":"https:\/\/mouldking.store\/hu\/wp-json\/wp\/v2\/product"}],"about":[{"href":"https:\/\/mouldking.store\/hu\/wp-json\/wp\/v2\/types\/product"}],"replies":[{"embeddable":true,"href":"https:\/\/mouldking.store\/hu\/wp-json\/wp\/v2\/comments?post=41729"}],"wp:featuredmedia":[{"embeddable":true,"href":"https:\/\/mouldking.store\/hu\/wp-json\/wp\/v2\/media\/41724"}],"wp:attachment":[{"href":"https:\/\/mouldking.store\/hu\/wp-json\/wp\/v2\/media?parent=41729"}],"wp:term":[{"taxonomy":"product_cat","embeddable":true,"href":"https:\/\/mouldking.store\/hu\/wp-json\/wp\/v2\/product_cat?post=41729"},{"taxonomy":"product_tag","embeddable":true,"href":"https:\/\/mouldking.store\/hu\/wp-json\/wp\/v2\/product_tag?post=41729"}],"curies":[{"name":"wp","href":"https:\/\/api.w.org\/{rel}","templated":true}]}}