{"id":41743,"date":"2023-02-16T09:41:57","date_gmt":"2023-02-16T02:41:57","guid":{"rendered":"https:\/\/mouldking.store\/shop\/moc-factory-51547-sheriffs-office-with-1133-pieces\/"},"modified":"2025-12-16T22:25:17","modified_gmt":"2025-12-16T15:25:17","slug":"moc-factory-51547-sheriffs-office-with-1133-pieces","status":"publish","type":"product","link":"https:\/\/mouldking.store\/hu\/shop\/moc-factory-51547-sheriffs-office-with-1133-pieces\/","title":{"rendered":"MOC Factory 51547 Sheriff&#8217;s Office with 1133 Pieces"},"content":{"rendered":"<div>\u2705 MOC-51547 Sheriff&#8217;s Office<\/p>\n<p>\u2705A Sheriff&#8217;s Office is a law enforcement agency that is typically responsible for maintaining peace and order in a county or other local jurisdiction. The Sheriff&#8217;s Office is headed by a sheriff, who is usually an elected official and serves as the chief law enforcement officer for the county.<\/p>\n<p>\ud83d\udeab FONTOS!<\/p>\n<p>Product Name: Sheriff&#8217;s Office<\/p>\n<p>Kateg\u00f3ria: Modul\u00e1ris \u00e9p\u00fclet<\/p>\n<p>This Kit Contains: MOC-51547<\/p>\n<p>1133 pcs Good Quality Bricks<\/p>\n<p>PDF \u00datmutat\u00f3<\/p>\n<p>\ud83d\udcccA f\u0151szerepl\u0151 term\u00e9szete<\/p>\n<p>Introducing our proud collection named \u201cSheriff&#8217;s Office\u201d you should not miss.<\/p>\n<p>The duties of a Sheriff&#8217;s Office can vary depending on the specific jurisdiction, but typically include investigating crimes, serving warrants, maintaining order in courtrooms, overseeing the county jail, and providing general law enforcement services to the community. In addition to traditional law enforcement duties, many Sheriff&#8217;s Offices also provide additional services to their communities, such as search and rescue operations, traffic control, and community policing initiatives. Some Sheriff&#8217;s Offices also have specialized units such as SWAT teams, bomb squads, and K-9 units.<\/p><\/div>","protected":false},"excerpt":{"rendered":"<p>M\u00e1rka: MOC Factory<br \/>\nNem: Uniszex<br \/>\nKoroszt\u00e1ly: &gt; 12 \u00e9ves<br \/>\nModel Number: 51547<br \/>\nBesorol\u00e1s: \u00d6sszeszerel\u00e9s<br \/>\nM\u0171anyag blokk forma: \u00f6nz\u00e1r\u00f3 t\u00e9gla<br \/>\nAnyaga: M\u0171anyag<br \/>\nM\u0171anyag t\u00edpus: ABS<br \/>\nBricks Blocks: 1133 +<br \/>\nRendel\u00e9si id\u0151: 4-8 h\u00e9t<\/p>","protected":false},"featured_media":41739,"comment_status":"open","ping_status":"closed","template":"","meta":{"_acf_changed":false},"product_cat":[1395,390],"product_tag":[727,4883,392,11316,9100],"class_list":["product","first","instock","shipping-taxable","purchasable","product-type-simple"],"acf":[],"_links":{"self":[{"href":"https:\/\/mouldking.store\/hu\/wp-json\/wp\/v2\/product\/41743","targetHints":{"allow":["GET"]}}],"collection":[{"href":"https:\/\/mouldking.store\/hu\/wp-json\/wp\/v2\/product"}],"about":[{"href":"https:\/\/mouldking.store\/hu\/wp-json\/wp\/v2\/types\/product"}],"replies":[{"embeddable":true,"href":"https:\/\/mouldking.store\/hu\/wp-json\/wp\/v2\/comments?post=41743"}],"wp:featuredmedia":[{"embeddable":true,"href":"https:\/\/mouldking.store\/hu\/wp-json\/wp\/v2\/media\/41739"}],"wp:attachment":[{"href":"https:\/\/mouldking.store\/hu\/wp-json\/wp\/v2\/media?parent=41743"}],"wp:term":[{"taxonomy":"product_cat","embeddable":true,"href":"https:\/\/mouldking.store\/hu\/wp-json\/wp\/v2\/product_cat?post=41743"},{"taxonomy":"product_tag","embeddable":true,"href":"https:\/\/mouldking.store\/hu\/wp-json\/wp\/v2\/product_tag?post=41743"}],"curies":[{"name":"wp","href":"https:\/\/api.w.org\/{rel}","templated":true}]}}