{"id":41755,"date":"2023-02-16T10:10:36","date_gmt":"2023-02-16T03:10:36","guid":{"rendered":"https:\/\/mouldking.store\/shop\/moc-factory-58812-medieval-famous-castle-architecture-treasury-with-2482-pieces\/"},"modified":"2025-12-16T22:25:17","modified_gmt":"2025-12-16T15:25:17","slug":"moc-factory-58812-medieval-famous-castle-architecture-treasury-with-2482-pieces","status":"publish","type":"product","link":"https:\/\/mouldking.store\/hu\/shop\/moc-factory-58812-medieval-famous-castle-architecture-treasury-with-2482-pieces\/","title":{"rendered":"MOC Factory 58812 K\u00f6z\u00e9pkori h\u00edres kast\u00e9ly\u00e9p\u00edt\u00e9szeti kincst\u00e1r 2482 darabbal"},"content":{"rendered":"<div>\u2705 MOC-58812 K\u00f6z\u00e9pkori H\u00edres Kast\u00e9ly \u00c9p\u00edt\u00e9szeti Kincst\u00e1r<\/p>\n<p>\u2705A k\u00f6z\u00e9pkori kincst\u00e1r jellemz\u0151en \u00e9rt\u00e9kes t\u00e1rgyak, p\u00e9ld\u00e1ul arany- \u00e9s ez\u00fcst\u00e9rm\u00e9k, dr\u00e1gak\u00f6vek, \u00e9kszerek \u00e9s egy\u00e9b \u00e9rt\u00e9kes t\u00e1rgyak t\u00e1rol\u00e1s\u00e1ra szolg\u00e1l\u00f3 helyis\u00e9g vagy \u00e9p\u00fclet, amely a k\u00f6z\u00e9pkorban uralkod\u00f3hoz, templomhoz vagy m\u00e1s gazdag int\u00e9zm\u00e9nyhez tartozott.<\/p>\n<p>\ud83d\udeab FONTOS!<\/p>\n<p>Term\u00e9k neve: K\u00f6z\u00e9pkori H\u00edres V\u00e1r\u00e9p\u00edt\u00e9szeti Kincst\u00e1r<\/p>\n<p>Kateg\u00f3ria: Modul\u00e1ris \u00e9p\u00fclet<\/p>\n<p>A k\u00e9szlet tartalma: MOC-58812<\/p>\n<p>2482 db J\u00f3 min\u0151s\u00e9g\u0171 t\u00e9gla<\/p>\n<p>PDF \u00datmutat\u00f3<\/p>\n<p>\ud83d\udcccA f\u0151szerepl\u0151 term\u00e9szete<\/p>\n<p>Bemutatjuk b\u00fcszke kollekci\u00f3nkat, a \u201eK\u00f6z\u00e9pkori H\u00edres Kast\u00e9ly \u00c9p\u00edt\u00e9szeti Kincst\u00e1rat\u201d!<\/p>\n<p>A k\u00f6z\u00e9pkori kincst\u00e1r fel\u00e9p\u00edt\u00e9se az adott id\u0151szakt\u00f3l \u00e9s helyt\u0151l f\u00fcgg\u0151en v\u00e1ltozhat, de jellemz\u0151en vastag k\u0151falakkal, kis ablakokkal \u00e9s er\u0151s, biztons\u00e1gos ajt\u00f3val rendelkezik, amely megakad\u00e1lyozza a lop\u00e1st. A helyis\u00e9g egy kast\u00e9lyban, palot\u00e1ban vagy katedr\u00e1lisban tal\u00e1lhat\u00f3, \u00e9s fegyveres \u0151r\u00f6k vagy lovagok er\u0151sen \u0151rizt\u00e9k volna. Bel\u00fcl a k\u00f6z\u00e9pkori kincst\u00e1rat l\u00e1d\u00e1kkal, szekr\u00e9nyekkel \u00e9s polcokkal rendezt\u00e9k volna be a k\u00fcl\u00f6nf\u00e9le \u00e9rt\u00e9kek t\u00e1rol\u00e1s\u00e1ra. A szoba gyeng\u00e9n volt megvil\u00e1g\u00edtva, n\u00e9h\u00e1ny pisl\u00e1kol\u00f3 f\u00e1klya vagy olajl\u00e1mpa f\u00e9nyt szolg\u00e1ltatott volna, a leveg\u0151 pedig neh\u00e9z lett volna a f\u00fcst\u00f6l\u0151 \u00e9s a gyertyaviasz illat\u00e1t\u00f3l.<\/p><\/div>","protected":false},"excerpt":{"rendered":"<p>M\u00e1rka: MOC Factory<br \/>\nNem: Uniszex<br \/>\nKoroszt\u00e1ly: &gt; 12 \u00e9ves<br \/>\nModellsz\u00e1m: 58812<br \/>\nBesorol\u00e1s: \u00d6sszeszerel\u00e9s<br \/>\nM\u0171anyag blokk forma: \u00f6nz\u00e1r\u00f3 t\u00e9gla<br \/>\nAnyaga: M\u0171anyag<br \/>\nM\u0171anyag t\u00edpus: ABS<br \/>\nT\u00e9gla T\u00e9gla: 2482 +<br \/>\nRendel\u00e9si id\u0151: 4-8 h\u00e9t<\/p>","protected":false},"featured_media":41753,"comment_status":"open","ping_status":"closed","template":"","meta":{"_acf_changed":false},"product_cat":[1395,390],"product_tag":[11260,787,4883,11318,4996,392],"class_list":["product","first","instock","shipping-taxable","purchasable","product-type-simple"],"acf":[],"_links":{"self":[{"href":"https:\/\/mouldking.store\/hu\/wp-json\/wp\/v2\/product\/41755","targetHints":{"allow":["GET"]}}],"collection":[{"href":"https:\/\/mouldking.store\/hu\/wp-json\/wp\/v2\/product"}],"about":[{"href":"https:\/\/mouldking.store\/hu\/wp-json\/wp\/v2\/types\/product"}],"replies":[{"embeddable":true,"href":"https:\/\/mouldking.store\/hu\/wp-json\/wp\/v2\/comments?post=41755"}],"wp:featuredmedia":[{"embeddable":true,"href":"https:\/\/mouldking.store\/hu\/wp-json\/wp\/v2\/media\/41753"}],"wp:attachment":[{"href":"https:\/\/mouldking.store\/hu\/wp-json\/wp\/v2\/media?parent=41755"}],"wp:term":[{"taxonomy":"product_cat","embeddable":true,"href":"https:\/\/mouldking.store\/hu\/wp-json\/wp\/v2\/product_cat?post=41755"},{"taxonomy":"product_tag","embeddable":true,"href":"https:\/\/mouldking.store\/hu\/wp-json\/wp\/v2\/product_tag?post=41755"}],"curies":[{"name":"wp","href":"https:\/\/api.w.org\/{rel}","templated":true}]}}