{"id":41770,"date":"2023-02-16T10:52:49","date_gmt":"2023-02-16T03:52:49","guid":{"rendered":"https:\/\/mouldking.store\/shop\/panlosbrick-659009-multifunctional-rescue-team-urban-engineering-team-with-611-pieces\/"},"modified":"2023-02-16T10:52:49","modified_gmt":"2023-02-16T03:52:49","slug":"panlosbrick-659009-multifunctional-rescue-team-urban-engineering-team-with-611-pieces","status":"publish","type":"product","link":"https:\/\/mouldking.store\/hu\/shop\/panlosbrick-659009-multifunctional-rescue-team-urban-engineering-team-with-611-pieces\/","title":{"rendered":"PANLOSBRICK 659009 t\u00f6bbfunkci\u00f3s ment\u0151csapat: v\u00e1rosm\u00e9rn\u00f6ki csapat 611 darabbal"},"content":{"rendered":"<div>\u2705 Panlos 659009 Multifunctional Rescue Team: Urban Engineering Team<\/p>\n<p>\u2705Multifunctional Rescue Team: Urban Engineering Team is a building block set that belongs to the City series of building block sets designed for children. The set contains 611 building block particles, which can be used to construct a variety of vehicles and structures related to urban engineering and rescue operations.<\/p>\n<p>\ud83d\udeab FONTOS!<\/p>\n<p>Product Name: Multifunctional Rescue Team: Urban Engineering Team<\/p>\n<p>Kateg\u00f3ria: M\u0171szaki<\/p>\n<p>This Kit Contains: Panlos 659009<\/p>\n<p>611&nbsp; pcs Good Quality Bricks<\/p>\n<p>Size: 22 \u00d7 5 \u00d7 8 cm<\/p>\n<p>K\u00e9zi utas\u00edt\u00e1sok<\/p>\n<p>\ud83d\udcccA f\u0151szerepl\u0151 term\u00e9szete<\/p>\n<p>Introducing our proud collection named \u201cMultifunctional Rescue Team: Urban Engineering Team\u201d you should not miss.<\/p>\n<p>Multifunctional Rescue Team: Urban Engineering Team is a building block set that allows children to construct vehicles and structures related to urban rescue and construction and engage in imaginative play scenarios related to urban engineering and rescue operations. The set encourages creativity, problem-solving, and fine motor skills development, while also promoting an interest in urban engineering and rescue operations.<\/p><\/div>","protected":false},"excerpt":{"rendered":"<p>M\u00e1rka: PANLOSBRICK<br \/>\nNem: Uniszex<br \/>\nKoroszt\u00e1ly: &gt; 6 \u00e9v<br \/>\nModel Number: 659009<br \/>\nBesorol\u00e1s: \u00d6sszeszerel\u00e9s<br \/>\nM\u0171anyag blokk forma: \u00f6nz\u00e1r\u00f3 t\u00e9gla<br \/>\nAnyaga: M\u0171anyag<br \/>\nM\u0171anyag t\u00edpus: ABS<br \/>\nBricks Blocks: 611 +<br \/>\nEl\u0151v\u00e9tel<\/p>","protected":false},"featured_media":41768,"comment_status":"open","ping_status":"closed","template":"","meta":{"_acf_changed":false},"product_cat":[1365,1357,371,364],"product_tag":[11072,8452,11140,11147,8493,11321,389,8697],"class_list":["product","first","instock","shipping-taxable","purchasable","product-type-simple"],"acf":[],"_links":{"self":[{"href":"https:\/\/mouldking.store\/hu\/wp-json\/wp\/v2\/product\/41770","targetHints":{"allow":["GET"]}}],"collection":[{"href":"https:\/\/mouldking.store\/hu\/wp-json\/wp\/v2\/product"}],"about":[{"href":"https:\/\/mouldking.store\/hu\/wp-json\/wp\/v2\/types\/product"}],"replies":[{"embeddable":true,"href":"https:\/\/mouldking.store\/hu\/wp-json\/wp\/v2\/comments?post=41770"}],"wp:featuredmedia":[{"embeddable":true,"href":"https:\/\/mouldking.store\/hu\/wp-json\/wp\/v2\/media\/41768"}],"wp:attachment":[{"href":"https:\/\/mouldking.store\/hu\/wp-json\/wp\/v2\/media?parent=41770"}],"wp:term":[{"taxonomy":"product_cat","embeddable":true,"href":"https:\/\/mouldking.store\/hu\/wp-json\/wp\/v2\/product_cat?post=41770"},{"taxonomy":"product_tag","embeddable":true,"href":"https:\/\/mouldking.store\/hu\/wp-json\/wp\/v2\/product_tag?post=41770"}],"curies":[{"name":"wp","href":"https:\/\/api.w.org\/{rel}","templated":true}]}}